{"id":3010718,"date":"2025-05-10T13:58:23","date_gmt":"2025-05-10T13:58:23","guid":{"rendered":"https:\/\/mijntheben.snelprint.be\/product\/sul-180-a-2\/"},"modified":"2025-10-06T20:09:36","modified_gmt":"2025-10-06T20:09:36","slug":"sul-180-a-2","status":"publish","type":"product","link":"https:\/\/mijntheben.snelprint.be\/fr\/product\/sul-180-a-2\/","title":{"rendered":"SUL 180 a"},"content":{"rendered":"<h2 class=\"heading heading--3 heading--blue\">Description de l&#8217;emploi<\/h2>\n<ul class=\"list list--pointer\">\n<li>Horloge analogique<\/li>\n<li>1 canal<\/li>\n<li>Programme de la journ\u00e9e<\/li>\n<li>Avec r\u00e9serve de marche<\/li>\n<li>96 segments de liaison<\/li>\n<li>Contr\u00f4l\u00e9 par quartz<\/li>\n<li>Temps de commutation le plus court : 15 minutes<\/li>\n<li>Bornes \u00e0 vis<\/li>\n<li>Interrupteur manuel \u00e0 3 positions : Continuellement ON\/AUTO\/Continuellement OFF<\/li>\n<\/ul>\n<h2 class=\"heading heading--3 heading--blue\">Sp\u00e9cifications techniques<\/h2>\n<table class=\"dtable dtable--nosort\">\n<thead><\/thead>\n<tbody>\n<tr>\n<td>Tension de fonctionnement<\/td>\n<td>230 &#8211; 240 V AC<\/td>\n<\/tr>\n<tr>\n<td>Fr\u00e9quence<\/td>\n<td>50 &#8211; 60 Hz<\/td>\n<\/tr>\n<tr>\n<td>Nombre de canaux<\/td>\n<td>1<\/td>\n<\/tr>\n<tr>\n<td>Largeur<\/td>\n<td>1 TE<\/td>\n<\/tr>\n<tr>\n<td>Type de montage<\/td>\n<td>Rail DIN<\/td>\n<\/tr>\n<tr>\n<td>Type de connexion<\/td>\n<td>Bornes \u00e0 vis<\/td>\n<\/tr>\n<tr>\n<td>Entra\u00eenement<\/td>\n<td>Moteur pas \u00e0 pas command\u00e9 par Quarts<\/td>\n<\/tr>\n<tr>\n<td>Programme de la journ\u00e9e<\/td>\n<td>Programme de la journ\u00e9e<\/td>\n<\/tr>\n<tr>\n<td>R\u00e9serve de marche<\/td>\n<td>3 jours<\/td>\n<\/tr>\n<tr>\n<td>Pouvoir de coupure \u00e0 250 V AC, cos \u03c6 = 1<\/td>\n<td>16 A<\/td>\n<\/tr>\n<tr>\n<td>Pouvoir de coupure \u00e0 250 V AC, cos \u03c6 = 0,6<\/td>\n<td>4 A<\/td>\n<\/tr>\n<tr>\n<td>Charge de la lampe incandescente\/halog\u00e8ne<\/td>\n<td>1000 W<\/td>\n<\/tr>\n<tr>\n<td>Lampes \u00e0 \u00e9conomie d&rsquo;\u00e9nergie<\/td>\n<td>150 W<\/td>\n<\/tr>\n<tr>\n<td>LED &lt; 2 W<\/td>\n<td>30 W<\/td>\n<\/tr>\n<tr>\n<td>LED 2-8 W<\/td>\n<td>300 W<\/td>\n<\/tr>\n<tr>\n<td>LED &gt; 8 W<\/td>\n<td>300 W<\/td>\n<\/tr>\n<tr>\n<td>Temps de commutation le plus court<\/td>\n<td>15 minutes<\/td>\n<\/tr>\n<tr>\n<td>Programmable toutes les<\/td>\n<td>15 min<\/td>\n<\/tr>\n<tr>\n<td>Pr\u00e9cision du d\u00e9bit \u00e0 25 \u00b0C<\/td>\n<td>\u2264 \u00b1 1 s\/jour (Quarts)<\/td>\n<\/tr>\n<tr>\n<td>Type de contact<\/td>\n<td>\u00c9tablir le contact<\/td>\n<\/tr>\n<tr>\n<td>Sortie de commutation<\/td>\n<td>Sans potentiel<\/td>\n<\/tr>\n<tr>\n<td>Nombre de segments de liaison<\/td>\n<td>96<\/td>\n<\/tr>\n<tr>\n<td>Consommation en veille<\/td>\n<td>~0,5 W<\/td>\n<\/tr>\n<tr>\n<td>Perte de puissance max.<\/td>\n<td>0,7 W<\/td>\n<\/tr>\n<tr>\n<td>Label de qualit\u00e9<\/td>\n<td>VDE<\/td>\n<\/tr>\n<tr>\n<td>Mat\u00e9riau du bo\u00eetier et de l&rsquo;isolation<\/td>\n<td>Thermoplastiques autoextinguibles et r\u00e9sistants aux hautes temp\u00e9ratures<\/td>\n<\/tr>\n<tr>\n<td>Degr\u00e9 de protection<\/td>\n<td>IP 20<\/td>\n<\/tr>\n<tr>\n<td>Classe de protection<\/td>\n<td>II selon EN 60 730-1<\/td>\n<\/tr>\n<tr>\n<td>Temp\u00e9rature ambiante<\/td>\n<td>-10\u00b0C &#8230; 50\u00b0C<\/td>\n<\/tr>\n<\/tbody>\n<\/table>\n","protected":false},"excerpt":{"rendered":"<h2 class=\"heading heading--3 heading--blue\">Description de l&#8217;emploi<\/h2>\n<ul class=\"list list--pointer\">\n<li>Horloge analogique<\/li>\n<li>1 canal<\/li>\n<li>Programme de la journ\u00e9e<\/li>\n<li>Avec r\u00e9serve de marche<\/li>\n<li>96 segments de liaison<\/li>\n<li>Contr\u00f4l\u00e9 par quartz<\/li>\n<li>Temps de commutation le plus court : 15 minutes<\/li>\n<li>Bornes \u00e0 vis<\/li>\n<li>Interrupteur manuel \u00e0 3 positions : Continuellement ON\/AUTO\/Continuellement OFF<\/li>\n<\/ul>\n<h2 class=\"heading heading--3 heading--blue\">Sp\u00e9cifications techniques<\/h2>\n<table class=\"dtable dtable--nosort\">\n<thead><\/thead>\n<tbody>\n<tr>\n<td>Tension de fonctionnement<\/td>\n<td>230 &#8211; 240 V AC<\/td>\n<\/tr>\n<tr>\n<td>Fr\u00e9quence<\/td>\n<td>50 &#8211; 60 Hz<\/td>\n<\/tr>\n<tr>\n<td>Nombre de canaux<\/td>\n<td>1<\/td>\n<\/tr>\n<tr>\n<td>Largeur<\/td>\n<td>1 TE<\/td>\n<\/tr>\n<tr>\n<td>Type de montage<\/td>\n<td>Rail DIN<\/td>\n<\/tr>\n<tr>\n<td>Type de connexion<\/td>\n<td>Bornes \u00e0 vis<\/td>\n<\/tr>\n<tr>\n<td>Entra\u00eenement<\/td>\n<td>Moteur pas \u00e0 pas command\u00e9 par Quarts<\/td>\n<\/tr>\n<tr>\n<td>Programme de la journ\u00e9e<\/td>\n<td>Programme de la journ\u00e9e<\/td>\n<\/tr>\n<tr>\n<td>R\u00e9serve de marche<\/td>\n<td>3 jours<\/td>\n<\/tr>\n<tr>\n<td>Pouvoir de coupure \u00e0 250 V AC, cos \u03c6 = 1<\/td>\n<td>16 A<\/td>\n<\/tr>\n<tr>\n<td>Pouvoir de coupure \u00e0 250 V AC, cos \u03c6 = 0,6<\/td>\n<td>4 A<\/td>\n<\/tr>\n<tr>\n<td>Charge de la lampe incandescente\/halog\u00e8ne<\/td>\n<td>1000 W<\/td>\n<\/tr>\n<tr>\n<td>Lampes \u00e0 \u00e9conomie d&rsquo;\u00e9nergie<\/td>\n<td>150 W<\/td>\n<\/tr>\n<tr>\n<td>LED &lt; 2 W<\/td>\n<td>30 W<\/td>\n<\/tr>\n<tr>\n<td>LED 2-8 W<\/td>\n<td>300 W<\/td>\n<\/tr>\n<tr>\n<td>LED &gt; 8 W<\/td>\n<td>300 W<\/td>\n<\/tr>\n<tr>\n<td>Temps de commutation le plus court<\/td>\n<td>15 minutes<\/td>\n<\/tr>\n<tr>\n<td>Programmable toutes les<\/td>\n<td>15 min<\/td>\n<\/tr>\n<tr>\n<td>Pr\u00e9cision du d\u00e9bit \u00e0 25 \u00b0C<\/td>\n<td>\u2264 \u00b1 1 s\/jour (Quarts)<\/td>\n<\/tr>\n<tr>\n<td>Type de contact<\/td>\n<td>\u00c9tablir le contact<\/td>\n<\/tr>\n<tr>\n<td>Sortie de commutation<\/td>\n<td>Sans potentiel<\/td>\n<\/tr>\n<tr>\n<td>Nombre de segments de liaison<\/td>\n<td>96<\/td>\n<\/tr>\n<tr>\n<td>Consommation en veille<\/td>\n<td>~0,5 W<\/td>\n<\/tr>\n<tr>\n<td>Perte de puissance max.<\/td>\n<td>0,7 W<\/td>\n<\/tr>\n<tr>\n<td>Label de qualit\u00e9<\/td>\n<td>VDE<\/td>\n<\/tr>\n<tr>\n<td>Mat\u00e9riau du bo\u00eetier et de l&rsquo;isolation<\/td>\n<td>Thermoplastiques autoextinguibles et r\u00e9sistants aux hautes temp\u00e9ratures<\/td>\n<\/tr>\n<tr>\n<td>Degr\u00e9 de protection<\/td>\n<td>IP 20<\/td>\n<\/tr>\n<tr>\n<td>Classe de protection<\/td>\n<td>II selon EN 60 730-1<\/td>\n<\/tr>\n<tr>\n<td>Temp\u00e9rature ambiante<\/td>\n<td>-10\u00b0C &#8230; 50\u00b0C<\/td>\n<\/tr>\n<\/tbody>\n<\/table>\n","protected":false},"featured_media":3010716,"template":"","meta":[],"product_brand":[],"product_cat":[112],"product_tag":[96],"class_list":{"0":"post-3010718","1":"product","2":"type-product","3":"status-publish","4":"has-post-thumbnail","6":"product_cat-non-classe","7":"product_tag-theben-fr","9":"first","10":"instock","11":"taxable","12":"shipping-taxable","13":"purchasable","14":"product-type-simple"},"yoast_head":"<!-- This site is optimized with the Yoast SEO plugin v27.3 - https:\/\/yoast.com\/product\/yoast-seo-wordpress\/ -->\n<title>SUL 180 a - MijnTheben<\/title>\n<meta name=\"robots\" content=\"index, follow, max-snippet:-1, max-image-preview:large, max-video-preview:-1\" \/>\n<link rel=\"canonical\" href=\"https:\/\/mijntheben.snelprint.be\/fr\/product\/sul-180-a-2\/\" \/>\n<meta property=\"og:locale\" content=\"fr_FR\" \/>\n<meta property=\"og:type\" content=\"article\" \/>\n<meta property=\"og:title\" content=\"SUL 180 a - MijnTheben\" \/>\n<meta property=\"og:description\" content=\"Description de l&#039;emploi  Horloge analogique  1 canal  Programme de la journ\u00e9e  Avec r\u00e9serve de marche  96 segments de liaison  Contr\u00f4l\u00e9 par quartz  Temps de commutation le plus court : 15 minutes  Bornes \u00e0 vis  Interrupteur manuel \u00e0 3 positions : Continuellement ON\/AUTO\/Continuellement OFF Sp\u00e9cifications techniques   Tension de fonctionnement 230 - 240 V AC  Fr\u00e9quence 50 - 60 Hz  Nombre de canaux 1  Largeur 1 TE  Type de montage Rail DIN  Type de connexion Bornes \u00e0 vis  Entra\u00eenement Moteur pas \u00e0 pas command\u00e9 par Quarts  Programme de la journ\u00e9e Programme de la journ\u00e9e  R\u00e9serve de marche 3 jours  Pouvoir de coupure \u00e0 250 V AC, cos \u03c6 = 1 16 A  Pouvoir de coupure \u00e0 250 V AC, cos \u03c6 = 0,6 4 A  Charge de la lampe incandescente\/halog\u00e8ne 1000 W  Lampes \u00e0 \u00e9conomie d&#039;\u00e9nergie 150 W  LED &lt; 2 W 30 W  LED 2-8 W 300 W  LED &gt; 8 W 300 W  Temps de commutation le plus court 15 minutes  Programmable toutes les 15 min  Pr\u00e9cision du d\u00e9bit \u00e0 25 \u00b0C \u2264 \u00b1 1 s\/jour (Quarts)  Type de contact \u00c9tablir le contact  Sortie de commutation Sans potentiel  Nombre de segments de liaison 96  Consommation en veille ~0,5 W  Perte de puissance max. 0,7 W  Label de qualit\u00e9 VDE  Mat\u00e9riau du bo\u00eetier et de l&#039;isolation Thermoplastiques autoextinguibles et r\u00e9sistants aux hautes temp\u00e9ratures  Degr\u00e9 de protection IP 20  Classe de protection II selon EN 60 730-1  Temp\u00e9rature ambiante -10\u00b0C ... 50\u00b0C\" \/>\n<meta property=\"og:url\" content=\"https:\/\/mijntheben.snelprint.be\/fr\/product\/sul-180-a-2\/\" \/>\n<meta property=\"og:site_name\" content=\"MijnTheben\" \/>\n<meta property=\"article:modified_time\" content=\"2025-10-06T20:09:36+00:00\" \/>\n<meta property=\"og:image\" content=\"https:\/\/mijntheben.snelprint.be\/wp-content\/uploads\/2025\/05\/SUL-180-a-Theben-1.jpg\" \/>\n\t<meta property=\"og:image:width\" content=\"1000\" \/>\n\t<meta property=\"og:image:height\" content=\"1000\" \/>\n\t<meta property=\"og:image:type\" content=\"image\/jpeg\" \/>\n<meta name=\"twitter:card\" content=\"summary_large_image\" \/>\n<meta name=\"twitter:label1\" content=\"Dur\u00e9e de lecture estim\u00e9e\" \/>\n\t<meta name=\"twitter:data1\" content=\"1 minute\" \/>\n<script type=\"application\/ld+json\" class=\"yoast-schema-graph\">{\"@context\":\"https:\\\/\\\/schema.org\",\"@graph\":[{\"@type\":\"WebPage\",\"@id\":\"https:\\\/\\\/mijntheben.snelprint.be\\\/fr\\\/product\\\/sul-180-a-2\\\/\",\"url\":\"https:\\\/\\\/mijntheben.snelprint.be\\\/fr\\\/product\\\/sul-180-a-2\\\/\",\"name\":\"SUL 180 a - MijnTheben\",\"isPartOf\":{\"@id\":\"https:\\\/\\\/mijntheben.snelprint.be\\\/#website\"},\"primaryImageOfPage\":{\"@id\":\"https:\\\/\\\/mijntheben.snelprint.be\\\/fr\\\/product\\\/sul-180-a-2\\\/#primaryimage\"},\"image\":{\"@id\":\"https:\\\/\\\/mijntheben.snelprint.be\\\/fr\\\/product\\\/sul-180-a-2\\\/#primaryimage\"},\"thumbnailUrl\":\"https:\\\/\\\/mijntheben.snelprint.be\\\/wp-content\\\/uploads\\\/2025\\\/05\\\/SUL-180-a-Theben-1.jpg\",\"datePublished\":\"2025-05-10T13:58:23+00:00\",\"dateModified\":\"2025-10-06T20:09:36+00:00\",\"breadcrumb\":{\"@id\":\"https:\\\/\\\/mijntheben.snelprint.be\\\/fr\\\/product\\\/sul-180-a-2\\\/#breadcrumb\"},\"inLanguage\":\"fr-FR\",\"potentialAction\":[{\"@type\":\"ReadAction\",\"target\":[\"https:\\\/\\\/mijntheben.snelprint.be\\\/fr\\\/product\\\/sul-180-a-2\\\/\"]}]},{\"@type\":\"ImageObject\",\"inLanguage\":\"fr-FR\",\"@id\":\"https:\\\/\\\/mijntheben.snelprint.be\\\/fr\\\/product\\\/sul-180-a-2\\\/#primaryimage\",\"url\":\"https:\\\/\\\/mijntheben.snelprint.be\\\/wp-content\\\/uploads\\\/2025\\\/05\\\/SUL-180-a-Theben-1.jpg\",\"contentUrl\":\"https:\\\/\\\/mijntheben.snelprint.be\\\/wp-content\\\/uploads\\\/2025\\\/05\\\/SUL-180-a-Theben-1.jpg\",\"width\":1000,\"height\":1000},{\"@type\":\"BreadcrumbList\",\"@id\":\"https:\\\/\\\/mijntheben.snelprint.be\\\/fr\\\/product\\\/sul-180-a-2\\\/#breadcrumb\",\"itemListElement\":[{\"@type\":\"ListItem\",\"position\":1,\"name\":\"Home\",\"item\":\"https:\\\/\\\/mijntheben.snelprint.be\\\/fr\\\/\"},{\"@type\":\"ListItem\",\"position\":2,\"name\":\"Shop\",\"item\":\"https:\\\/\\\/mijntheben.snelprint.be\\\/fr\\\/boutique\\\/\"},{\"@type\":\"ListItem\",\"position\":3,\"name\":\"SUL 180 a\"}]},{\"@type\":\"WebSite\",\"@id\":\"https:\\\/\\\/mijntheben.snelprint.be\\\/#website\",\"url\":\"https:\\\/\\\/mijntheben.snelprint.be\\\/\",\"name\":\"MijnTheben\",\"description\":\"Onafhankelijke Theben webshop\",\"publisher\":{\"@id\":\"https:\\\/\\\/mijntheben.snelprint.be\\\/#organization\"},\"potentialAction\":[{\"@type\":\"SearchAction\",\"target\":{\"@type\":\"EntryPoint\",\"urlTemplate\":\"https:\\\/\\\/mijntheben.snelprint.be\\\/?s={search_term_string}\"},\"query-input\":{\"@type\":\"PropertyValueSpecification\",\"valueRequired\":true,\"valueName\":\"search_term_string\"}}],\"inLanguage\":\"fr-FR\"},{\"@type\":\"Organization\",\"@id\":\"https:\\\/\\\/mijntheben.snelprint.be\\\/#organization\",\"name\":\"MijnTheben | Theben producten online kopen\",\"url\":\"https:\\\/\\\/mijntheben.snelprint.be\\\/\",\"logo\":{\"@type\":\"ImageObject\",\"inLanguage\":\"fr-FR\",\"@id\":\"https:\\\/\\\/mijntheben.snelprint.be\\\/#\\\/schema\\\/logo\\\/image\\\/\",\"url\":\"https:\\\/\\\/mijntheben.snelprint.be\\\/wp-content\\\/uploads\\\/2025\\\/01\\\/logo-1.png\",\"contentUrl\":\"https:\\\/\\\/mijntheben.snelprint.be\\\/wp-content\\\/uploads\\\/2025\\\/01\\\/logo-1.png\",\"width\":405,\"height\":87,\"caption\":\"MijnTheben | Theben producten online kopen\"},\"image\":{\"@id\":\"https:\\\/\\\/mijntheben.snelprint.be\\\/#\\\/schema\\\/logo\\\/image\\\/\"}}]}<\/script>\n<!-- \/ Yoast SEO plugin. -->","yoast_head_json":{"title":"SUL 180 a - MijnTheben","robots":{"index":"index","follow":"follow","max-snippet":"max-snippet:-1","max-image-preview":"max-image-preview:large","max-video-preview":"max-video-preview:-1"},"canonical":"https:\/\/mijntheben.snelprint.be\/fr\/product\/sul-180-a-2\/","og_locale":"fr_FR","og_type":"article","og_title":"SUL 180 a - MijnTheben","og_description":"Description de l'emploi  Horloge analogique  1 canal  Programme de la journ\u00e9e  Avec r\u00e9serve de marche  96 segments de liaison  Contr\u00f4l\u00e9 par quartz  Temps de commutation le plus court : 15 minutes  Bornes \u00e0 vis  Interrupteur manuel \u00e0 3 positions : Continuellement ON\/AUTO\/Continuellement OFF Sp\u00e9cifications techniques   Tension de fonctionnement 230 - 240 V AC  Fr\u00e9quence 50 - 60 Hz  Nombre de canaux 1  Largeur 1 TE  Type de montage Rail DIN  Type de connexion Bornes \u00e0 vis  Entra\u00eenement Moteur pas \u00e0 pas command\u00e9 par Quarts  Programme de la journ\u00e9e Programme de la journ\u00e9e  R\u00e9serve de marche 3 jours  Pouvoir de coupure \u00e0 250 V AC, cos \u03c6 = 1 16 A  Pouvoir de coupure \u00e0 250 V AC, cos \u03c6 = 0,6 4 A  Charge de la lampe incandescente\/halog\u00e8ne 1000 W  Lampes \u00e0 \u00e9conomie d'\u00e9nergie 150 W  LED &lt; 2 W 30 W  LED 2-8 W 300 W  LED &gt; 8 W 300 W  Temps de commutation le plus court 15 minutes  Programmable toutes les 15 min  Pr\u00e9cision du d\u00e9bit \u00e0 25 \u00b0C \u2264 \u00b1 1 s\/jour (Quarts)  Type de contact \u00c9tablir le contact  Sortie de commutation Sans potentiel  Nombre de segments de liaison 96  Consommation en veille ~0,5 W  Perte de puissance max. 0,7 W  Label de qualit\u00e9 VDE  Mat\u00e9riau du bo\u00eetier et de l'isolation Thermoplastiques autoextinguibles et r\u00e9sistants aux hautes temp\u00e9ratures  Degr\u00e9 de protection IP 20  Classe de protection II selon EN 60 730-1  Temp\u00e9rature ambiante -10\u00b0C ... 50\u00b0C","og_url":"https:\/\/mijntheben.snelprint.be\/fr\/product\/sul-180-a-2\/","og_site_name":"MijnTheben","article_modified_time":"2025-10-06T20:09:36+00:00","og_image":[{"width":1000,"height":1000,"url":"https:\/\/mijntheben.snelprint.be\/wp-content\/uploads\/2025\/05\/SUL-180-a-Theben-1.jpg","type":"image\/jpeg"}],"twitter_card":"summary_large_image","twitter_misc":{"Dur\u00e9e de lecture estim\u00e9e":"1 minute"},"schema":{"@context":"https:\/\/schema.org","@graph":[{"@type":"WebPage","@id":"https:\/\/mijntheben.snelprint.be\/fr\/product\/sul-180-a-2\/","url":"https:\/\/mijntheben.snelprint.be\/fr\/product\/sul-180-a-2\/","name":"SUL 180 a - MijnTheben","isPartOf":{"@id":"https:\/\/mijntheben.snelprint.be\/#website"},"primaryImageOfPage":{"@id":"https:\/\/mijntheben.snelprint.be\/fr\/product\/sul-180-a-2\/#primaryimage"},"image":{"@id":"https:\/\/mijntheben.snelprint.be\/fr\/product\/sul-180-a-2\/#primaryimage"},"thumbnailUrl":"https:\/\/mijntheben.snelprint.be\/wp-content\/uploads\/2025\/05\/SUL-180-a-Theben-1.jpg","datePublished":"2025-05-10T13:58:23+00:00","dateModified":"2025-10-06T20:09:36+00:00","breadcrumb":{"@id":"https:\/\/mijntheben.snelprint.be\/fr\/product\/sul-180-a-2\/#breadcrumb"},"inLanguage":"fr-FR","potentialAction":[{"@type":"ReadAction","target":["https:\/\/mijntheben.snelprint.be\/fr\/product\/sul-180-a-2\/"]}]},{"@type":"ImageObject","inLanguage":"fr-FR","@id":"https:\/\/mijntheben.snelprint.be\/fr\/product\/sul-180-a-2\/#primaryimage","url":"https:\/\/mijntheben.snelprint.be\/wp-content\/uploads\/2025\/05\/SUL-180-a-Theben-1.jpg","contentUrl":"https:\/\/mijntheben.snelprint.be\/wp-content\/uploads\/2025\/05\/SUL-180-a-Theben-1.jpg","width":1000,"height":1000},{"@type":"BreadcrumbList","@id":"https:\/\/mijntheben.snelprint.be\/fr\/product\/sul-180-a-2\/#breadcrumb","itemListElement":[{"@type":"ListItem","position":1,"name":"Home","item":"https:\/\/mijntheben.snelprint.be\/fr\/"},{"@type":"ListItem","position":2,"name":"Shop","item":"https:\/\/mijntheben.snelprint.be\/fr\/boutique\/"},{"@type":"ListItem","position":3,"name":"SUL 180 a"}]},{"@type":"WebSite","@id":"https:\/\/mijntheben.snelprint.be\/#website","url":"https:\/\/mijntheben.snelprint.be\/","name":"MijnTheben","description":"Onafhankelijke Theben webshop","publisher":{"@id":"https:\/\/mijntheben.snelprint.be\/#organization"},"potentialAction":[{"@type":"SearchAction","target":{"@type":"EntryPoint","urlTemplate":"https:\/\/mijntheben.snelprint.be\/?s={search_term_string}"},"query-input":{"@type":"PropertyValueSpecification","valueRequired":true,"valueName":"search_term_string"}}],"inLanguage":"fr-FR"},{"@type":"Organization","@id":"https:\/\/mijntheben.snelprint.be\/#organization","name":"MijnTheben | Theben producten online kopen","url":"https:\/\/mijntheben.snelprint.be\/","logo":{"@type":"ImageObject","inLanguage":"fr-FR","@id":"https:\/\/mijntheben.snelprint.be\/#\/schema\/logo\/image\/","url":"https:\/\/mijntheben.snelprint.be\/wp-content\/uploads\/2025\/01\/logo-1.png","contentUrl":"https:\/\/mijntheben.snelprint.be\/wp-content\/uploads\/2025\/01\/logo-1.png","width":405,"height":87,"caption":"MijnTheben | Theben producten online kopen"},"image":{"@id":"https:\/\/mijntheben.snelprint.be\/#\/schema\/logo\/image\/"}}]}},"_links":{"self":[{"href":"https:\/\/mijntheben.snelprint.be\/fr\/wp-json\/wp\/v2\/product\/3010718","targetHints":{"allow":["GET"]}}],"collection":[{"href":"https:\/\/mijntheben.snelprint.be\/fr\/wp-json\/wp\/v2\/product"}],"about":[{"href":"https:\/\/mijntheben.snelprint.be\/fr\/wp-json\/wp\/v2\/types\/product"}],"wp:featuredmedia":[{"embeddable":true,"href":"https:\/\/mijntheben.snelprint.be\/fr\/wp-json\/wp\/v2\/media\/3010716"}],"wp:attachment":[{"href":"https:\/\/mijntheben.snelprint.be\/fr\/wp-json\/wp\/v2\/media?parent=3010718"}],"wp:term":[{"taxonomy":"product_brand","embeddable":true,"href":"https:\/\/mijntheben.snelprint.be\/fr\/wp-json\/wp\/v2\/product_brand?post=3010718"},{"taxonomy":"product_cat","embeddable":true,"href":"https:\/\/mijntheben.snelprint.be\/fr\/wp-json\/wp\/v2\/product_cat?post=3010718"},{"taxonomy":"product_tag","embeddable":true,"href":"https:\/\/mijntheben.snelprint.be\/fr\/wp-json\/wp\/v2\/product_tag?post=3010718"}],"curies":[{"name":"wp","href":"https:\/\/api.w.org\/{rel}","templated":true}]}}