{"id":3010726,"date":"2025-04-08T19:14:19","date_gmt":"2025-04-08T19:14:19","guid":{"rendered":"https:\/\/mijntheben.snelprint.be\/product\/thermostat-numerique-ramses-831-top-2\/"},"modified":"2025-10-06T19:54:33","modified_gmt":"2025-10-06T19:54:33","slug":"thermostat-numerique-ramses-831-top-2","status":"publish","type":"product","link":"https:\/\/mijntheben.snelprint.be\/fr\/product\/thermostat-numerique-ramses-831-top-2\/","title":{"rendered":"Ramses 831 top 2"},"content":{"rendered":"<p>Thermostat digital &#8211; Ramses 831 top 2 &#8211; Theben<\/p>\n<ul>\n<li>Thermostat \u00e0 horloge num\u00e9rique pour la surveillance et le contr\u00f4le de la temp\u00e9rature ambiante en fonction du temps<\/li>\n<li>Version de la batterie<\/li>\n<li>Convient \u00e0 la r\u00e9gulation \u00e9conome en \u00e9nergie de la temp\u00e9rature ambiante dans les maisons individuelles, les appartements, le chauffage de zone, les bureaux et les magasins, les ateliers,<\/li>\n<li>chambres d&rsquo;entra\u00eenement et maisons de vacances<\/li>\n<li>Affichage \u00e9clair\u00e9 lors de l&rsquo;actionnement de la touche<\/li>\n<li>Entr\u00e9e externe pour le raccordement d&rsquo;un d\u00e9tecteur de pr\u00e9sence, d&rsquo;un capteur de temp\u00e9rature, d&rsquo;un capteur de sol, d&rsquo;un contact de fen\u00eatre ou d&rsquo;une t\u00e9l\u00e9commande t\u00e9l\u00e9phonique<\/li>\n<li>Fonction d&rsquo;optimisation pour la correction automatique du point d&rsquo;enclenchement du chauffage<\/li>\n<li>R\u00e9glage rapide de la temp\u00e9rature \u00e0 l&rsquo;aide du bouton rotatif<\/li>\n<li>Bouton INFO pour consulter les param\u00e8tres importants<\/li>\n<li>Mise en service rapide gr\u00e2ce \u00e0 3 programmes de base avec des temp\u00e9ratures de confort et de r\u00e9duction r\u00e9glables individuellement<\/li>\n<li>Programme du parti\/ECO<\/li>\n<\/ul>\n<p><a href=\"https:\/\/www.theben-nederland.nl\/ocsmedia\/optimized\/full\/o19146v78%20RAMSES%20831%20top2%20-%20Infosheet%20.pdf\">Informations techniques Ramses 831<\/a><\/p>\n","protected":false},"excerpt":{"rendered":"<p>Thermostat digital &#8211; Ramses 831 top 2 &#8211; Theben<\/p>\n","protected":false},"featured_media":3010724,"template":"","meta":[],"product_brand":[],"product_cat":[112],"product_tag":[96],"class_list":{"0":"post-3010726","1":"product","2":"type-product","3":"status-publish","4":"has-post-thumbnail","6":"product_cat-non-classe","7":"product_tag-theben-fr","9":"first","10":"instock","11":"taxable","12":"shipping-taxable","13":"purchasable","14":"product-type-simple"},"yoast_head":"<!-- This site is optimized with the Yoast SEO plugin v27.3 - https:\/\/yoast.com\/product\/yoast-seo-wordpress\/ -->\n<title>Ramses 831 top 2 - MijnTheben<\/title>\n<meta name=\"robots\" content=\"index, follow, max-snippet:-1, max-image-preview:large, max-video-preview:-1\" \/>\n<link rel=\"canonical\" href=\"https:\/\/mijntheben.snelprint.be\/fr\/product\/thermostat-numerique-ramses-831-top-2\/\" \/>\n<meta property=\"og:locale\" content=\"fr_FR\" \/>\n<meta property=\"og:type\" content=\"article\" \/>\n<meta property=\"og:title\" content=\"Ramses 831 top 2 - MijnTheben\" \/>\n<meta property=\"og:description\" content=\"Thermostat digital - Ramses 831 top 2 - Theben\" \/>\n<meta property=\"og:url\" content=\"https:\/\/mijntheben.snelprint.be\/fr\/product\/thermostat-numerique-ramses-831-top-2\/\" \/>\n<meta property=\"og:site_name\" content=\"MijnTheben\" \/>\n<meta property=\"article:modified_time\" content=\"2025-10-06T19:54:33+00:00\" \/>\n<meta property=\"og:image\" content=\"https:\/\/mijntheben.snelprint.be\/wp-content\/uploads\/2025\/05\/Ramses_831_top2_Theben-300x300-1.webp\" \/>\n\t<meta property=\"og:image:width\" content=\"300\" \/>\n\t<meta property=\"og:image:height\" content=\"300\" \/>\n\t<meta property=\"og:image:type\" content=\"image\/webp\" \/>\n<meta name=\"twitter:card\" content=\"summary_large_image\" \/>\n<meta name=\"twitter:label1\" content=\"Dur\u00e9e de lecture estim\u00e9e\" \/>\n\t<meta name=\"twitter:data1\" content=\"1 minute\" \/>\n<script type=\"application\/ld+json\" class=\"yoast-schema-graph\">{\"@context\":\"https:\\\/\\\/schema.org\",\"@graph\":[{\"@type\":\"WebPage\",\"@id\":\"https:\\\/\\\/mijntheben.snelprint.be\\\/fr\\\/product\\\/thermostat-numerique-ramses-831-top-2\\\/\",\"url\":\"https:\\\/\\\/mijntheben.snelprint.be\\\/fr\\\/product\\\/thermostat-numerique-ramses-831-top-2\\\/\",\"name\":\"Ramses 831 top 2 - MijnTheben\",\"isPartOf\":{\"@id\":\"https:\\\/\\\/mijntheben.snelprint.be\\\/#website\"},\"primaryImageOfPage\":{\"@id\":\"https:\\\/\\\/mijntheben.snelprint.be\\\/fr\\\/product\\\/thermostat-numerique-ramses-831-top-2\\\/#primaryimage\"},\"image\":{\"@id\":\"https:\\\/\\\/mijntheben.snelprint.be\\\/fr\\\/product\\\/thermostat-numerique-ramses-831-top-2\\\/#primaryimage\"},\"thumbnailUrl\":\"https:\\\/\\\/mijntheben.snelprint.be\\\/wp-content\\\/uploads\\\/2025\\\/05\\\/Ramses_831_top2_Theben-300x300-1.webp\",\"datePublished\":\"2025-04-08T19:14:19+00:00\",\"dateModified\":\"2025-10-06T19:54:33+00:00\",\"breadcrumb\":{\"@id\":\"https:\\\/\\\/mijntheben.snelprint.be\\\/fr\\\/product\\\/thermostat-numerique-ramses-831-top-2\\\/#breadcrumb\"},\"inLanguage\":\"fr-FR\",\"potentialAction\":[{\"@type\":\"ReadAction\",\"target\":[\"https:\\\/\\\/mijntheben.snelprint.be\\\/fr\\\/product\\\/thermostat-numerique-ramses-831-top-2\\\/\"]}]},{\"@type\":\"ImageObject\",\"inLanguage\":\"fr-FR\",\"@id\":\"https:\\\/\\\/mijntheben.snelprint.be\\\/fr\\\/product\\\/thermostat-numerique-ramses-831-top-2\\\/#primaryimage\",\"url\":\"https:\\\/\\\/mijntheben.snelprint.be\\\/wp-content\\\/uploads\\\/2025\\\/05\\\/Ramses_831_top2_Theben-300x300-1.webp\",\"contentUrl\":\"https:\\\/\\\/mijntheben.snelprint.be\\\/wp-content\\\/uploads\\\/2025\\\/05\\\/Ramses_831_top2_Theben-300x300-1.webp\",\"width\":300,\"height\":300},{\"@type\":\"BreadcrumbList\",\"@id\":\"https:\\\/\\\/mijntheben.snelprint.be\\\/fr\\\/product\\\/thermostat-numerique-ramses-831-top-2\\\/#breadcrumb\",\"itemListElement\":[{\"@type\":\"ListItem\",\"position\":1,\"name\":\"Home\",\"item\":\"https:\\\/\\\/mijntheben.snelprint.be\\\/fr\\\/\"},{\"@type\":\"ListItem\",\"position\":2,\"name\":\"Shop\",\"item\":\"https:\\\/\\\/mijntheben.snelprint.be\\\/fr\\\/boutique\\\/\"},{\"@type\":\"ListItem\",\"position\":3,\"name\":\"Ramses 831 top 2\"}]},{\"@type\":\"WebSite\",\"@id\":\"https:\\\/\\\/mijntheben.snelprint.be\\\/#website\",\"url\":\"https:\\\/\\\/mijntheben.snelprint.be\\\/\",\"name\":\"MijnTheben\",\"description\":\"Onafhankelijke Theben webshop\",\"publisher\":{\"@id\":\"https:\\\/\\\/mijntheben.snelprint.be\\\/#organization\"},\"potentialAction\":[{\"@type\":\"SearchAction\",\"target\":{\"@type\":\"EntryPoint\",\"urlTemplate\":\"https:\\\/\\\/mijntheben.snelprint.be\\\/?s={search_term_string}\"},\"query-input\":{\"@type\":\"PropertyValueSpecification\",\"valueRequired\":true,\"valueName\":\"search_term_string\"}}],\"inLanguage\":\"fr-FR\"},{\"@type\":\"Organization\",\"@id\":\"https:\\\/\\\/mijntheben.snelprint.be\\\/#organization\",\"name\":\"MijnTheben | Theben producten online kopen\",\"url\":\"https:\\\/\\\/mijntheben.snelprint.be\\\/\",\"logo\":{\"@type\":\"ImageObject\",\"inLanguage\":\"fr-FR\",\"@id\":\"https:\\\/\\\/mijntheben.snelprint.be\\\/#\\\/schema\\\/logo\\\/image\\\/\",\"url\":\"https:\\\/\\\/mijntheben.snelprint.be\\\/wp-content\\\/uploads\\\/2025\\\/01\\\/logo-1.png\",\"contentUrl\":\"https:\\\/\\\/mijntheben.snelprint.be\\\/wp-content\\\/uploads\\\/2025\\\/01\\\/logo-1.png\",\"width\":405,\"height\":87,\"caption\":\"MijnTheben | Theben producten online kopen\"},\"image\":{\"@id\":\"https:\\\/\\\/mijntheben.snelprint.be\\\/#\\\/schema\\\/logo\\\/image\\\/\"}}]}<\/script>\n<!-- \/ Yoast SEO plugin. -->","yoast_head_json":{"title":"Ramses 831 top 2 - MijnTheben","robots":{"index":"index","follow":"follow","max-snippet":"max-snippet:-1","max-image-preview":"max-image-preview:large","max-video-preview":"max-video-preview:-1"},"canonical":"https:\/\/mijntheben.snelprint.be\/fr\/product\/thermostat-numerique-ramses-831-top-2\/","og_locale":"fr_FR","og_type":"article","og_title":"Ramses 831 top 2 - MijnTheben","og_description":"Thermostat digital - Ramses 831 top 2 - Theben","og_url":"https:\/\/mijntheben.snelprint.be\/fr\/product\/thermostat-numerique-ramses-831-top-2\/","og_site_name":"MijnTheben","article_modified_time":"2025-10-06T19:54:33+00:00","og_image":[{"width":300,"height":300,"url":"https:\/\/mijntheben.snelprint.be\/wp-content\/uploads\/2025\/05\/Ramses_831_top2_Theben-300x300-1.webp","type":"image\/webp"}],"twitter_card":"summary_large_image","twitter_misc":{"Dur\u00e9e de lecture estim\u00e9e":"1 minute"},"schema":{"@context":"https:\/\/schema.org","@graph":[{"@type":"WebPage","@id":"https:\/\/mijntheben.snelprint.be\/fr\/product\/thermostat-numerique-ramses-831-top-2\/","url":"https:\/\/mijntheben.snelprint.be\/fr\/product\/thermostat-numerique-ramses-831-top-2\/","name":"Ramses 831 top 2 - MijnTheben","isPartOf":{"@id":"https:\/\/mijntheben.snelprint.be\/#website"},"primaryImageOfPage":{"@id":"https:\/\/mijntheben.snelprint.be\/fr\/product\/thermostat-numerique-ramses-831-top-2\/#primaryimage"},"image":{"@id":"https:\/\/mijntheben.snelprint.be\/fr\/product\/thermostat-numerique-ramses-831-top-2\/#primaryimage"},"thumbnailUrl":"https:\/\/mijntheben.snelprint.be\/wp-content\/uploads\/2025\/05\/Ramses_831_top2_Theben-300x300-1.webp","datePublished":"2025-04-08T19:14:19+00:00","dateModified":"2025-10-06T19:54:33+00:00","breadcrumb":{"@id":"https:\/\/mijntheben.snelprint.be\/fr\/product\/thermostat-numerique-ramses-831-top-2\/#breadcrumb"},"inLanguage":"fr-FR","potentialAction":[{"@type":"ReadAction","target":["https:\/\/mijntheben.snelprint.be\/fr\/product\/thermostat-numerique-ramses-831-top-2\/"]}]},{"@type":"ImageObject","inLanguage":"fr-FR","@id":"https:\/\/mijntheben.snelprint.be\/fr\/product\/thermostat-numerique-ramses-831-top-2\/#primaryimage","url":"https:\/\/mijntheben.snelprint.be\/wp-content\/uploads\/2025\/05\/Ramses_831_top2_Theben-300x300-1.webp","contentUrl":"https:\/\/mijntheben.snelprint.be\/wp-content\/uploads\/2025\/05\/Ramses_831_top2_Theben-300x300-1.webp","width":300,"height":300},{"@type":"BreadcrumbList","@id":"https:\/\/mijntheben.snelprint.be\/fr\/product\/thermostat-numerique-ramses-831-top-2\/#breadcrumb","itemListElement":[{"@type":"ListItem","position":1,"name":"Home","item":"https:\/\/mijntheben.snelprint.be\/fr\/"},{"@type":"ListItem","position":2,"name":"Shop","item":"https:\/\/mijntheben.snelprint.be\/fr\/boutique\/"},{"@type":"ListItem","position":3,"name":"Ramses 831 top 2"}]},{"@type":"WebSite","@id":"https:\/\/mijntheben.snelprint.be\/#website","url":"https:\/\/mijntheben.snelprint.be\/","name":"MijnTheben","description":"Onafhankelijke Theben webshop","publisher":{"@id":"https:\/\/mijntheben.snelprint.be\/#organization"},"potentialAction":[{"@type":"SearchAction","target":{"@type":"EntryPoint","urlTemplate":"https:\/\/mijntheben.snelprint.be\/?s={search_term_string}"},"query-input":{"@type":"PropertyValueSpecification","valueRequired":true,"valueName":"search_term_string"}}],"inLanguage":"fr-FR"},{"@type":"Organization","@id":"https:\/\/mijntheben.snelprint.be\/#organization","name":"MijnTheben | Theben producten online kopen","url":"https:\/\/mijntheben.snelprint.be\/","logo":{"@type":"ImageObject","inLanguage":"fr-FR","@id":"https:\/\/mijntheben.snelprint.be\/#\/schema\/logo\/image\/","url":"https:\/\/mijntheben.snelprint.be\/wp-content\/uploads\/2025\/01\/logo-1.png","contentUrl":"https:\/\/mijntheben.snelprint.be\/wp-content\/uploads\/2025\/01\/logo-1.png","width":405,"height":87,"caption":"MijnTheben | Theben producten online kopen"},"image":{"@id":"https:\/\/mijntheben.snelprint.be\/#\/schema\/logo\/image\/"}}]}},"_links":{"self":[{"href":"https:\/\/mijntheben.snelprint.be\/fr\/wp-json\/wp\/v2\/product\/3010726","targetHints":{"allow":["GET"]}}],"collection":[{"href":"https:\/\/mijntheben.snelprint.be\/fr\/wp-json\/wp\/v2\/product"}],"about":[{"href":"https:\/\/mijntheben.snelprint.be\/fr\/wp-json\/wp\/v2\/types\/product"}],"wp:featuredmedia":[{"embeddable":true,"href":"https:\/\/mijntheben.snelprint.be\/fr\/wp-json\/wp\/v2\/media\/3010724"}],"wp:attachment":[{"href":"https:\/\/mijntheben.snelprint.be\/fr\/wp-json\/wp\/v2\/media?parent=3010726"}],"wp:term":[{"taxonomy":"product_brand","embeddable":true,"href":"https:\/\/mijntheben.snelprint.be\/fr\/wp-json\/wp\/v2\/product_brand?post=3010726"},{"taxonomy":"product_cat","embeddable":true,"href":"https:\/\/mijntheben.snelprint.be\/fr\/wp-json\/wp\/v2\/product_cat?post=3010726"},{"taxonomy":"product_tag","embeddable":true,"href":"https:\/\/mijntheben.snelprint.be\/fr\/wp-json\/wp\/v2\/product_tag?post=3010726"}],"curies":[{"name":"wp","href":"https:\/\/api.w.org\/{rel}","templated":true}]}}