{"id":3010732,"date":"2025-04-08T19:14:18","date_gmt":"2025-04-08T19:14:18","guid":{"rendered":"https:\/\/mijntheben.snelprint.be\/product\/thermostat-analogique-ramses-784\/"},"modified":"2025-10-06T19:54:48","modified_gmt":"2025-10-06T19:54:48","slug":"thermostat-analogique-ramses-784","status":"publish","type":"product","link":"https:\/\/mijntheben.snelprint.be\/fr\/product\/thermostat-analogique-ramses-784\/","title":{"rendered":"Rams\u00e8s 784"},"content":{"rendered":"<p>Thermostat analogique &#8211; Ramses 784 &#8211; Theben<\/p>\n<ul>\n<li>Thermostat \u00e0 horloge analogique pour la surveillance et la r\u00e9gulation de la temp\u00e9rature ambiante en fonction du temps<\/li>\n<li>Contr\u00f4le \u00e9lectronique de la temp\u00e9rature<\/li>\n<li>Temp\u00e9rature de confort et temp\u00e9rature r\u00e9duite r\u00e9glables s\u00e9par\u00e9ment<\/li>\n<li>Horloge \u00e0 quartz<\/li>\n<li>Point d&rsquo;\u00e9talonnage et retour d&rsquo;information \u00e9lectronique r\u00e9glables par l&rsquo;avant<\/li>\n<li>Commutateur de parti et affichage du programme<\/li>\n<li>S\u00e9lecteur de mode de fonctionnement : temp\u00e9rature r\u00e9duite continue, temp\u00e9rature de confort continue, fonctionnement automatique, protection contre le gel +6\u00b0C<\/li>\n<li>Indication de l&rsquo;\u00e9tat de la batterie par le clignotement de la diode \u00e9lectroluminescente<\/li>\n<li>Fonction de protection contre la pollution et les pompes (activable)<\/li>\n<\/ul>\n<p><a href=\"https:\/\/www.theben-nederland.nl\/ocsmedia\/optimized\/full\/o18888v78%20RAMSES%20784%20-%20Infosheet%20.pdf\">Informations techniques Ramses 784<\/a><\/p>\n","protected":false},"excerpt":{"rendered":"<p>Thermostat analogique &#8211; Ramses 784 &#8211; Theben<\/p>\n","protected":false},"featured_media":3010730,"template":"","meta":[],"product_brand":[],"product_cat":[112],"product_tag":[96],"class_list":{"0":"post-3010732","1":"product","2":"type-product","3":"status-publish","4":"has-post-thumbnail","6":"product_cat-non-classe","7":"product_tag-theben-fr","9":"first","10":"instock","11":"taxable","12":"shipping-taxable","13":"purchasable","14":"product-type-simple"},"yoast_head":"<!-- This site is optimized with the Yoast SEO plugin v27.3 - https:\/\/yoast.com\/product\/yoast-seo-wordpress\/ -->\n<title>Rams\u00e8s 784 - MijnTheben<\/title>\n<meta name=\"robots\" content=\"index, follow, max-snippet:-1, max-image-preview:large, max-video-preview:-1\" \/>\n<link rel=\"canonical\" href=\"https:\/\/mijntheben.snelprint.be\/fr\/product\/thermostat-analogique-ramses-784\/\" \/>\n<meta property=\"og:locale\" content=\"fr_FR\" \/>\n<meta property=\"og:type\" content=\"article\" \/>\n<meta property=\"og:title\" content=\"Rams\u00e8s 784 - MijnTheben\" \/>\n<meta property=\"og:description\" content=\"Thermostat analogique - Ramses 784 - Theben\" \/>\n<meta property=\"og:url\" content=\"https:\/\/mijntheben.snelprint.be\/fr\/product\/thermostat-analogique-ramses-784\/\" \/>\n<meta property=\"og:site_name\" content=\"MijnTheben\" \/>\n<meta property=\"article:modified_time\" content=\"2025-10-06T19:54:48+00:00\" \/>\n<meta property=\"og:image\" content=\"https:\/\/mijntheben.snelprint.be\/wp-content\/uploads\/2025\/05\/Ramses_784_Theben-300x300-1.webp\" \/>\n\t<meta property=\"og:image:width\" content=\"300\" \/>\n\t<meta property=\"og:image:height\" content=\"300\" \/>\n\t<meta property=\"og:image:type\" content=\"image\/webp\" \/>\n<meta name=\"twitter:card\" content=\"summary_large_image\" \/>\n<meta name=\"twitter:label1\" content=\"Dur\u00e9e de lecture estim\u00e9e\" \/>\n\t<meta name=\"twitter:data1\" content=\"1 minute\" \/>\n<script type=\"application\/ld+json\" class=\"yoast-schema-graph\">{\"@context\":\"https:\\\/\\\/schema.org\",\"@graph\":[{\"@type\":\"WebPage\",\"@id\":\"https:\\\/\\\/mijntheben.snelprint.be\\\/fr\\\/product\\\/thermostat-analogique-ramses-784\\\/\",\"url\":\"https:\\\/\\\/mijntheben.snelprint.be\\\/fr\\\/product\\\/thermostat-analogique-ramses-784\\\/\",\"name\":\"Rams\u00e8s 784 - MijnTheben\",\"isPartOf\":{\"@id\":\"https:\\\/\\\/mijntheben.snelprint.be\\\/#website\"},\"primaryImageOfPage\":{\"@id\":\"https:\\\/\\\/mijntheben.snelprint.be\\\/fr\\\/product\\\/thermostat-analogique-ramses-784\\\/#primaryimage\"},\"image\":{\"@id\":\"https:\\\/\\\/mijntheben.snelprint.be\\\/fr\\\/product\\\/thermostat-analogique-ramses-784\\\/#primaryimage\"},\"thumbnailUrl\":\"https:\\\/\\\/mijntheben.snelprint.be\\\/wp-content\\\/uploads\\\/2025\\\/05\\\/Ramses_784_Theben-300x300-1.webp\",\"datePublished\":\"2025-04-08T19:14:18+00:00\",\"dateModified\":\"2025-10-06T19:54:48+00:00\",\"breadcrumb\":{\"@id\":\"https:\\\/\\\/mijntheben.snelprint.be\\\/fr\\\/product\\\/thermostat-analogique-ramses-784\\\/#breadcrumb\"},\"inLanguage\":\"fr-FR\",\"potentialAction\":[{\"@type\":\"ReadAction\",\"target\":[\"https:\\\/\\\/mijntheben.snelprint.be\\\/fr\\\/product\\\/thermostat-analogique-ramses-784\\\/\"]}]},{\"@type\":\"ImageObject\",\"inLanguage\":\"fr-FR\",\"@id\":\"https:\\\/\\\/mijntheben.snelprint.be\\\/fr\\\/product\\\/thermostat-analogique-ramses-784\\\/#primaryimage\",\"url\":\"https:\\\/\\\/mijntheben.snelprint.be\\\/wp-content\\\/uploads\\\/2025\\\/05\\\/Ramses_784_Theben-300x300-1.webp\",\"contentUrl\":\"https:\\\/\\\/mijntheben.snelprint.be\\\/wp-content\\\/uploads\\\/2025\\\/05\\\/Ramses_784_Theben-300x300-1.webp\",\"width\":300,\"height\":300},{\"@type\":\"BreadcrumbList\",\"@id\":\"https:\\\/\\\/mijntheben.snelprint.be\\\/fr\\\/product\\\/thermostat-analogique-ramses-784\\\/#breadcrumb\",\"itemListElement\":[{\"@type\":\"ListItem\",\"position\":1,\"name\":\"Home\",\"item\":\"https:\\\/\\\/mijntheben.snelprint.be\\\/fr\\\/\"},{\"@type\":\"ListItem\",\"position\":2,\"name\":\"Shop\",\"item\":\"https:\\\/\\\/mijntheben.snelprint.be\\\/fr\\\/boutique\\\/\"},{\"@type\":\"ListItem\",\"position\":3,\"name\":\"Rams\u00e8s 784\"}]},{\"@type\":\"WebSite\",\"@id\":\"https:\\\/\\\/mijntheben.snelprint.be\\\/#website\",\"url\":\"https:\\\/\\\/mijntheben.snelprint.be\\\/\",\"name\":\"MijnTheben\",\"description\":\"Onafhankelijke Theben webshop\",\"publisher\":{\"@id\":\"https:\\\/\\\/mijntheben.snelprint.be\\\/#organization\"},\"potentialAction\":[{\"@type\":\"SearchAction\",\"target\":{\"@type\":\"EntryPoint\",\"urlTemplate\":\"https:\\\/\\\/mijntheben.snelprint.be\\\/?s={search_term_string}\"},\"query-input\":{\"@type\":\"PropertyValueSpecification\",\"valueRequired\":true,\"valueName\":\"search_term_string\"}}],\"inLanguage\":\"fr-FR\"},{\"@type\":\"Organization\",\"@id\":\"https:\\\/\\\/mijntheben.snelprint.be\\\/#organization\",\"name\":\"MijnTheben | Theben producten online kopen\",\"url\":\"https:\\\/\\\/mijntheben.snelprint.be\\\/\",\"logo\":{\"@type\":\"ImageObject\",\"inLanguage\":\"fr-FR\",\"@id\":\"https:\\\/\\\/mijntheben.snelprint.be\\\/#\\\/schema\\\/logo\\\/image\\\/\",\"url\":\"https:\\\/\\\/mijntheben.snelprint.be\\\/wp-content\\\/uploads\\\/2025\\\/01\\\/logo-1.png\",\"contentUrl\":\"https:\\\/\\\/mijntheben.snelprint.be\\\/wp-content\\\/uploads\\\/2025\\\/01\\\/logo-1.png\",\"width\":405,\"height\":87,\"caption\":\"MijnTheben | Theben producten online kopen\"},\"image\":{\"@id\":\"https:\\\/\\\/mijntheben.snelprint.be\\\/#\\\/schema\\\/logo\\\/image\\\/\"}}]}<\/script>\n<!-- \/ Yoast SEO plugin. -->","yoast_head_json":{"title":"Rams\u00e8s 784 - MijnTheben","robots":{"index":"index","follow":"follow","max-snippet":"max-snippet:-1","max-image-preview":"max-image-preview:large","max-video-preview":"max-video-preview:-1"},"canonical":"https:\/\/mijntheben.snelprint.be\/fr\/product\/thermostat-analogique-ramses-784\/","og_locale":"fr_FR","og_type":"article","og_title":"Rams\u00e8s 784 - MijnTheben","og_description":"Thermostat analogique - Ramses 784 - Theben","og_url":"https:\/\/mijntheben.snelprint.be\/fr\/product\/thermostat-analogique-ramses-784\/","og_site_name":"MijnTheben","article_modified_time":"2025-10-06T19:54:48+00:00","og_image":[{"width":300,"height":300,"url":"https:\/\/mijntheben.snelprint.be\/wp-content\/uploads\/2025\/05\/Ramses_784_Theben-300x300-1.webp","type":"image\/webp"}],"twitter_card":"summary_large_image","twitter_misc":{"Dur\u00e9e de lecture estim\u00e9e":"1 minute"},"schema":{"@context":"https:\/\/schema.org","@graph":[{"@type":"WebPage","@id":"https:\/\/mijntheben.snelprint.be\/fr\/product\/thermostat-analogique-ramses-784\/","url":"https:\/\/mijntheben.snelprint.be\/fr\/product\/thermostat-analogique-ramses-784\/","name":"Rams\u00e8s 784 - MijnTheben","isPartOf":{"@id":"https:\/\/mijntheben.snelprint.be\/#website"},"primaryImageOfPage":{"@id":"https:\/\/mijntheben.snelprint.be\/fr\/product\/thermostat-analogique-ramses-784\/#primaryimage"},"image":{"@id":"https:\/\/mijntheben.snelprint.be\/fr\/product\/thermostat-analogique-ramses-784\/#primaryimage"},"thumbnailUrl":"https:\/\/mijntheben.snelprint.be\/wp-content\/uploads\/2025\/05\/Ramses_784_Theben-300x300-1.webp","datePublished":"2025-04-08T19:14:18+00:00","dateModified":"2025-10-06T19:54:48+00:00","breadcrumb":{"@id":"https:\/\/mijntheben.snelprint.be\/fr\/product\/thermostat-analogique-ramses-784\/#breadcrumb"},"inLanguage":"fr-FR","potentialAction":[{"@type":"ReadAction","target":["https:\/\/mijntheben.snelprint.be\/fr\/product\/thermostat-analogique-ramses-784\/"]}]},{"@type":"ImageObject","inLanguage":"fr-FR","@id":"https:\/\/mijntheben.snelprint.be\/fr\/product\/thermostat-analogique-ramses-784\/#primaryimage","url":"https:\/\/mijntheben.snelprint.be\/wp-content\/uploads\/2025\/05\/Ramses_784_Theben-300x300-1.webp","contentUrl":"https:\/\/mijntheben.snelprint.be\/wp-content\/uploads\/2025\/05\/Ramses_784_Theben-300x300-1.webp","width":300,"height":300},{"@type":"BreadcrumbList","@id":"https:\/\/mijntheben.snelprint.be\/fr\/product\/thermostat-analogique-ramses-784\/#breadcrumb","itemListElement":[{"@type":"ListItem","position":1,"name":"Home","item":"https:\/\/mijntheben.snelprint.be\/fr\/"},{"@type":"ListItem","position":2,"name":"Shop","item":"https:\/\/mijntheben.snelprint.be\/fr\/boutique\/"},{"@type":"ListItem","position":3,"name":"Rams\u00e8s 784"}]},{"@type":"WebSite","@id":"https:\/\/mijntheben.snelprint.be\/#website","url":"https:\/\/mijntheben.snelprint.be\/","name":"MijnTheben","description":"Onafhankelijke Theben webshop","publisher":{"@id":"https:\/\/mijntheben.snelprint.be\/#organization"},"potentialAction":[{"@type":"SearchAction","target":{"@type":"EntryPoint","urlTemplate":"https:\/\/mijntheben.snelprint.be\/?s={search_term_string}"},"query-input":{"@type":"PropertyValueSpecification","valueRequired":true,"valueName":"search_term_string"}}],"inLanguage":"fr-FR"},{"@type":"Organization","@id":"https:\/\/mijntheben.snelprint.be\/#organization","name":"MijnTheben | Theben producten online kopen","url":"https:\/\/mijntheben.snelprint.be\/","logo":{"@type":"ImageObject","inLanguage":"fr-FR","@id":"https:\/\/mijntheben.snelprint.be\/#\/schema\/logo\/image\/","url":"https:\/\/mijntheben.snelprint.be\/wp-content\/uploads\/2025\/01\/logo-1.png","contentUrl":"https:\/\/mijntheben.snelprint.be\/wp-content\/uploads\/2025\/01\/logo-1.png","width":405,"height":87,"caption":"MijnTheben | Theben producten online kopen"},"image":{"@id":"https:\/\/mijntheben.snelprint.be\/#\/schema\/logo\/image\/"}}]}},"_links":{"self":[{"href":"https:\/\/mijntheben.snelprint.be\/fr\/wp-json\/wp\/v2\/product\/3010732","targetHints":{"allow":["GET"]}}],"collection":[{"href":"https:\/\/mijntheben.snelprint.be\/fr\/wp-json\/wp\/v2\/product"}],"about":[{"href":"https:\/\/mijntheben.snelprint.be\/fr\/wp-json\/wp\/v2\/types\/product"}],"wp:featuredmedia":[{"embeddable":true,"href":"https:\/\/mijntheben.snelprint.be\/fr\/wp-json\/wp\/v2\/media\/3010730"}],"wp:attachment":[{"href":"https:\/\/mijntheben.snelprint.be\/fr\/wp-json\/wp\/v2\/media?parent=3010732"}],"wp:term":[{"taxonomy":"product_brand","embeddable":true,"href":"https:\/\/mijntheben.snelprint.be\/fr\/wp-json\/wp\/v2\/product_brand?post=3010732"},{"taxonomy":"product_cat","embeddable":true,"href":"https:\/\/mijntheben.snelprint.be\/fr\/wp-json\/wp\/v2\/product_cat?post=3010732"},{"taxonomy":"product_tag","embeddable":true,"href":"https:\/\/mijntheben.snelprint.be\/fr\/wp-json\/wp\/v2\/product_tag?post=3010732"}],"curies":[{"name":"wp","href":"https:\/\/api.w.org\/{rel}","templated":true}]}}