{"id":3010756,"date":"2025-04-08T19:14:17","date_gmt":"2025-04-08T19:14:17","guid":{"rendered":"https:\/\/mijntheben.snelprint.be\/product\/spot-a-led-theleda-p12-l-wh\/"},"modified":"2025-10-06T19:54:46","modified_gmt":"2025-10-06T19:54:46","slug":"spot-a-led-theleda-p12-l-wh","status":"publish","type":"product","link":"https:\/\/mijntheben.snelprint.be\/fr\/product\/spot-a-led-theleda-p12-l-wh\/","title":{"rendered":"TheLeda P12 L WH"},"content":{"rendered":"<p>Le spot LED Leda P12L WH est destin\u00e9 \u00e0 l&rsquo;\u00e9clairage ext\u00e9rieur des h\u00f4tels, des maisons individuelles et des b\u00e2timents \u00e0 usage commercial, etc.<\/p>\n<p>Le spot LED se caract\u00e9rise par un excellent rendement lumineux et un effet d&rsquo;aura unique. Gr\u00e2ce \u00e0 la conception sp\u00e9ciale du panneau LED et au diffuseur high-tech, la lumi\u00e8re est \u00e9galement \u00e9mise sur le c\u00f4t\u00e9, \u00e9clairant ainsi les environs imm\u00e9diats du mur. Le panneau LED pivote de 35\u00b0 vers la gauche ou la droite et de 60\u00b0 vers l&rsquo;avant. La rotation de 180\u00b0 du panneau lumineux (avant le montage) par rapport au mur de la maison est id\u00e9ale pour l&rsquo;\u00e9clairage de la fa\u00e7ade.   <\/p>\n<ul>\n<li>Lumi\u00e8re rayonnante sans \u00e9blouissement avec effet d&rsquo;aura<\/li>\n<li>Classe d&rsquo;efficacit\u00e9 \u00e9nerg\u00e9tique A+<\/li>\n<li>Panneau lumineux rotatif et pivotant<\/li>\n<li>Pour l&rsquo;ext\u00e9rieur, solution rapide pour \u00e9clairer les entr\u00e9es, les maisons individuelles, les fa\u00e7ades d&rsquo;immeubles, les entr\u00e9es d&rsquo;h\u00f4tels, etc.<\/li>\n<li>Installation facile et rapide gr\u00e2ce \u00e0 la base enfichable et au bornier spacieux<\/li>\n<li>Cadre d&rsquo;\u00e9cartement fourni pour le passage des c\u00e2bles lat\u00e9raux, sup\u00e9rieurs ou inf\u00e9rieurs<\/li>\n<li>Adaptateur pour montage en angle int\u00e9rieur ou ext\u00e9rieur, en option<\/li>\n<li>Commutation en parall\u00e8le de jusqu&rsquo;\u00e0 10 projecteurs LED ma\u00eetre\/esclave.<\/li>\n<\/ul>\n<h3>DONN\u00c9ES TECHNIQUES<\/h3>\n<p>Tension de fonctionnement : 230 V AC \u00b1 10 % 50 \u00e0 60 Hz<br \/>\nConsommation en veille : 0,4 W<br \/>\nPuissance des LED : 11 W, 900 lm<br \/>\nMontage mural, hauteur de montage de 1,8 \u00e0 2,5 m<br \/>\nTemp\u00e9rature de couleur : 4000 K<br \/>\nPlage de temp\u00e9rature de -25 \u00e0 +45 \u00b0C<br \/>\nClasse de protection : II selon la norme EN 60598-1<br \/>\nDegr\u00e9 de protection IP55<br \/>\nFinition blanche.<\/p>\n<p><a href=\"https:\/\/www.tempolec.com\/nl\/produit\/2011\/led-straler-theleda-p12l-wh\">Informations techniques TheLeda P12 L WH<\/a><\/p>\n","protected":false},"excerpt":{"rendered":"<p>Le projecteur LED | theLeda P12L WH | Theben<\/p>\n","protected":false},"featured_media":3010754,"template":"","meta":[],"product_brand":[],"product_cat":[112],"product_tag":[96],"class_list":{"0":"post-3010756","1":"product","2":"type-product","3":"status-publish","4":"has-post-thumbnail","6":"product_cat-non-classe","7":"product_tag-theben-fr","9":"first","10":"instock","11":"taxable","12":"shipping-taxable","13":"purchasable","14":"product-type-simple"},"yoast_head":"<!-- This site is optimized with the Yoast SEO plugin v27.4 - https:\/\/yoast.com\/product\/yoast-seo-wordpress\/ -->\n<title>TheLeda P12 L WH - MijnTheben<\/title>\n<meta name=\"robots\" content=\"index, follow, max-snippet:-1, max-image-preview:large, max-video-preview:-1\" \/>\n<link rel=\"canonical\" href=\"https:\/\/mijntheben.snelprint.be\/fr\/product\/spot-a-led-theleda-p12-l-wh\/\" \/>\n<meta property=\"og:locale\" content=\"fr_FR\" \/>\n<meta property=\"og:type\" content=\"article\" \/>\n<meta property=\"og:title\" content=\"TheLeda P12 L WH - MijnTheben\" \/>\n<meta property=\"og:description\" content=\"Le projecteur LED | theLeda P12L WH | Theben\" \/>\n<meta property=\"og:url\" content=\"https:\/\/mijntheben.snelprint.be\/fr\/product\/spot-a-led-theleda-p12-l-wh\/\" \/>\n<meta property=\"og:site_name\" content=\"MijnTheben\" \/>\n<meta property=\"article:modified_time\" content=\"2025-10-06T19:54:46+00:00\" \/>\n<meta property=\"og:image\" content=\"https:\/\/mijntheben.snelprint.be\/wp-content\/uploads\/2025\/05\/TheLeda-P12-L-WH-_Theben-300x300-1.webp\" \/>\n\t<meta property=\"og:image:width\" content=\"300\" \/>\n\t<meta property=\"og:image:height\" content=\"300\" \/>\n\t<meta property=\"og:image:type\" content=\"image\/webp\" \/>\n<meta name=\"twitter:card\" content=\"summary_large_image\" \/>\n<meta name=\"twitter:label1\" content=\"Dur\u00e9e de lecture estim\u00e9e\" \/>\n\t<meta name=\"twitter:data1\" content=\"1 minute\" \/>\n<script type=\"application\/ld+json\" class=\"yoast-schema-graph\">{\"@context\":\"https:\\\/\\\/schema.org\",\"@graph\":[{\"@type\":\"WebPage\",\"@id\":\"https:\\\/\\\/mijntheben.snelprint.be\\\/fr\\\/product\\\/spot-a-led-theleda-p12-l-wh\\\/\",\"url\":\"https:\\\/\\\/mijntheben.snelprint.be\\\/fr\\\/product\\\/spot-a-led-theleda-p12-l-wh\\\/\",\"name\":\"TheLeda P12 L WH - MijnTheben\",\"isPartOf\":{\"@id\":\"https:\\\/\\\/mijntheben.snelprint.be\\\/#website\"},\"primaryImageOfPage\":{\"@id\":\"https:\\\/\\\/mijntheben.snelprint.be\\\/fr\\\/product\\\/spot-a-led-theleda-p12-l-wh\\\/#primaryimage\"},\"image\":{\"@id\":\"https:\\\/\\\/mijntheben.snelprint.be\\\/fr\\\/product\\\/spot-a-led-theleda-p12-l-wh\\\/#primaryimage\"},\"thumbnailUrl\":\"https:\\\/\\\/mijntheben.snelprint.be\\\/wp-content\\\/uploads\\\/2025\\\/05\\\/TheLeda-P12-L-WH-_Theben-300x300-1.webp\",\"datePublished\":\"2025-04-08T19:14:17+00:00\",\"dateModified\":\"2025-10-06T19:54:46+00:00\",\"breadcrumb\":{\"@id\":\"https:\\\/\\\/mijntheben.snelprint.be\\\/fr\\\/product\\\/spot-a-led-theleda-p12-l-wh\\\/#breadcrumb\"},\"inLanguage\":\"fr-FR\",\"potentialAction\":[{\"@type\":\"ReadAction\",\"target\":[\"https:\\\/\\\/mijntheben.snelprint.be\\\/fr\\\/product\\\/spot-a-led-theleda-p12-l-wh\\\/\"]}]},{\"@type\":\"ImageObject\",\"inLanguage\":\"fr-FR\",\"@id\":\"https:\\\/\\\/mijntheben.snelprint.be\\\/fr\\\/product\\\/spot-a-led-theleda-p12-l-wh\\\/#primaryimage\",\"url\":\"https:\\\/\\\/mijntheben.snelprint.be\\\/wp-content\\\/uploads\\\/2025\\\/05\\\/TheLeda-P12-L-WH-_Theben-300x300-1.webp\",\"contentUrl\":\"https:\\\/\\\/mijntheben.snelprint.be\\\/wp-content\\\/uploads\\\/2025\\\/05\\\/TheLeda-P12-L-WH-_Theben-300x300-1.webp\",\"width\":300,\"height\":300},{\"@type\":\"BreadcrumbList\",\"@id\":\"https:\\\/\\\/mijntheben.snelprint.be\\\/fr\\\/product\\\/spot-a-led-theleda-p12-l-wh\\\/#breadcrumb\",\"itemListElement\":[{\"@type\":\"ListItem\",\"position\":1,\"name\":\"Home\",\"item\":\"https:\\\/\\\/mijntheben.snelprint.be\\\/fr\\\/\"},{\"@type\":\"ListItem\",\"position\":2,\"name\":\"Shop\",\"item\":\"https:\\\/\\\/mijntheben.snelprint.be\\\/fr\\\/boutique\\\/\"},{\"@type\":\"ListItem\",\"position\":3,\"name\":\"TheLeda P12 L WH\"}]},{\"@type\":\"WebSite\",\"@id\":\"https:\\\/\\\/mijntheben.snelprint.be\\\/#website\",\"url\":\"https:\\\/\\\/mijntheben.snelprint.be\\\/\",\"name\":\"MijnTheben\",\"description\":\"Onafhankelijke Theben webshop\",\"publisher\":{\"@id\":\"https:\\\/\\\/mijntheben.snelprint.be\\\/#organization\"},\"potentialAction\":[{\"@type\":\"SearchAction\",\"target\":{\"@type\":\"EntryPoint\",\"urlTemplate\":\"https:\\\/\\\/mijntheben.snelprint.be\\\/?s={search_term_string}\"},\"query-input\":{\"@type\":\"PropertyValueSpecification\",\"valueRequired\":true,\"valueName\":\"search_term_string\"}}],\"inLanguage\":\"fr-FR\"},{\"@type\":\"Organization\",\"@id\":\"https:\\\/\\\/mijntheben.snelprint.be\\\/#organization\",\"name\":\"MijnTheben | Theben producten online kopen\",\"url\":\"https:\\\/\\\/mijntheben.snelprint.be\\\/\",\"logo\":{\"@type\":\"ImageObject\",\"inLanguage\":\"fr-FR\",\"@id\":\"https:\\\/\\\/mijntheben.snelprint.be\\\/#\\\/schema\\\/logo\\\/image\\\/\",\"url\":\"https:\\\/\\\/mijntheben.snelprint.be\\\/wp-content\\\/uploads\\\/2025\\\/01\\\/logo-1.png\",\"contentUrl\":\"https:\\\/\\\/mijntheben.snelprint.be\\\/wp-content\\\/uploads\\\/2025\\\/01\\\/logo-1.png\",\"width\":405,\"height\":87,\"caption\":\"MijnTheben | Theben producten online kopen\"},\"image\":{\"@id\":\"https:\\\/\\\/mijntheben.snelprint.be\\\/#\\\/schema\\\/logo\\\/image\\\/\"}}]}<\/script>\n<!-- \/ Yoast SEO plugin. -->","yoast_head_json":{"title":"TheLeda P12 L WH - MijnTheben","robots":{"index":"index","follow":"follow","max-snippet":"max-snippet:-1","max-image-preview":"max-image-preview:large","max-video-preview":"max-video-preview:-1"},"canonical":"https:\/\/mijntheben.snelprint.be\/fr\/product\/spot-a-led-theleda-p12-l-wh\/","og_locale":"fr_FR","og_type":"article","og_title":"TheLeda P12 L WH - MijnTheben","og_description":"Le projecteur LED | theLeda P12L WH | Theben","og_url":"https:\/\/mijntheben.snelprint.be\/fr\/product\/spot-a-led-theleda-p12-l-wh\/","og_site_name":"MijnTheben","article_modified_time":"2025-10-06T19:54:46+00:00","og_image":[{"width":300,"height":300,"url":"https:\/\/mijntheben.snelprint.be\/wp-content\/uploads\/2025\/05\/TheLeda-P12-L-WH-_Theben-300x300-1.webp","type":"image\/webp"}],"twitter_card":"summary_large_image","twitter_misc":{"Dur\u00e9e de lecture estim\u00e9e":"1 minute"},"schema":{"@context":"https:\/\/schema.org","@graph":[{"@type":"WebPage","@id":"https:\/\/mijntheben.snelprint.be\/fr\/product\/spot-a-led-theleda-p12-l-wh\/","url":"https:\/\/mijntheben.snelprint.be\/fr\/product\/spot-a-led-theleda-p12-l-wh\/","name":"TheLeda P12 L WH - MijnTheben","isPartOf":{"@id":"https:\/\/mijntheben.snelprint.be\/#website"},"primaryImageOfPage":{"@id":"https:\/\/mijntheben.snelprint.be\/fr\/product\/spot-a-led-theleda-p12-l-wh\/#primaryimage"},"image":{"@id":"https:\/\/mijntheben.snelprint.be\/fr\/product\/spot-a-led-theleda-p12-l-wh\/#primaryimage"},"thumbnailUrl":"https:\/\/mijntheben.snelprint.be\/wp-content\/uploads\/2025\/05\/TheLeda-P12-L-WH-_Theben-300x300-1.webp","datePublished":"2025-04-08T19:14:17+00:00","dateModified":"2025-10-06T19:54:46+00:00","breadcrumb":{"@id":"https:\/\/mijntheben.snelprint.be\/fr\/product\/spot-a-led-theleda-p12-l-wh\/#breadcrumb"},"inLanguage":"fr-FR","potentialAction":[{"@type":"ReadAction","target":["https:\/\/mijntheben.snelprint.be\/fr\/product\/spot-a-led-theleda-p12-l-wh\/"]}]},{"@type":"ImageObject","inLanguage":"fr-FR","@id":"https:\/\/mijntheben.snelprint.be\/fr\/product\/spot-a-led-theleda-p12-l-wh\/#primaryimage","url":"https:\/\/mijntheben.snelprint.be\/wp-content\/uploads\/2025\/05\/TheLeda-P12-L-WH-_Theben-300x300-1.webp","contentUrl":"https:\/\/mijntheben.snelprint.be\/wp-content\/uploads\/2025\/05\/TheLeda-P12-L-WH-_Theben-300x300-1.webp","width":300,"height":300},{"@type":"BreadcrumbList","@id":"https:\/\/mijntheben.snelprint.be\/fr\/product\/spot-a-led-theleda-p12-l-wh\/#breadcrumb","itemListElement":[{"@type":"ListItem","position":1,"name":"Home","item":"https:\/\/mijntheben.snelprint.be\/fr\/"},{"@type":"ListItem","position":2,"name":"Shop","item":"https:\/\/mijntheben.snelprint.be\/fr\/boutique\/"},{"@type":"ListItem","position":3,"name":"TheLeda P12 L WH"}]},{"@type":"WebSite","@id":"https:\/\/mijntheben.snelprint.be\/#website","url":"https:\/\/mijntheben.snelprint.be\/","name":"MijnTheben","description":"Onafhankelijke Theben webshop","publisher":{"@id":"https:\/\/mijntheben.snelprint.be\/#organization"},"potentialAction":[{"@type":"SearchAction","target":{"@type":"EntryPoint","urlTemplate":"https:\/\/mijntheben.snelprint.be\/?s={search_term_string}"},"query-input":{"@type":"PropertyValueSpecification","valueRequired":true,"valueName":"search_term_string"}}],"inLanguage":"fr-FR"},{"@type":"Organization","@id":"https:\/\/mijntheben.snelprint.be\/#organization","name":"MijnTheben | Theben producten online kopen","url":"https:\/\/mijntheben.snelprint.be\/","logo":{"@type":"ImageObject","inLanguage":"fr-FR","@id":"https:\/\/mijntheben.snelprint.be\/#\/schema\/logo\/image\/","url":"https:\/\/mijntheben.snelprint.be\/wp-content\/uploads\/2025\/01\/logo-1.png","contentUrl":"https:\/\/mijntheben.snelprint.be\/wp-content\/uploads\/2025\/01\/logo-1.png","width":405,"height":87,"caption":"MijnTheben | Theben producten online kopen"},"image":{"@id":"https:\/\/mijntheben.snelprint.be\/#\/schema\/logo\/image\/"}}]}},"_links":{"self":[{"href":"https:\/\/mijntheben.snelprint.be\/fr\/wp-json\/wp\/v2\/product\/3010756","targetHints":{"allow":["GET"]}}],"collection":[{"href":"https:\/\/mijntheben.snelprint.be\/fr\/wp-json\/wp\/v2\/product"}],"about":[{"href":"https:\/\/mijntheben.snelprint.be\/fr\/wp-json\/wp\/v2\/types\/product"}],"wp:featuredmedia":[{"embeddable":true,"href":"https:\/\/mijntheben.snelprint.be\/fr\/wp-json\/wp\/v2\/media\/3010754"}],"wp:attachment":[{"href":"https:\/\/mijntheben.snelprint.be\/fr\/wp-json\/wp\/v2\/media?parent=3010756"}],"wp:term":[{"taxonomy":"product_brand","embeddable":true,"href":"https:\/\/mijntheben.snelprint.be\/fr\/wp-json\/wp\/v2\/product_brand?post=3010756"},{"taxonomy":"product_cat","embeddable":true,"href":"https:\/\/mijntheben.snelprint.be\/fr\/wp-json\/wp\/v2\/product_cat?post=3010756"},{"taxonomy":"product_tag","embeddable":true,"href":"https:\/\/mijntheben.snelprint.be\/fr\/wp-json\/wp\/v2\/product_tag?post=3010756"}],"curies":[{"name":"wp","href":"https:\/\/api.w.org\/{rel}","templated":true}]}}