{"id":3010774,"date":"2025-04-08T14:09:03","date_gmt":"2025-04-08T14:09:03","guid":{"rendered":"https:\/\/mijntheben.snelprint.be\/product\/ram366-1-top2-thermostat-avec-sonde-a-distance\/"},"modified":"2025-10-06T20:09:39","modified_gmt":"2025-10-06T20:09:39","slug":"ram366-1-top2-thermostat-avec-sonde-a-distance","status":"publish","type":"product","link":"https:\/\/mijntheben.snelprint.be\/fr\/product\/ram366-1-top2-thermostat-avec-sonde-a-distance\/","title":{"rendered":"RAM366\/1 top2 | Thermostat avec sonde \u00e0 distance"},"content":{"rendered":"<p>Le thermostat RAM366\/1 top2 avec horloge int\u00e9gr\u00e9e fonctionne avec un capteur \u00e0 distance. Le thermostat convient \u00e0 la r\u00e9gulation de la temp\u00e9rature ambiante dans tous les syst\u00e8mes de chauffage n\u00e9cessitant un thermostat avec sonde \u00e0 distance (b\u00e2timent public, \u00e9cole, salle de sport, magasin, \u00e9glise, etc.) <\/p>\n<p>Le thermostat modulaire (2 modules) est plac\u00e9 dans une armoire \u00e9lectrique accessible uniquement au personnel autoris\u00e9 et la sonde d&rsquo;ambiance, r\u00e9glable ou non, est plac\u00e9e \u00e0 l&rsquo;endroit le plus appropri\u00e9 pour la mesure correcte de la temp\u00e9rature ambiante.<\/p>\n<p>Le type de capteur doit \u00eatre sp\u00e9cifi\u00e9 lors de la commande.<\/p>\n<ul>\n<li>Thermostat num\u00e9rique avec minuterie hebdomadaire et programme de vacances<\/li>\n<li>Programmation \u00e0 la minute pr\u00e8s<\/li>\n<li>Changement automatique de l&rsquo;heure d&rsquo;\u00e9t\u00e9\/d&rsquo;hiver<\/li>\n<li>3 niveaux de temp\u00e9rature r\u00e9glables : confort, r\u00e9duit et hors gel<\/li>\n<li>Carte m\u00e9moire Obelisk top2 pour la copie et le transfert du programme<\/li>\n<li>Entr\u00e9e externe pour l&rsquo;activation permanente ou temporaire du r\u00e9gime confort, r\u00e9duit ou hors gel<\/li>\n<li>Possibilit\u00e9 de verrouiller le clavier \u00e0 l&rsquo;aide d&rsquo;un code PIN<\/li>\n<li>Affichage du texte dans la langue s\u00e9lectionn\u00e9e<\/li>\n<li>Clips \u00e0 ressort.<\/li>\n<\/ul>\n<hr>\n<ul>\n<li>Alimentation : 230 V AC 50 \u00e0 60 Hz<\/li>\n<li>Consommation \u00e9lectrique : 1,36 W avec le relais d\u00e9sactiv\u00e9<\/li>\n<li>1 contact inverseur 10 A\/250 V cos phi = 1 ; 2 A\/250 V cos phi = 0,6<br \/>\nminimum 10 mA\/230 V ou 100 mA\/12 V<\/li>\n<li>R\u00e9glage de la temp\u00e9rature de +6 \u00e0 +30 \u00b0C<\/li>\n<li>Capacit\u00e9 de m\u00e9moire 42 \u00e9tapes de programme<\/li>\n<li>Correction de l&rsquo;\u00e9cart de temps : \u2264 \u00b1 0,25 s\/jour<\/li>\n<li>R\u00e9serve de marche de 10 ans gr\u00e2ce \u00e0 la batterie au lithium<\/li>\n<li>Entr\u00e9e du capteur de temp\u00e9rature : Safety Extra-Low Voltage (SELV) 3,5 V<\/li>\n<li>Temp\u00e9rature admissible : 0 \u00e0 +50 \u00b0C<\/li>\n<li>Classe de protection : II selon EN 60730-1<\/li>\n<li>Indice de protection : IP20.<\/li>\n<\/ul>\n<p><a href=\"https:\/\/www.tempolec.com\/files\/product-doc\/4819\/nl\/theben-ram366-1top2-nl.pdf\">Consultez la fiche technique ici<\/a><\/p>\n","protected":false},"excerpt":{"rendered":"<p>Le thermostat RAM366\/1 top2 avec horloge int\u00e9gr\u00e9e fonctionne avec un capteur \u00e0 distance. Le thermostat convient \u00e0 la r\u00e9gulation de la temp\u00e9rature ambiante dans tous les syst\u00e8mes de chauffage n\u00e9cessitant un thermostat avec sonde \u00e0 distance (b\u00e2timent public, \u00e9cole, salle de sport, magasin, \u00e9glise, etc.) <\/p>\n<p>Le thermostat modulaire (2 modules) est plac\u00e9 dans une armoire \u00e9lectrique accessible uniquement au personnel autoris\u00e9 et la sonde d&rsquo;ambiance, r\u00e9glable ou non, est plac\u00e9e \u00e0 l&rsquo;endroit le plus appropri\u00e9 pour la mesure correcte de la temp\u00e9rature ambiante.<\/p>\n<p>Le type de capteur doit \u00eatre sp\u00e9cifi\u00e9 lors de la commande.<\/p>\n<ul>\n<li>Thermostat num\u00e9rique avec minuterie hebdomadaire et programme de vacances<\/li>\n<li>Programmation \u00e0 la minute pr\u00e8s<\/li>\n<li>Changement automatique de l&rsquo;heure d&rsquo;\u00e9t\u00e9\/d&rsquo;hiver<\/li>\n<li>3 niveaux de temp\u00e9rature r\u00e9glables : confort, r\u00e9duit et hors gel<\/li>\n<li>Carte m\u00e9moire Obelisk top2 pour la copie et le transfert du programme<\/li>\n<li>Entr\u00e9e externe pour l&rsquo;activation permanente ou temporaire du r\u00e9gime confort, r\u00e9duit ou hors gel<\/li>\n<li>Possibilit\u00e9 de verrouiller le clavier \u00e0 l&rsquo;aide d&rsquo;un code PIN<\/li>\n<li>Affichage du texte dans la langue s\u00e9lectionn\u00e9e<\/li>\n<li>Clips \u00e0 ressort.<\/li>\n<\/ul>\n<hr>\n<ul>\n<li>Alimentation : 230 V AC 50 \u00e0 60 Hz<\/li>\n<li>Consommation \u00e9lectrique : 1,36 W avec le relais d\u00e9sactiv\u00e9<\/li>\n<li>1 contact inverseur 10 A\/250 V cos phi = 1 ; 2 A\/250 V cos phi = 0,6<br \/>\nminimum 10 mA\/230 V ou 100 mA\/12 V<\/li>\n<li>R\u00e9glage de la temp\u00e9rature de +6 \u00e0 +30 \u00b0C<\/li>\n<li>Capacit\u00e9 de m\u00e9moire 42 \u00e9tapes de programme<\/li>\n<li>Correction de l&rsquo;\u00e9cart de temps : \u2264 \u00b1 0,25 s\/jour<\/li>\n<li>R\u00e9serve de marche de 10 ans gr\u00e2ce \u00e0 la batterie au lithium<\/li>\n<li>Entr\u00e9e du capteur de temp\u00e9rature : Safety Extra-Low Voltage (SELV) 3,5 V<\/li>\n<li>Temp\u00e9rature admissible : 0 \u00e0 +50 \u00b0C<\/li>\n<li>Classe de protection : II selon EN 60730-1<\/li>\n<li>Indice de protection : IP20.<\/li>\n<\/ul>\n<p><a href=\"https:\/\/www.tempolec.com\/files\/product-doc\/4819\/nl\/theben-ram366-1top2-nl.pdf\">Consultez la fiche technique ici<\/a><\/p>\n","protected":false},"featured_media":3010772,"template":"","meta":[],"product_brand":[],"product_cat":[112],"product_tag":[96],"class_list":{"0":"post-3010774","1":"product","2":"type-product","3":"status-publish","4":"has-post-thumbnail","6":"product_cat-non-classe","7":"product_tag-theben-fr","9":"first","10":"instock","11":"taxable","12":"shipping-taxable","13":"purchasable","14":"product-type-simple"},"yoast_head":"<!-- This site is optimized with the Yoast SEO plugin v27.3 - https:\/\/yoast.com\/product\/yoast-seo-wordpress\/ -->\n<title>RAM366\/1 top2 | Thermostat avec sonde \u00e0 distance - MijnTheben<\/title>\n<meta name=\"robots\" content=\"index, follow, max-snippet:-1, max-image-preview:large, max-video-preview:-1\" \/>\n<link rel=\"canonical\" href=\"https:\/\/mijntheben.snelprint.be\/fr\/product\/ram366-1-top2-thermostat-avec-sonde-a-distance\/\" \/>\n<meta property=\"og:locale\" content=\"fr_FR\" \/>\n<meta property=\"og:type\" content=\"article\" \/>\n<meta property=\"og:title\" content=\"RAM366\/1 top2 | Thermostat avec sonde \u00e0 distance - MijnTheben\" \/>\n<meta property=\"og:description\" content=\"Le thermostat RAM366\/1 top2 avec horloge int\u00e9gr\u00e9e fonctionne avec un capteur \u00e0 distance. Le thermostat convient \u00e0 la r\u00e9gulation de la temp\u00e9rature ambiante dans tous les syst\u00e8mes de chauffage n\u00e9cessitant un thermostat avec sonde \u00e0 distance (b\u00e2timent public, \u00e9cole, salle de sport, magasin, \u00e9glise, etc.)  Le thermostat modulaire (2 modules) est plac\u00e9 dans une armoire \u00e9lectrique accessible uniquement au personnel autoris\u00e9 et la sonde d&#039;ambiance, r\u00e9glable ou non, est plac\u00e9e \u00e0 l&#039;endroit le plus appropri\u00e9 pour la mesure correcte de la temp\u00e9rature ambiante. Le type de capteur doit \u00eatre sp\u00e9cifi\u00e9 lors de la commande.  Thermostat num\u00e9rique avec minuterie hebdomadaire et programme de vacances  Programmation \u00e0 la minute pr\u00e8s  Changement automatique de l&#039;heure d&#039;\u00e9t\u00e9\/d&#039;hiver  3 niveaux de temp\u00e9rature r\u00e9glables : confort, r\u00e9duit et hors gel  Carte m\u00e9moire Obelisk top2 pour la copie et le transfert du programme  Entr\u00e9e externe pour l&#039;activation permanente ou temporaire du r\u00e9gime confort, r\u00e9duit ou hors gel  Possibilit\u00e9 de verrouiller le clavier \u00e0 l&#039;aide d&#039;un code PIN  Affichage du texte dans la langue s\u00e9lectionn\u00e9e  Clips \u00e0 ressort.    Alimentation : 230 V AC 50 \u00e0 60 Hz  Consommation \u00e9lectrique : 1,36 W avec le relais d\u00e9sactiv\u00e9  1 contact inverseur 10 A\/250 V cos phi = 1 ; 2 A\/250 V cos phi = 0,6 minimum 10 mA\/230 V ou 100 mA\/12 V  R\u00e9glage de la temp\u00e9rature de +6 \u00e0 +30 \u00b0C  Capacit\u00e9 de m\u00e9moire 42 \u00e9tapes de programme  Correction de l&#039;\u00e9cart de temps : \u2264 \u00b1 0,25 s\/jour  R\u00e9serve de marche de 10 ans gr\u00e2ce \u00e0 la batterie au lithium  Entr\u00e9e du capteur de temp\u00e9rature : Safety Extra-Low Voltage (SELV) 3,5 V  Temp\u00e9rature admissible : 0 \u00e0 +50 \u00b0C  Classe de protection : II selon EN 60730-1  Indice de protection : IP20. Consultez la fiche technique ici\" \/>\n<meta property=\"og:url\" content=\"https:\/\/mijntheben.snelprint.be\/fr\/product\/ram366-1-top2-thermostat-avec-sonde-a-distance\/\" \/>\n<meta property=\"og:site_name\" content=\"MijnTheben\" \/>\n<meta property=\"article:modified_time\" content=\"2025-10-06T20:09:39+00:00\" \/>\n<meta property=\"og:image\" content=\"https:\/\/mijntheben.snelprint.be\/wp-content\/uploads\/2025\/05\/RAM3661-top2-Thermostaat-met-afstandsvoeler-1000-X-1000px-300x300-1.png\" \/>\n\t<meta property=\"og:image:width\" content=\"300\" \/>\n\t<meta property=\"og:image:height\" content=\"300\" \/>\n\t<meta property=\"og:image:type\" content=\"image\/png\" \/>\n<meta name=\"twitter:card\" content=\"summary_large_image\" \/>\n<meta name=\"twitter:label1\" content=\"Dur\u00e9e de lecture estim\u00e9e\" \/>\n\t<meta name=\"twitter:data1\" content=\"1 minute\" \/>\n<script type=\"application\/ld+json\" class=\"yoast-schema-graph\">{\"@context\":\"https:\\\/\\\/schema.org\",\"@graph\":[{\"@type\":\"WebPage\",\"@id\":\"https:\\\/\\\/mijntheben.snelprint.be\\\/fr\\\/product\\\/ram366-1-top2-thermostat-avec-sonde-a-distance\\\/\",\"url\":\"https:\\\/\\\/mijntheben.snelprint.be\\\/fr\\\/product\\\/ram366-1-top2-thermostat-avec-sonde-a-distance\\\/\",\"name\":\"RAM366\\\/1 top2 | Thermostat avec sonde \u00e0 distance - MijnTheben\",\"isPartOf\":{\"@id\":\"https:\\\/\\\/mijntheben.snelprint.be\\\/#website\"},\"primaryImageOfPage\":{\"@id\":\"https:\\\/\\\/mijntheben.snelprint.be\\\/fr\\\/product\\\/ram366-1-top2-thermostat-avec-sonde-a-distance\\\/#primaryimage\"},\"image\":{\"@id\":\"https:\\\/\\\/mijntheben.snelprint.be\\\/fr\\\/product\\\/ram366-1-top2-thermostat-avec-sonde-a-distance\\\/#primaryimage\"},\"thumbnailUrl\":\"https:\\\/\\\/mijntheben.snelprint.be\\\/wp-content\\\/uploads\\\/2025\\\/05\\\/RAM3661-top2-Thermostaat-met-afstandsvoeler-1000-X-1000px-300x300-1.png\",\"datePublished\":\"2025-04-08T14:09:03+00:00\",\"dateModified\":\"2025-10-06T20:09:39+00:00\",\"breadcrumb\":{\"@id\":\"https:\\\/\\\/mijntheben.snelprint.be\\\/fr\\\/product\\\/ram366-1-top2-thermostat-avec-sonde-a-distance\\\/#breadcrumb\"},\"inLanguage\":\"fr-FR\",\"potentialAction\":[{\"@type\":\"ReadAction\",\"target\":[\"https:\\\/\\\/mijntheben.snelprint.be\\\/fr\\\/product\\\/ram366-1-top2-thermostat-avec-sonde-a-distance\\\/\"]}]},{\"@type\":\"ImageObject\",\"inLanguage\":\"fr-FR\",\"@id\":\"https:\\\/\\\/mijntheben.snelprint.be\\\/fr\\\/product\\\/ram366-1-top2-thermostat-avec-sonde-a-distance\\\/#primaryimage\",\"url\":\"https:\\\/\\\/mijntheben.snelprint.be\\\/wp-content\\\/uploads\\\/2025\\\/05\\\/RAM3661-top2-Thermostaat-met-afstandsvoeler-1000-X-1000px-300x300-1.png\",\"contentUrl\":\"https:\\\/\\\/mijntheben.snelprint.be\\\/wp-content\\\/uploads\\\/2025\\\/05\\\/RAM3661-top2-Thermostaat-met-afstandsvoeler-1000-X-1000px-300x300-1.png\",\"width\":300,\"height\":300},{\"@type\":\"BreadcrumbList\",\"@id\":\"https:\\\/\\\/mijntheben.snelprint.be\\\/fr\\\/product\\\/ram366-1-top2-thermostat-avec-sonde-a-distance\\\/#breadcrumb\",\"itemListElement\":[{\"@type\":\"ListItem\",\"position\":1,\"name\":\"Home\",\"item\":\"https:\\\/\\\/mijntheben.snelprint.be\\\/fr\\\/\"},{\"@type\":\"ListItem\",\"position\":2,\"name\":\"Shop\",\"item\":\"https:\\\/\\\/mijntheben.snelprint.be\\\/fr\\\/boutique\\\/\"},{\"@type\":\"ListItem\",\"position\":3,\"name\":\"RAM366\\\/1 top2 | Thermostat avec sonde \u00e0 distance\"}]},{\"@type\":\"WebSite\",\"@id\":\"https:\\\/\\\/mijntheben.snelprint.be\\\/#website\",\"url\":\"https:\\\/\\\/mijntheben.snelprint.be\\\/\",\"name\":\"MijnTheben\",\"description\":\"Onafhankelijke Theben webshop\",\"publisher\":{\"@id\":\"https:\\\/\\\/mijntheben.snelprint.be\\\/#organization\"},\"potentialAction\":[{\"@type\":\"SearchAction\",\"target\":{\"@type\":\"EntryPoint\",\"urlTemplate\":\"https:\\\/\\\/mijntheben.snelprint.be\\\/?s={search_term_string}\"},\"query-input\":{\"@type\":\"PropertyValueSpecification\",\"valueRequired\":true,\"valueName\":\"search_term_string\"}}],\"inLanguage\":\"fr-FR\"},{\"@type\":\"Organization\",\"@id\":\"https:\\\/\\\/mijntheben.snelprint.be\\\/#organization\",\"name\":\"MijnTheben | Theben producten online kopen\",\"url\":\"https:\\\/\\\/mijntheben.snelprint.be\\\/\",\"logo\":{\"@type\":\"ImageObject\",\"inLanguage\":\"fr-FR\",\"@id\":\"https:\\\/\\\/mijntheben.snelprint.be\\\/#\\\/schema\\\/logo\\\/image\\\/\",\"url\":\"https:\\\/\\\/mijntheben.snelprint.be\\\/wp-content\\\/uploads\\\/2025\\\/01\\\/logo-1.png\",\"contentUrl\":\"https:\\\/\\\/mijntheben.snelprint.be\\\/wp-content\\\/uploads\\\/2025\\\/01\\\/logo-1.png\",\"width\":405,\"height\":87,\"caption\":\"MijnTheben | Theben producten online kopen\"},\"image\":{\"@id\":\"https:\\\/\\\/mijntheben.snelprint.be\\\/#\\\/schema\\\/logo\\\/image\\\/\"}}]}<\/script>\n<!-- \/ Yoast SEO plugin. -->","yoast_head_json":{"title":"RAM366\/1 top2 | Thermostat avec sonde \u00e0 distance - MijnTheben","robots":{"index":"index","follow":"follow","max-snippet":"max-snippet:-1","max-image-preview":"max-image-preview:large","max-video-preview":"max-video-preview:-1"},"canonical":"https:\/\/mijntheben.snelprint.be\/fr\/product\/ram366-1-top2-thermostat-avec-sonde-a-distance\/","og_locale":"fr_FR","og_type":"article","og_title":"RAM366\/1 top2 | Thermostat avec sonde \u00e0 distance - MijnTheben","og_description":"Le thermostat RAM366\/1 top2 avec horloge int\u00e9gr\u00e9e fonctionne avec un capteur \u00e0 distance. Le thermostat convient \u00e0 la r\u00e9gulation de la temp\u00e9rature ambiante dans tous les syst\u00e8mes de chauffage n\u00e9cessitant un thermostat avec sonde \u00e0 distance (b\u00e2timent public, \u00e9cole, salle de sport, magasin, \u00e9glise, etc.)  Le thermostat modulaire (2 modules) est plac\u00e9 dans une armoire \u00e9lectrique accessible uniquement au personnel autoris\u00e9 et la sonde d'ambiance, r\u00e9glable ou non, est plac\u00e9e \u00e0 l'endroit le plus appropri\u00e9 pour la mesure correcte de la temp\u00e9rature ambiante. Le type de capteur doit \u00eatre sp\u00e9cifi\u00e9 lors de la commande.  Thermostat num\u00e9rique avec minuterie hebdomadaire et programme de vacances  Programmation \u00e0 la minute pr\u00e8s  Changement automatique de l'heure d'\u00e9t\u00e9\/d'hiver  3 niveaux de temp\u00e9rature r\u00e9glables : confort, r\u00e9duit et hors gel  Carte m\u00e9moire Obelisk top2 pour la copie et le transfert du programme  Entr\u00e9e externe pour l'activation permanente ou temporaire du r\u00e9gime confort, r\u00e9duit ou hors gel  Possibilit\u00e9 de verrouiller le clavier \u00e0 l'aide d'un code PIN  Affichage du texte dans la langue s\u00e9lectionn\u00e9e  Clips \u00e0 ressort.    Alimentation : 230 V AC 50 \u00e0 60 Hz  Consommation \u00e9lectrique : 1,36 W avec le relais d\u00e9sactiv\u00e9  1 contact inverseur 10 A\/250 V cos phi = 1 ; 2 A\/250 V cos phi = 0,6 minimum 10 mA\/230 V ou 100 mA\/12 V  R\u00e9glage de la temp\u00e9rature de +6 \u00e0 +30 \u00b0C  Capacit\u00e9 de m\u00e9moire 42 \u00e9tapes de programme  Correction de l'\u00e9cart de temps : \u2264 \u00b1 0,25 s\/jour  R\u00e9serve de marche de 10 ans gr\u00e2ce \u00e0 la batterie au lithium  Entr\u00e9e du capteur de temp\u00e9rature : Safety Extra-Low Voltage (SELV) 3,5 V  Temp\u00e9rature admissible : 0 \u00e0 +50 \u00b0C  Classe de protection : II selon EN 60730-1  Indice de protection : IP20. Consultez la fiche technique ici","og_url":"https:\/\/mijntheben.snelprint.be\/fr\/product\/ram366-1-top2-thermostat-avec-sonde-a-distance\/","og_site_name":"MijnTheben","article_modified_time":"2025-10-06T20:09:39+00:00","og_image":[{"width":300,"height":300,"url":"https:\/\/mijntheben.snelprint.be\/wp-content\/uploads\/2025\/05\/RAM3661-top2-Thermostaat-met-afstandsvoeler-1000-X-1000px-300x300-1.png","type":"image\/png"}],"twitter_card":"summary_large_image","twitter_misc":{"Dur\u00e9e de lecture estim\u00e9e":"1 minute"},"schema":{"@context":"https:\/\/schema.org","@graph":[{"@type":"WebPage","@id":"https:\/\/mijntheben.snelprint.be\/fr\/product\/ram366-1-top2-thermostat-avec-sonde-a-distance\/","url":"https:\/\/mijntheben.snelprint.be\/fr\/product\/ram366-1-top2-thermostat-avec-sonde-a-distance\/","name":"RAM366\/1 top2 | Thermostat avec sonde \u00e0 distance - MijnTheben","isPartOf":{"@id":"https:\/\/mijntheben.snelprint.be\/#website"},"primaryImageOfPage":{"@id":"https:\/\/mijntheben.snelprint.be\/fr\/product\/ram366-1-top2-thermostat-avec-sonde-a-distance\/#primaryimage"},"image":{"@id":"https:\/\/mijntheben.snelprint.be\/fr\/product\/ram366-1-top2-thermostat-avec-sonde-a-distance\/#primaryimage"},"thumbnailUrl":"https:\/\/mijntheben.snelprint.be\/wp-content\/uploads\/2025\/05\/RAM3661-top2-Thermostaat-met-afstandsvoeler-1000-X-1000px-300x300-1.png","datePublished":"2025-04-08T14:09:03+00:00","dateModified":"2025-10-06T20:09:39+00:00","breadcrumb":{"@id":"https:\/\/mijntheben.snelprint.be\/fr\/product\/ram366-1-top2-thermostat-avec-sonde-a-distance\/#breadcrumb"},"inLanguage":"fr-FR","potentialAction":[{"@type":"ReadAction","target":["https:\/\/mijntheben.snelprint.be\/fr\/product\/ram366-1-top2-thermostat-avec-sonde-a-distance\/"]}]},{"@type":"ImageObject","inLanguage":"fr-FR","@id":"https:\/\/mijntheben.snelprint.be\/fr\/product\/ram366-1-top2-thermostat-avec-sonde-a-distance\/#primaryimage","url":"https:\/\/mijntheben.snelprint.be\/wp-content\/uploads\/2025\/05\/RAM3661-top2-Thermostaat-met-afstandsvoeler-1000-X-1000px-300x300-1.png","contentUrl":"https:\/\/mijntheben.snelprint.be\/wp-content\/uploads\/2025\/05\/RAM3661-top2-Thermostaat-met-afstandsvoeler-1000-X-1000px-300x300-1.png","width":300,"height":300},{"@type":"BreadcrumbList","@id":"https:\/\/mijntheben.snelprint.be\/fr\/product\/ram366-1-top2-thermostat-avec-sonde-a-distance\/#breadcrumb","itemListElement":[{"@type":"ListItem","position":1,"name":"Home","item":"https:\/\/mijntheben.snelprint.be\/fr\/"},{"@type":"ListItem","position":2,"name":"Shop","item":"https:\/\/mijntheben.snelprint.be\/fr\/boutique\/"},{"@type":"ListItem","position":3,"name":"RAM366\/1 top2 | Thermostat avec sonde \u00e0 distance"}]},{"@type":"WebSite","@id":"https:\/\/mijntheben.snelprint.be\/#website","url":"https:\/\/mijntheben.snelprint.be\/","name":"MijnTheben","description":"Onafhankelijke Theben webshop","publisher":{"@id":"https:\/\/mijntheben.snelprint.be\/#organization"},"potentialAction":[{"@type":"SearchAction","target":{"@type":"EntryPoint","urlTemplate":"https:\/\/mijntheben.snelprint.be\/?s={search_term_string}"},"query-input":{"@type":"PropertyValueSpecification","valueRequired":true,"valueName":"search_term_string"}}],"inLanguage":"fr-FR"},{"@type":"Organization","@id":"https:\/\/mijntheben.snelprint.be\/#organization","name":"MijnTheben | Theben producten online kopen","url":"https:\/\/mijntheben.snelprint.be\/","logo":{"@type":"ImageObject","inLanguage":"fr-FR","@id":"https:\/\/mijntheben.snelprint.be\/#\/schema\/logo\/image\/","url":"https:\/\/mijntheben.snelprint.be\/wp-content\/uploads\/2025\/01\/logo-1.png","contentUrl":"https:\/\/mijntheben.snelprint.be\/wp-content\/uploads\/2025\/01\/logo-1.png","width":405,"height":87,"caption":"MijnTheben | Theben producten online kopen"},"image":{"@id":"https:\/\/mijntheben.snelprint.be\/#\/schema\/logo\/image\/"}}]}},"_links":{"self":[{"href":"https:\/\/mijntheben.snelprint.be\/fr\/wp-json\/wp\/v2\/product\/3010774","targetHints":{"allow":["GET"]}}],"collection":[{"href":"https:\/\/mijntheben.snelprint.be\/fr\/wp-json\/wp\/v2\/product"}],"about":[{"href":"https:\/\/mijntheben.snelprint.be\/fr\/wp-json\/wp\/v2\/types\/product"}],"wp:featuredmedia":[{"embeddable":true,"href":"https:\/\/mijntheben.snelprint.be\/fr\/wp-json\/wp\/v2\/media\/3010772"}],"wp:attachment":[{"href":"https:\/\/mijntheben.snelprint.be\/fr\/wp-json\/wp\/v2\/media?parent=3010774"}],"wp:term":[{"taxonomy":"product_brand","embeddable":true,"href":"https:\/\/mijntheben.snelprint.be\/fr\/wp-json\/wp\/v2\/product_brand?post=3010774"},{"taxonomy":"product_cat","embeddable":true,"href":"https:\/\/mijntheben.snelprint.be\/fr\/wp-json\/wp\/v2\/product_cat?post=3010774"},{"taxonomy":"product_tag","embeddable":true,"href":"https:\/\/mijntheben.snelprint.be\/fr\/wp-json\/wp\/v2\/product_tag?post=3010774"}],"curies":[{"name":"wp","href":"https:\/\/api.w.org\/{rel}","templated":true}]}}