{"id":3010792,"date":"2025-04-08T08:51:15","date_gmt":"2025-04-08T08:51:15","guid":{"rendered":"https:\/\/mijntheben.snelprint.be\/product\/detecteur-de-mouvement-theluxa-s180-bk\/"},"modified":"2025-10-06T19:54:42","modified_gmt":"2025-10-06T19:54:42","slug":"detecteur-de-mouvement-theluxa-s180-bk","status":"publish","type":"product","link":"https:\/\/mijntheben.snelprint.be\/fr\/product\/detecteur-de-mouvement-theluxa-s180-bk\/","title":{"rendered":"D\u00e9tecteur de mouvement | theLuxa S180 BK"},"content":{"rendered":"<p>D\u00e9tecteur de mouvement &#8211; theLuxa S180 BK &#8211; Theben<\/p>\n<ul>\n<li>D\u00e9tecteur de mouvement (PIR)<\/li>\n<li>Contr\u00f4le automatique de l&rsquo;\u00e9clairage en fonction de la pr\u00e9sence et de la luminosit\u00e9<\/li>\n<li>Pour l&rsquo;ext\u00e9rieur<\/li>\n<li>Protection suppl\u00e9mentaire contre les infiltrations<\/li>\n<li>T\u00eate de capteur orientable horizontalement \u00e0 \u00b1 90\u00b0 et vers le bas \u00e0 30<\/li>\n<li>Seuil de luminosit\u00e9 et temporisation r\u00e9glables<\/li>\n<li>Mesure de la lumi\u00e8re mixte adapt\u00e9e au contr\u00f4le des lampes fluorescentes, incandescentes\/halog\u00e8nes et LED<\/li>\n<li>Commutation sans croisement pour une commutation \u00e0 \u00e9conomie de relais et des charges de lampe \u00e9lev\u00e9es<\/li>\n<li>Possibilit\u00e9 d&rsquo;enseigner la luminosit\u00e9 actuelle<\/li>\n<li>Fonction d&rsquo;impulsion<\/li>\n<li>Fonction de test pour v\u00e9rifier la plage de d\u00e9tection<\/li>\n<li>Possibilit\u00e9 d&rsquo;installation sur une bo\u00eete d&rsquo;encastrement (60 mm)<\/li>\n<li>Assemblage de la plaque de montage d&rsquo;une seule main<\/li>\n<li>Possibilit\u00e9 de mise en service directe par pr\u00e9r\u00e9glage<\/li>\n<li>Les \u00e9l\u00e9ments de r\u00e9glage sont solidement fix\u00e9s<\/li>\n<li>Borne de raccordement pour le fil de terre<\/li>\n<\/ul>\n<p><a href=\"https:\/\/www.theben-nederland.nl\/nl\/theluxa-s180-bk-1010506#\">Informations techniques theLuxa S180 BK<\/a><\/p>\n","protected":false},"excerpt":{"rendered":"<p>D\u00e9tecteur de mouvement &#8211; theLuxa S180 BK &#8211; Theben<\/p>\n","protected":false},"featured_media":3010790,"template":"","meta":[],"product_brand":[],"product_cat":[112],"product_tag":[96],"class_list":{"0":"post-3010792","1":"product","2":"type-product","3":"status-publish","4":"has-post-thumbnail","6":"product_cat-non-classe","7":"product_tag-theben-fr","9":"first","10":"instock","11":"taxable","12":"shipping-taxable","13":"purchasable","14":"product-type-simple"},"yoast_head":"<!-- This site is optimized with the Yoast SEO plugin v27.3 - https:\/\/yoast.com\/product\/yoast-seo-wordpress\/ -->\n<title>D\u00e9tecteur de mouvement | theLuxa S180 BK - MijnTheben<\/title>\n<meta name=\"robots\" content=\"index, follow, max-snippet:-1, max-image-preview:large, max-video-preview:-1\" \/>\n<link rel=\"canonical\" href=\"https:\/\/mijntheben.snelprint.be\/fr\/product\/detecteur-de-mouvement-theluxa-s180-bk\/\" \/>\n<meta property=\"og:locale\" content=\"fr_FR\" \/>\n<meta property=\"og:type\" content=\"article\" \/>\n<meta property=\"og:title\" content=\"D\u00e9tecteur de mouvement | theLuxa S180 BK - MijnTheben\" \/>\n<meta property=\"og:description\" content=\"D\u00e9tecteur de mouvement - theLuxa S180 BK - Theben\" \/>\n<meta property=\"og:url\" content=\"https:\/\/mijntheben.snelprint.be\/fr\/product\/detecteur-de-mouvement-theluxa-s180-bk\/\" \/>\n<meta property=\"og:site_name\" content=\"MijnTheben\" \/>\n<meta property=\"article:modified_time\" content=\"2025-10-06T19:54:42+00:00\" \/>\n<meta property=\"og:image\" content=\"https:\/\/mijntheben.snelprint.be\/wp-content\/uploads\/2025\/05\/TheLuxa_S180_BK_Theben-300x300-1.webp\" \/>\n\t<meta property=\"og:image:width\" content=\"300\" \/>\n\t<meta property=\"og:image:height\" content=\"300\" \/>\n\t<meta property=\"og:image:type\" content=\"image\/webp\" \/>\n<meta name=\"twitter:card\" content=\"summary_large_image\" \/>\n<meta name=\"twitter:label1\" content=\"Dur\u00e9e de lecture estim\u00e9e\" \/>\n\t<meta name=\"twitter:data1\" content=\"1 minute\" \/>\n<script type=\"application\/ld+json\" class=\"yoast-schema-graph\">{\"@context\":\"https:\\\/\\\/schema.org\",\"@graph\":[{\"@type\":\"WebPage\",\"@id\":\"https:\\\/\\\/mijntheben.snelprint.be\\\/fr\\\/product\\\/detecteur-de-mouvement-theluxa-s180-bk\\\/\",\"url\":\"https:\\\/\\\/mijntheben.snelprint.be\\\/fr\\\/product\\\/detecteur-de-mouvement-theluxa-s180-bk\\\/\",\"name\":\"D\u00e9tecteur de mouvement | theLuxa S180 BK - MijnTheben\",\"isPartOf\":{\"@id\":\"https:\\\/\\\/mijntheben.snelprint.be\\\/#website\"},\"primaryImageOfPage\":{\"@id\":\"https:\\\/\\\/mijntheben.snelprint.be\\\/fr\\\/product\\\/detecteur-de-mouvement-theluxa-s180-bk\\\/#primaryimage\"},\"image\":{\"@id\":\"https:\\\/\\\/mijntheben.snelprint.be\\\/fr\\\/product\\\/detecteur-de-mouvement-theluxa-s180-bk\\\/#primaryimage\"},\"thumbnailUrl\":\"https:\\\/\\\/mijntheben.snelprint.be\\\/wp-content\\\/uploads\\\/2025\\\/05\\\/TheLuxa_S180_BK_Theben-300x300-1.webp\",\"datePublished\":\"2025-04-08T08:51:15+00:00\",\"dateModified\":\"2025-10-06T19:54:42+00:00\",\"breadcrumb\":{\"@id\":\"https:\\\/\\\/mijntheben.snelprint.be\\\/fr\\\/product\\\/detecteur-de-mouvement-theluxa-s180-bk\\\/#breadcrumb\"},\"inLanguage\":\"fr-FR\",\"potentialAction\":[{\"@type\":\"ReadAction\",\"target\":[\"https:\\\/\\\/mijntheben.snelprint.be\\\/fr\\\/product\\\/detecteur-de-mouvement-theluxa-s180-bk\\\/\"]}]},{\"@type\":\"ImageObject\",\"inLanguage\":\"fr-FR\",\"@id\":\"https:\\\/\\\/mijntheben.snelprint.be\\\/fr\\\/product\\\/detecteur-de-mouvement-theluxa-s180-bk\\\/#primaryimage\",\"url\":\"https:\\\/\\\/mijntheben.snelprint.be\\\/wp-content\\\/uploads\\\/2025\\\/05\\\/TheLuxa_S180_BK_Theben-300x300-1.webp\",\"contentUrl\":\"https:\\\/\\\/mijntheben.snelprint.be\\\/wp-content\\\/uploads\\\/2025\\\/05\\\/TheLuxa_S180_BK_Theben-300x300-1.webp\",\"width\":300,\"height\":300},{\"@type\":\"BreadcrumbList\",\"@id\":\"https:\\\/\\\/mijntheben.snelprint.be\\\/fr\\\/product\\\/detecteur-de-mouvement-theluxa-s180-bk\\\/#breadcrumb\",\"itemListElement\":[{\"@type\":\"ListItem\",\"position\":1,\"name\":\"Home\",\"item\":\"https:\\\/\\\/mijntheben.snelprint.be\\\/fr\\\/\"},{\"@type\":\"ListItem\",\"position\":2,\"name\":\"Shop\",\"item\":\"https:\\\/\\\/mijntheben.snelprint.be\\\/fr\\\/boutique\\\/\"},{\"@type\":\"ListItem\",\"position\":3,\"name\":\"D\u00e9tecteur de mouvement | theLuxa S180 BK\"}]},{\"@type\":\"WebSite\",\"@id\":\"https:\\\/\\\/mijntheben.snelprint.be\\\/#website\",\"url\":\"https:\\\/\\\/mijntheben.snelprint.be\\\/\",\"name\":\"MijnTheben\",\"description\":\"Onafhankelijke Theben webshop\",\"publisher\":{\"@id\":\"https:\\\/\\\/mijntheben.snelprint.be\\\/#organization\"},\"potentialAction\":[{\"@type\":\"SearchAction\",\"target\":{\"@type\":\"EntryPoint\",\"urlTemplate\":\"https:\\\/\\\/mijntheben.snelprint.be\\\/?s={search_term_string}\"},\"query-input\":{\"@type\":\"PropertyValueSpecification\",\"valueRequired\":true,\"valueName\":\"search_term_string\"}}],\"inLanguage\":\"fr-FR\"},{\"@type\":\"Organization\",\"@id\":\"https:\\\/\\\/mijntheben.snelprint.be\\\/#organization\",\"name\":\"MijnTheben | Theben producten online kopen\",\"url\":\"https:\\\/\\\/mijntheben.snelprint.be\\\/\",\"logo\":{\"@type\":\"ImageObject\",\"inLanguage\":\"fr-FR\",\"@id\":\"https:\\\/\\\/mijntheben.snelprint.be\\\/#\\\/schema\\\/logo\\\/image\\\/\",\"url\":\"https:\\\/\\\/mijntheben.snelprint.be\\\/wp-content\\\/uploads\\\/2025\\\/01\\\/logo-1.png\",\"contentUrl\":\"https:\\\/\\\/mijntheben.snelprint.be\\\/wp-content\\\/uploads\\\/2025\\\/01\\\/logo-1.png\",\"width\":405,\"height\":87,\"caption\":\"MijnTheben | Theben producten online kopen\"},\"image\":{\"@id\":\"https:\\\/\\\/mijntheben.snelprint.be\\\/#\\\/schema\\\/logo\\\/image\\\/\"}}]}<\/script>\n<!-- \/ Yoast SEO plugin. -->","yoast_head_json":{"title":"D\u00e9tecteur de mouvement | theLuxa S180 BK - MijnTheben","robots":{"index":"index","follow":"follow","max-snippet":"max-snippet:-1","max-image-preview":"max-image-preview:large","max-video-preview":"max-video-preview:-1"},"canonical":"https:\/\/mijntheben.snelprint.be\/fr\/product\/detecteur-de-mouvement-theluxa-s180-bk\/","og_locale":"fr_FR","og_type":"article","og_title":"D\u00e9tecteur de mouvement | theLuxa S180 BK - MijnTheben","og_description":"D\u00e9tecteur de mouvement - theLuxa S180 BK - Theben","og_url":"https:\/\/mijntheben.snelprint.be\/fr\/product\/detecteur-de-mouvement-theluxa-s180-bk\/","og_site_name":"MijnTheben","article_modified_time":"2025-10-06T19:54:42+00:00","og_image":[{"width":300,"height":300,"url":"https:\/\/mijntheben.snelprint.be\/wp-content\/uploads\/2025\/05\/TheLuxa_S180_BK_Theben-300x300-1.webp","type":"image\/webp"}],"twitter_card":"summary_large_image","twitter_misc":{"Dur\u00e9e de lecture estim\u00e9e":"1 minute"},"schema":{"@context":"https:\/\/schema.org","@graph":[{"@type":"WebPage","@id":"https:\/\/mijntheben.snelprint.be\/fr\/product\/detecteur-de-mouvement-theluxa-s180-bk\/","url":"https:\/\/mijntheben.snelprint.be\/fr\/product\/detecteur-de-mouvement-theluxa-s180-bk\/","name":"D\u00e9tecteur de mouvement | theLuxa S180 BK - MijnTheben","isPartOf":{"@id":"https:\/\/mijntheben.snelprint.be\/#website"},"primaryImageOfPage":{"@id":"https:\/\/mijntheben.snelprint.be\/fr\/product\/detecteur-de-mouvement-theluxa-s180-bk\/#primaryimage"},"image":{"@id":"https:\/\/mijntheben.snelprint.be\/fr\/product\/detecteur-de-mouvement-theluxa-s180-bk\/#primaryimage"},"thumbnailUrl":"https:\/\/mijntheben.snelprint.be\/wp-content\/uploads\/2025\/05\/TheLuxa_S180_BK_Theben-300x300-1.webp","datePublished":"2025-04-08T08:51:15+00:00","dateModified":"2025-10-06T19:54:42+00:00","breadcrumb":{"@id":"https:\/\/mijntheben.snelprint.be\/fr\/product\/detecteur-de-mouvement-theluxa-s180-bk\/#breadcrumb"},"inLanguage":"fr-FR","potentialAction":[{"@type":"ReadAction","target":["https:\/\/mijntheben.snelprint.be\/fr\/product\/detecteur-de-mouvement-theluxa-s180-bk\/"]}]},{"@type":"ImageObject","inLanguage":"fr-FR","@id":"https:\/\/mijntheben.snelprint.be\/fr\/product\/detecteur-de-mouvement-theluxa-s180-bk\/#primaryimage","url":"https:\/\/mijntheben.snelprint.be\/wp-content\/uploads\/2025\/05\/TheLuxa_S180_BK_Theben-300x300-1.webp","contentUrl":"https:\/\/mijntheben.snelprint.be\/wp-content\/uploads\/2025\/05\/TheLuxa_S180_BK_Theben-300x300-1.webp","width":300,"height":300},{"@type":"BreadcrumbList","@id":"https:\/\/mijntheben.snelprint.be\/fr\/product\/detecteur-de-mouvement-theluxa-s180-bk\/#breadcrumb","itemListElement":[{"@type":"ListItem","position":1,"name":"Home","item":"https:\/\/mijntheben.snelprint.be\/fr\/"},{"@type":"ListItem","position":2,"name":"Shop","item":"https:\/\/mijntheben.snelprint.be\/fr\/boutique\/"},{"@type":"ListItem","position":3,"name":"D\u00e9tecteur de mouvement | theLuxa S180 BK"}]},{"@type":"WebSite","@id":"https:\/\/mijntheben.snelprint.be\/#website","url":"https:\/\/mijntheben.snelprint.be\/","name":"MijnTheben","description":"Onafhankelijke Theben webshop","publisher":{"@id":"https:\/\/mijntheben.snelprint.be\/#organization"},"potentialAction":[{"@type":"SearchAction","target":{"@type":"EntryPoint","urlTemplate":"https:\/\/mijntheben.snelprint.be\/?s={search_term_string}"},"query-input":{"@type":"PropertyValueSpecification","valueRequired":true,"valueName":"search_term_string"}}],"inLanguage":"fr-FR"},{"@type":"Organization","@id":"https:\/\/mijntheben.snelprint.be\/#organization","name":"MijnTheben | Theben producten online kopen","url":"https:\/\/mijntheben.snelprint.be\/","logo":{"@type":"ImageObject","inLanguage":"fr-FR","@id":"https:\/\/mijntheben.snelprint.be\/#\/schema\/logo\/image\/","url":"https:\/\/mijntheben.snelprint.be\/wp-content\/uploads\/2025\/01\/logo-1.png","contentUrl":"https:\/\/mijntheben.snelprint.be\/wp-content\/uploads\/2025\/01\/logo-1.png","width":405,"height":87,"caption":"MijnTheben | Theben producten online kopen"},"image":{"@id":"https:\/\/mijntheben.snelprint.be\/#\/schema\/logo\/image\/"}}]}},"_links":{"self":[{"href":"https:\/\/mijntheben.snelprint.be\/fr\/wp-json\/wp\/v2\/product\/3010792","targetHints":{"allow":["GET"]}}],"collection":[{"href":"https:\/\/mijntheben.snelprint.be\/fr\/wp-json\/wp\/v2\/product"}],"about":[{"href":"https:\/\/mijntheben.snelprint.be\/fr\/wp-json\/wp\/v2\/types\/product"}],"wp:featuredmedia":[{"embeddable":true,"href":"https:\/\/mijntheben.snelprint.be\/fr\/wp-json\/wp\/v2\/media\/3010790"}],"wp:attachment":[{"href":"https:\/\/mijntheben.snelprint.be\/fr\/wp-json\/wp\/v2\/media?parent=3010792"}],"wp:term":[{"taxonomy":"product_brand","embeddable":true,"href":"https:\/\/mijntheben.snelprint.be\/fr\/wp-json\/wp\/v2\/product_brand?post=3010792"},{"taxonomy":"product_cat","embeddable":true,"href":"https:\/\/mijntheben.snelprint.be\/fr\/wp-json\/wp\/v2\/product_cat?post=3010792"},{"taxonomy":"product_tag","embeddable":true,"href":"https:\/\/mijntheben.snelprint.be\/fr\/wp-json\/wp\/v2\/product_tag?post=3010792"}],"curies":[{"name":"wp","href":"https:\/\/api.w.org\/{rel}","templated":true}]}}