{"id":3010815,"date":"2024-11-22T21:29:34","date_gmt":"2024-11-22T21:29:34","guid":{"rendered":"https:\/\/mijntheben.snelprint.be\/product\/luna-127-etoile-s\/"},"modified":"2024-11-22T21:29:34","modified_gmt":"2024-11-22T21:29:34","slug":"luna-127-etoile-s","status":"publish","type":"product","link":"https:\/\/mijntheben.snelprint.be\/fr\/product\/luna-127-etoile-s\/","title":{"rendered":"LUNA 127 \u00e9toile S"},"content":{"rendered":"<p>Interrupteur cr\u00e9pusculaire avec capteur de lumi\u00e8re int\u00e9gr\u00e9 &#8211; LUNA 127 star S &#8211; Theben<\/p>\n","protected":false},"excerpt":{"rendered":"<p>Interrupteur cr\u00e9pusculaire avec minuterie hebdomadaire int\u00e9gr\u00e9e -LUNA 127 star S &#8211; Theben<\/p>\n<ul>\n<li>Interrupteur cr\u00e9pusculaire avec capteur de lumi\u00e8re int\u00e9gr\u00e9<\/li>\n<li>Fonction de test<\/li>\n<li>Fonction d&rsquo;enseignement<\/li>\n<li>Fonction minuterie (1 heure)<\/li>\n<li>Plage de luminosit\u00e9 commutable : 2-100\/ 100-2000 lux<\/li>\n<li>Alimentation des c\u00e2bles possible par l&rsquo;arri\u00e8re et le dessous<\/li>\n<li>Couvercle avec fonction d&rsquo;encliquetage \u00e0 l&rsquo;ouverture pour faciliter l&rsquo;installation de l&rsquo;appareil<\/li>\n<li>Vis desserr\u00e9es<\/li>\n<li>Grand espace terminal<\/li>\n<li>La luminosit\u00e9 peut \u00eatre r\u00e9gl\u00e9e sans avoir \u00e0 ouvrir l&rsquo;appareil de l&rsquo;ext\u00e9rieur<\/li>\n<\/ul>\n<p><a href=\"https:\/\/www.theben-nederland.nl\/ocsmedia\/optimized\/full\/o35162v78%20LUNA%20127%20star%20S%20-%20Infosheet%20.pdf\">Informations techniques LUNA 127 star S<\/a><\/p>\n","protected":false},"featured_media":3010338,"template":"","meta":[],"product_brand":[],"product_cat":[106],"product_tag":[107,96],"class_list":{"0":"post-3010815","1":"product","2":"type-product","3":"status-publish","4":"has-post-thumbnail","6":"product_cat-interrupteur-crepusculaire","7":"product_tag-interrupteur-crepusculaire","8":"product_tag-theben-fr","10":"first","11":"instock","12":"taxable","13":"shipping-taxable","14":"purchasable","15":"product-type-simple"},"yoast_head":"<!-- This site is optimized with the Yoast SEO plugin v27.3 - https:\/\/yoast.com\/product\/yoast-seo-wordpress\/ -->\n<title>LUNA 127 \u00e9toile S - MijnTheben<\/title>\n<meta name=\"robots\" content=\"index, follow, max-snippet:-1, max-image-preview:large, max-video-preview:-1\" \/>\n<link rel=\"canonical\" href=\"https:\/\/mijntheben.snelprint.be\/product\/luna-127-etoile-s\/\" \/>\n<meta property=\"og:locale\" content=\"fr_FR\" \/>\n<meta property=\"og:type\" content=\"article\" \/>\n<meta property=\"og:title\" content=\"LUNA 127 \u00e9toile S - MijnTheben\" \/>\n<meta property=\"og:description\" content=\"Interrupteur cr\u00e9pusculaire avec minuterie hebdomadaire int\u00e9gr\u00e9e -LUNA 127 star S - Theben  Interrupteur cr\u00e9pusculaire avec capteur de lumi\u00e8re int\u00e9gr\u00e9  Fonction de test  Fonction d&#039;enseignement  Fonction minuterie (1 heure)  Plage de luminosit\u00e9 commutable : 2-100\/ 100-2000 lux  Alimentation des c\u00e2bles possible par l&#039;arri\u00e8re et le dessous  Couvercle avec fonction d&#039;encliquetage \u00e0 l&#039;ouverture pour faciliter l&#039;installation de l&#039;appareil  Vis desserr\u00e9es  Grand espace terminal  La luminosit\u00e9 peut \u00eatre r\u00e9gl\u00e9e sans avoir \u00e0 ouvrir l&#039;appareil de l&#039;ext\u00e9rieur Informations techniques LUNA 127 star S\" \/>\n<meta property=\"og:url\" content=\"https:\/\/mijntheben.snelprint.be\/product\/luna-127-etoile-s\/\" \/>\n<meta property=\"og:site_name\" content=\"MijnTheben\" \/>\n<meta name=\"twitter:card\" content=\"summary_large_image\" \/>\n<script type=\"application\/ld+json\" class=\"yoast-schema-graph\">{\"@context\":\"https:\\\/\\\/schema.org\",\"@graph\":[{\"@type\":\"WebPage\",\"@id\":\"https:\\\/\\\/mijntheben.snelprint.be\\\/product\\\/luna-127-etoile-s\\\/\",\"url\":\"https:\\\/\\\/mijntheben.snelprint.be\\\/product\\\/luna-127-etoile-s\\\/\",\"name\":\"LUNA 127 \u00e9toile S - MijnTheben\",\"isPartOf\":{\"@id\":\"https:\\\/\\\/mijntheben.snelprint.be\\\/#website\"},\"primaryImageOfPage\":{\"@id\":\"https:\\\/\\\/mijntheben.snelprint.be\\\/product\\\/luna-127-etoile-s\\\/#primaryimage\"},\"image\":{\"@id\":\"https:\\\/\\\/mijntheben.snelprint.be\\\/product\\\/luna-127-etoile-s\\\/#primaryimage\"},\"thumbnailUrl\":\"https:\\\/\\\/mijntheben.snelprint.be\\\/wp-content\\\/uploads\\\/2025\\\/01\\\/Luna127_StarS_Theben.jpg\",\"datePublished\":\"2024-11-22T21:29:34+00:00\",\"breadcrumb\":{\"@id\":\"https:\\\/\\\/mijntheben.snelprint.be\\\/product\\\/luna-127-etoile-s\\\/#breadcrumb\"},\"inLanguage\":\"fr-FR\",\"potentialAction\":[{\"@type\":\"ReadAction\",\"target\":[\"https:\\\/\\\/mijntheben.snelprint.be\\\/product\\\/luna-127-etoile-s\\\/\"]}]},{\"@type\":\"ImageObject\",\"inLanguage\":\"fr-FR\",\"@id\":\"https:\\\/\\\/mijntheben.snelprint.be\\\/product\\\/luna-127-etoile-s\\\/#primaryimage\",\"url\":\"https:\\\/\\\/mijntheben.snelprint.be\\\/wp-content\\\/uploads\\\/2025\\\/01\\\/Luna127_StarS_Theben.jpg\",\"contentUrl\":\"https:\\\/\\\/mijntheben.snelprint.be\\\/wp-content\\\/uploads\\\/2025\\\/01\\\/Luna127_StarS_Theben.jpg\",\"width\":1000,\"height\":1000},{\"@type\":\"BreadcrumbList\",\"@id\":\"https:\\\/\\\/mijntheben.snelprint.be\\\/product\\\/luna-127-etoile-s\\\/#breadcrumb\",\"itemListElement\":[{\"@type\":\"ListItem\",\"position\":1,\"name\":\"Home\",\"item\":\"https:\\\/\\\/mijntheben.snelprint.be\\\/fr\\\/\"},{\"@type\":\"ListItem\",\"position\":2,\"name\":\"Shop\",\"item\":\"https:\\\/\\\/mijntheben.snelprint.be\\\/fr\\\/boutique\\\/\"},{\"@type\":\"ListItem\",\"position\":3,\"name\":\"LUNA 127 \u00e9toile S\"}]},{\"@type\":\"WebSite\",\"@id\":\"https:\\\/\\\/mijntheben.snelprint.be\\\/#website\",\"url\":\"https:\\\/\\\/mijntheben.snelprint.be\\\/\",\"name\":\"MijnTheben\",\"description\":\"Onafhankelijke Theben webshop\",\"publisher\":{\"@id\":\"https:\\\/\\\/mijntheben.snelprint.be\\\/#organization\"},\"potentialAction\":[{\"@type\":\"SearchAction\",\"target\":{\"@type\":\"EntryPoint\",\"urlTemplate\":\"https:\\\/\\\/mijntheben.snelprint.be\\\/?s={search_term_string}\"},\"query-input\":{\"@type\":\"PropertyValueSpecification\",\"valueRequired\":true,\"valueName\":\"search_term_string\"}}],\"inLanguage\":\"fr-FR\"},{\"@type\":\"Organization\",\"@id\":\"https:\\\/\\\/mijntheben.snelprint.be\\\/#organization\",\"name\":\"MijnTheben | Theben producten online kopen\",\"url\":\"https:\\\/\\\/mijntheben.snelprint.be\\\/\",\"logo\":{\"@type\":\"ImageObject\",\"inLanguage\":\"fr-FR\",\"@id\":\"https:\\\/\\\/mijntheben.snelprint.be\\\/#\\\/schema\\\/logo\\\/image\\\/\",\"url\":\"https:\\\/\\\/mijntheben.snelprint.be\\\/wp-content\\\/uploads\\\/2025\\\/01\\\/logo-1.png\",\"contentUrl\":\"https:\\\/\\\/mijntheben.snelprint.be\\\/wp-content\\\/uploads\\\/2025\\\/01\\\/logo-1.png\",\"width\":405,\"height\":87,\"caption\":\"MijnTheben | Theben producten online kopen\"},\"image\":{\"@id\":\"https:\\\/\\\/mijntheben.snelprint.be\\\/#\\\/schema\\\/logo\\\/image\\\/\"}}]}<\/script>\n<!-- \/ Yoast SEO plugin. -->","yoast_head_json":{"title":"LUNA 127 \u00e9toile S - MijnTheben","robots":{"index":"index","follow":"follow","max-snippet":"max-snippet:-1","max-image-preview":"max-image-preview:large","max-video-preview":"max-video-preview:-1"},"canonical":"https:\/\/mijntheben.snelprint.be\/product\/luna-127-etoile-s\/","og_locale":"fr_FR","og_type":"article","og_title":"LUNA 127 \u00e9toile S - MijnTheben","og_description":"Interrupteur cr\u00e9pusculaire avec minuterie hebdomadaire int\u00e9gr\u00e9e -LUNA 127 star S - Theben  Interrupteur cr\u00e9pusculaire avec capteur de lumi\u00e8re int\u00e9gr\u00e9  Fonction de test  Fonction d'enseignement  Fonction minuterie (1 heure)  Plage de luminosit\u00e9 commutable : 2-100\/ 100-2000 lux  Alimentation des c\u00e2bles possible par l'arri\u00e8re et le dessous  Couvercle avec fonction d'encliquetage \u00e0 l'ouverture pour faciliter l'installation de l'appareil  Vis desserr\u00e9es  Grand espace terminal  La luminosit\u00e9 peut \u00eatre r\u00e9gl\u00e9e sans avoir \u00e0 ouvrir l'appareil de l'ext\u00e9rieur Informations techniques LUNA 127 star S","og_url":"https:\/\/mijntheben.snelprint.be\/product\/luna-127-etoile-s\/","og_site_name":"MijnTheben","twitter_card":"summary_large_image","schema":{"@context":"https:\/\/schema.org","@graph":[{"@type":"WebPage","@id":"https:\/\/mijntheben.snelprint.be\/product\/luna-127-etoile-s\/","url":"https:\/\/mijntheben.snelprint.be\/product\/luna-127-etoile-s\/","name":"LUNA 127 \u00e9toile S - MijnTheben","isPartOf":{"@id":"https:\/\/mijntheben.snelprint.be\/#website"},"primaryImageOfPage":{"@id":"https:\/\/mijntheben.snelprint.be\/product\/luna-127-etoile-s\/#primaryimage"},"image":{"@id":"https:\/\/mijntheben.snelprint.be\/product\/luna-127-etoile-s\/#primaryimage"},"thumbnailUrl":"https:\/\/mijntheben.snelprint.be\/wp-content\/uploads\/2025\/01\/Luna127_StarS_Theben.jpg","datePublished":"2024-11-22T21:29:34+00:00","breadcrumb":{"@id":"https:\/\/mijntheben.snelprint.be\/product\/luna-127-etoile-s\/#breadcrumb"},"inLanguage":"fr-FR","potentialAction":[{"@type":"ReadAction","target":["https:\/\/mijntheben.snelprint.be\/product\/luna-127-etoile-s\/"]}]},{"@type":"ImageObject","inLanguage":"fr-FR","@id":"https:\/\/mijntheben.snelprint.be\/product\/luna-127-etoile-s\/#primaryimage","url":"https:\/\/mijntheben.snelprint.be\/wp-content\/uploads\/2025\/01\/Luna127_StarS_Theben.jpg","contentUrl":"https:\/\/mijntheben.snelprint.be\/wp-content\/uploads\/2025\/01\/Luna127_StarS_Theben.jpg","width":1000,"height":1000},{"@type":"BreadcrumbList","@id":"https:\/\/mijntheben.snelprint.be\/product\/luna-127-etoile-s\/#breadcrumb","itemListElement":[{"@type":"ListItem","position":1,"name":"Home","item":"https:\/\/mijntheben.snelprint.be\/fr\/"},{"@type":"ListItem","position":2,"name":"Shop","item":"https:\/\/mijntheben.snelprint.be\/fr\/boutique\/"},{"@type":"ListItem","position":3,"name":"LUNA 127 \u00e9toile S"}]},{"@type":"WebSite","@id":"https:\/\/mijntheben.snelprint.be\/#website","url":"https:\/\/mijntheben.snelprint.be\/","name":"MijnTheben","description":"Onafhankelijke Theben webshop","publisher":{"@id":"https:\/\/mijntheben.snelprint.be\/#organization"},"potentialAction":[{"@type":"SearchAction","target":{"@type":"EntryPoint","urlTemplate":"https:\/\/mijntheben.snelprint.be\/?s={search_term_string}"},"query-input":{"@type":"PropertyValueSpecification","valueRequired":true,"valueName":"search_term_string"}}],"inLanguage":"fr-FR"},{"@type":"Organization","@id":"https:\/\/mijntheben.snelprint.be\/#organization","name":"MijnTheben | Theben producten online kopen","url":"https:\/\/mijntheben.snelprint.be\/","logo":{"@type":"ImageObject","inLanguage":"fr-FR","@id":"https:\/\/mijntheben.snelprint.be\/#\/schema\/logo\/image\/","url":"https:\/\/mijntheben.snelprint.be\/wp-content\/uploads\/2025\/01\/logo-1.png","contentUrl":"https:\/\/mijntheben.snelprint.be\/wp-content\/uploads\/2025\/01\/logo-1.png","width":405,"height":87,"caption":"MijnTheben | Theben producten online kopen"},"image":{"@id":"https:\/\/mijntheben.snelprint.be\/#\/schema\/logo\/image\/"}}]}},"_links":{"self":[{"href":"https:\/\/mijntheben.snelprint.be\/fr\/wp-json\/wp\/v2\/product\/3010815","targetHints":{"allow":["GET"]}}],"collection":[{"href":"https:\/\/mijntheben.snelprint.be\/fr\/wp-json\/wp\/v2\/product"}],"about":[{"href":"https:\/\/mijntheben.snelprint.be\/fr\/wp-json\/wp\/v2\/types\/product"}],"wp:featuredmedia":[{"embeddable":true,"href":"https:\/\/mijntheben.snelprint.be\/fr\/wp-json\/wp\/v2\/media\/3010338"}],"wp:attachment":[{"href":"https:\/\/mijntheben.snelprint.be\/fr\/wp-json\/wp\/v2\/media?parent=3010815"}],"wp:term":[{"taxonomy":"product_brand","embeddable":true,"href":"https:\/\/mijntheben.snelprint.be\/fr\/wp-json\/wp\/v2\/product_brand?post=3010815"},{"taxonomy":"product_cat","embeddable":true,"href":"https:\/\/mijntheben.snelprint.be\/fr\/wp-json\/wp\/v2\/product_cat?post=3010815"},{"taxonomy":"product_tag","embeddable":true,"href":"https:\/\/mijntheben.snelprint.be\/fr\/wp-json\/wp\/v2\/product_tag?post=3010815"}],"curies":[{"name":"wp","href":"https:\/\/api.w.org\/{rel}","templated":true}]}}