{"id":3010816,"date":"2024-11-22T21:29:33","date_gmt":"2024-11-22T21:29:33","guid":{"rendered":"https:\/\/mijntheben.snelprint.be\/product\/luna-121-top3-rc-al\/"},"modified":"2024-11-22T21:29:33","modified_gmt":"2024-11-22T21:29:33","slug":"luna-121-top3-rc-al","status":"publish","type":"product","link":"https:\/\/mijntheben.snelprint.be\/fr\/product\/luna-121-top3-rc-al\/","title":{"rendered":"LUNA 121 top3 RC AL"},"content":{"rendered":"<p>Interrupteur cr\u00e9pusculaire avec minuterie hebdomadaire int\u00e9gr\u00e9e &#8211; LUNA 121 top3 RC AL &#8211; Theben<\/p>\n","protected":false},"excerpt":{"rendered":"<p>Interrupteur cr\u00e9pusculaire avec minuterie hebdomadaire int\u00e9gr\u00e9e &#8211; LUNA 121 top3 RC AL &#8211; Theben<\/p>\n<ul>\n<li>Interrupteur cr\u00e9pusculaire avec minuterie hebdomadaire int\u00e9gr\u00e9e<\/li>\n<li>Capteur de lumi\u00e8re externe inclus<\/li>\n<li>1 canal<\/li>\n<li>Entr\u00e9e de commande externe<\/li>\n<li>Contr\u00f4le sans fil du GPS\/DCF77 via une antenne externe<\/li>\n<li>3 programmes sp\u00e9ciaux avec fonction annuelle<\/li>\n<li>84 emplacements de m\u00e9moire<\/li>\n<li>Programmation d&rsquo;applications<\/li>\n<li>Transfert s\u00e9curis\u00e9 avec Bluetooth Low Energy OBELISK top3<\/li>\n<li>Protection \u00e9lev\u00e9e contre les manipulations, les programmes ne peuvent \u00eatre transf\u00e9r\u00e9s vers l&rsquo;appareil que lorsque le dongle est ins\u00e9r\u00e9 dans l&rsquo;horloge, aucun programme ne peut \u00eatre transf\u00e9r\u00e9 sans dongle.<\/li>\n<\/ul>\n<p>Informations techniques <a href=\"https:\/\/www.theben-nederland.nl\/ocsmedia\/optimized\/full\/o35122v78%20LUNA%20121%20top3%20RC%20AL%20-%20Infosheet%20.pdf\">LUNA 121 top3 RC AL<\/a><\/p>\n","protected":false},"featured_media":3010344,"template":"","meta":[],"product_brand":[],"product_cat":[106],"product_tag":[107,96],"class_list":{"0":"post-3010816","1":"product","2":"type-product","3":"status-publish","4":"has-post-thumbnail","6":"product_cat-interrupteur-crepusculaire","7":"product_tag-interrupteur-crepusculaire","8":"product_tag-theben-fr","10":"first","11":"instock","12":"taxable","13":"shipping-taxable","14":"purchasable","15":"product-type-simple"},"yoast_head":"<!-- This site is optimized with the Yoast SEO plugin v27.4 - https:\/\/yoast.com\/product\/yoast-seo-wordpress\/ -->\n<title>LUNA 121 top3 RC AL - MijnTheben<\/title>\n<meta name=\"robots\" content=\"index, follow, max-snippet:-1, max-image-preview:large, max-video-preview:-1\" \/>\n<link rel=\"canonical\" href=\"https:\/\/mijntheben.snelprint.be\/product\/luna-121-top3-rc-al\/\" \/>\n<meta property=\"og:locale\" content=\"fr_FR\" \/>\n<meta property=\"og:type\" content=\"article\" \/>\n<meta property=\"og:title\" content=\"LUNA 121 top3 RC AL - MijnTheben\" \/>\n<meta property=\"og:description\" content=\"Interrupteur cr\u00e9pusculaire avec minuterie hebdomadaire int\u00e9gr\u00e9e - LUNA 121 top3 RC AL - Theben  Interrupteur cr\u00e9pusculaire avec minuterie hebdomadaire int\u00e9gr\u00e9e  Capteur de lumi\u00e8re externe inclus  1 canal  Entr\u00e9e de commande externe  Contr\u00f4le sans fil du GPS\/DCF77 via une antenne externe  3 programmes sp\u00e9ciaux avec fonction annuelle  84 emplacements de m\u00e9moire  Programmation d&#039;applications  Transfert s\u00e9curis\u00e9 avec Bluetooth Low Energy OBELISK top3  Protection \u00e9lev\u00e9e contre les manipulations, les programmes ne peuvent \u00eatre transf\u00e9r\u00e9s vers l&#039;appareil que lorsque le dongle est ins\u00e9r\u00e9 dans l&#039;horloge, aucun programme ne peut \u00eatre transf\u00e9r\u00e9 sans dongle. Informations techniques LUNA 121 top3 RC AL\" \/>\n<meta property=\"og:url\" content=\"https:\/\/mijntheben.snelprint.be\/product\/luna-121-top3-rc-al\/\" \/>\n<meta property=\"og:site_name\" content=\"MijnTheben\" \/>\n<meta name=\"twitter:card\" content=\"summary_large_image\" \/>\n<script type=\"application\/ld+json\" class=\"yoast-schema-graph\">{\"@context\":\"https:\\\/\\\/schema.org\",\"@graph\":[{\"@type\":\"WebPage\",\"@id\":\"https:\\\/\\\/mijntheben.snelprint.be\\\/product\\\/luna-121-top3-rc-al\\\/\",\"url\":\"https:\\\/\\\/mijntheben.snelprint.be\\\/product\\\/luna-121-top3-rc-al\\\/\",\"name\":\"LUNA 121 top3 RC AL - MijnTheben\",\"isPartOf\":{\"@id\":\"https:\\\/\\\/mijntheben.snelprint.be\\\/#website\"},\"primaryImageOfPage\":{\"@id\":\"https:\\\/\\\/mijntheben.snelprint.be\\\/product\\\/luna-121-top3-rc-al\\\/#primaryimage\"},\"image\":{\"@id\":\"https:\\\/\\\/mijntheben.snelprint.be\\\/product\\\/luna-121-top3-rc-al\\\/#primaryimage\"},\"thumbnailUrl\":\"https:\\\/\\\/mijntheben.snelprint.be\\\/wp-content\\\/uploads\\\/2025\\\/01\\\/Luna121top3RC_AL_Theben.jpg\",\"datePublished\":\"2024-11-22T21:29:33+00:00\",\"breadcrumb\":{\"@id\":\"https:\\\/\\\/mijntheben.snelprint.be\\\/product\\\/luna-121-top3-rc-al\\\/#breadcrumb\"},\"inLanguage\":\"fr-FR\",\"potentialAction\":[{\"@type\":\"ReadAction\",\"target\":[\"https:\\\/\\\/mijntheben.snelprint.be\\\/product\\\/luna-121-top3-rc-al\\\/\"]}]},{\"@type\":\"ImageObject\",\"inLanguage\":\"fr-FR\",\"@id\":\"https:\\\/\\\/mijntheben.snelprint.be\\\/product\\\/luna-121-top3-rc-al\\\/#primaryimage\",\"url\":\"https:\\\/\\\/mijntheben.snelprint.be\\\/wp-content\\\/uploads\\\/2025\\\/01\\\/Luna121top3RC_AL_Theben.jpg\",\"contentUrl\":\"https:\\\/\\\/mijntheben.snelprint.be\\\/wp-content\\\/uploads\\\/2025\\\/01\\\/Luna121top3RC_AL_Theben.jpg\",\"width\":1000,\"height\":1000},{\"@type\":\"BreadcrumbList\",\"@id\":\"https:\\\/\\\/mijntheben.snelprint.be\\\/product\\\/luna-121-top3-rc-al\\\/#breadcrumb\",\"itemListElement\":[{\"@type\":\"ListItem\",\"position\":1,\"name\":\"Home\",\"item\":\"https:\\\/\\\/mijntheben.snelprint.be\\\/fr\\\/\"},{\"@type\":\"ListItem\",\"position\":2,\"name\":\"Shop\",\"item\":\"https:\\\/\\\/mijntheben.snelprint.be\\\/fr\\\/boutique\\\/\"},{\"@type\":\"ListItem\",\"position\":3,\"name\":\"LUNA 121 top3 RC AL\"}]},{\"@type\":\"WebSite\",\"@id\":\"https:\\\/\\\/mijntheben.snelprint.be\\\/#website\",\"url\":\"https:\\\/\\\/mijntheben.snelprint.be\\\/\",\"name\":\"MijnTheben\",\"description\":\"Onafhankelijke Theben webshop\",\"publisher\":{\"@id\":\"https:\\\/\\\/mijntheben.snelprint.be\\\/#organization\"},\"potentialAction\":[{\"@type\":\"SearchAction\",\"target\":{\"@type\":\"EntryPoint\",\"urlTemplate\":\"https:\\\/\\\/mijntheben.snelprint.be\\\/?s={search_term_string}\"},\"query-input\":{\"@type\":\"PropertyValueSpecification\",\"valueRequired\":true,\"valueName\":\"search_term_string\"}}],\"inLanguage\":\"fr-FR\"},{\"@type\":\"Organization\",\"@id\":\"https:\\\/\\\/mijntheben.snelprint.be\\\/#organization\",\"name\":\"MijnTheben | Theben producten online kopen\",\"url\":\"https:\\\/\\\/mijntheben.snelprint.be\\\/\",\"logo\":{\"@type\":\"ImageObject\",\"inLanguage\":\"fr-FR\",\"@id\":\"https:\\\/\\\/mijntheben.snelprint.be\\\/#\\\/schema\\\/logo\\\/image\\\/\",\"url\":\"https:\\\/\\\/mijntheben.snelprint.be\\\/wp-content\\\/uploads\\\/2025\\\/01\\\/logo-1.png\",\"contentUrl\":\"https:\\\/\\\/mijntheben.snelprint.be\\\/wp-content\\\/uploads\\\/2025\\\/01\\\/logo-1.png\",\"width\":405,\"height\":87,\"caption\":\"MijnTheben | Theben producten online kopen\"},\"image\":{\"@id\":\"https:\\\/\\\/mijntheben.snelprint.be\\\/#\\\/schema\\\/logo\\\/image\\\/\"}}]}<\/script>\n<!-- \/ Yoast SEO plugin. -->","yoast_head_json":{"title":"LUNA 121 top3 RC AL - MijnTheben","robots":{"index":"index","follow":"follow","max-snippet":"max-snippet:-1","max-image-preview":"max-image-preview:large","max-video-preview":"max-video-preview:-1"},"canonical":"https:\/\/mijntheben.snelprint.be\/product\/luna-121-top3-rc-al\/","og_locale":"fr_FR","og_type":"article","og_title":"LUNA 121 top3 RC AL - MijnTheben","og_description":"Interrupteur cr\u00e9pusculaire avec minuterie hebdomadaire int\u00e9gr\u00e9e - LUNA 121 top3 RC AL - Theben  Interrupteur cr\u00e9pusculaire avec minuterie hebdomadaire int\u00e9gr\u00e9e  Capteur de lumi\u00e8re externe inclus  1 canal  Entr\u00e9e de commande externe  Contr\u00f4le sans fil du GPS\/DCF77 via une antenne externe  3 programmes sp\u00e9ciaux avec fonction annuelle  84 emplacements de m\u00e9moire  Programmation d'applications  Transfert s\u00e9curis\u00e9 avec Bluetooth Low Energy OBELISK top3  Protection \u00e9lev\u00e9e contre les manipulations, les programmes ne peuvent \u00eatre transf\u00e9r\u00e9s vers l'appareil que lorsque le dongle est ins\u00e9r\u00e9 dans l'horloge, aucun programme ne peut \u00eatre transf\u00e9r\u00e9 sans dongle. Informations techniques LUNA 121 top3 RC AL","og_url":"https:\/\/mijntheben.snelprint.be\/product\/luna-121-top3-rc-al\/","og_site_name":"MijnTheben","twitter_card":"summary_large_image","schema":{"@context":"https:\/\/schema.org","@graph":[{"@type":"WebPage","@id":"https:\/\/mijntheben.snelprint.be\/product\/luna-121-top3-rc-al\/","url":"https:\/\/mijntheben.snelprint.be\/product\/luna-121-top3-rc-al\/","name":"LUNA 121 top3 RC AL - MijnTheben","isPartOf":{"@id":"https:\/\/mijntheben.snelprint.be\/#website"},"primaryImageOfPage":{"@id":"https:\/\/mijntheben.snelprint.be\/product\/luna-121-top3-rc-al\/#primaryimage"},"image":{"@id":"https:\/\/mijntheben.snelprint.be\/product\/luna-121-top3-rc-al\/#primaryimage"},"thumbnailUrl":"https:\/\/mijntheben.snelprint.be\/wp-content\/uploads\/2025\/01\/Luna121top3RC_AL_Theben.jpg","datePublished":"2024-11-22T21:29:33+00:00","breadcrumb":{"@id":"https:\/\/mijntheben.snelprint.be\/product\/luna-121-top3-rc-al\/#breadcrumb"},"inLanguage":"fr-FR","potentialAction":[{"@type":"ReadAction","target":["https:\/\/mijntheben.snelprint.be\/product\/luna-121-top3-rc-al\/"]}]},{"@type":"ImageObject","inLanguage":"fr-FR","@id":"https:\/\/mijntheben.snelprint.be\/product\/luna-121-top3-rc-al\/#primaryimage","url":"https:\/\/mijntheben.snelprint.be\/wp-content\/uploads\/2025\/01\/Luna121top3RC_AL_Theben.jpg","contentUrl":"https:\/\/mijntheben.snelprint.be\/wp-content\/uploads\/2025\/01\/Luna121top3RC_AL_Theben.jpg","width":1000,"height":1000},{"@type":"BreadcrumbList","@id":"https:\/\/mijntheben.snelprint.be\/product\/luna-121-top3-rc-al\/#breadcrumb","itemListElement":[{"@type":"ListItem","position":1,"name":"Home","item":"https:\/\/mijntheben.snelprint.be\/fr\/"},{"@type":"ListItem","position":2,"name":"Shop","item":"https:\/\/mijntheben.snelprint.be\/fr\/boutique\/"},{"@type":"ListItem","position":3,"name":"LUNA 121 top3 RC AL"}]},{"@type":"WebSite","@id":"https:\/\/mijntheben.snelprint.be\/#website","url":"https:\/\/mijntheben.snelprint.be\/","name":"MijnTheben","description":"Onafhankelijke Theben webshop","publisher":{"@id":"https:\/\/mijntheben.snelprint.be\/#organization"},"potentialAction":[{"@type":"SearchAction","target":{"@type":"EntryPoint","urlTemplate":"https:\/\/mijntheben.snelprint.be\/?s={search_term_string}"},"query-input":{"@type":"PropertyValueSpecification","valueRequired":true,"valueName":"search_term_string"}}],"inLanguage":"fr-FR"},{"@type":"Organization","@id":"https:\/\/mijntheben.snelprint.be\/#organization","name":"MijnTheben | Theben producten online kopen","url":"https:\/\/mijntheben.snelprint.be\/","logo":{"@type":"ImageObject","inLanguage":"fr-FR","@id":"https:\/\/mijntheben.snelprint.be\/#\/schema\/logo\/image\/","url":"https:\/\/mijntheben.snelprint.be\/wp-content\/uploads\/2025\/01\/logo-1.png","contentUrl":"https:\/\/mijntheben.snelprint.be\/wp-content\/uploads\/2025\/01\/logo-1.png","width":405,"height":87,"caption":"MijnTheben | Theben producten online kopen"},"image":{"@id":"https:\/\/mijntheben.snelprint.be\/#\/schema\/logo\/image\/"}}]}},"_links":{"self":[{"href":"https:\/\/mijntheben.snelprint.be\/fr\/wp-json\/wp\/v2\/product\/3010816","targetHints":{"allow":["GET"]}}],"collection":[{"href":"https:\/\/mijntheben.snelprint.be\/fr\/wp-json\/wp\/v2\/product"}],"about":[{"href":"https:\/\/mijntheben.snelprint.be\/fr\/wp-json\/wp\/v2\/types\/product"}],"wp:featuredmedia":[{"embeddable":true,"href":"https:\/\/mijntheben.snelprint.be\/fr\/wp-json\/wp\/v2\/media\/3010344"}],"wp:attachment":[{"href":"https:\/\/mijntheben.snelprint.be\/fr\/wp-json\/wp\/v2\/media?parent=3010816"}],"wp:term":[{"taxonomy":"product_brand","embeddable":true,"href":"https:\/\/mijntheben.snelprint.be\/fr\/wp-json\/wp\/v2\/product_brand?post=3010816"},{"taxonomy":"product_cat","embeddable":true,"href":"https:\/\/mijntheben.snelprint.be\/fr\/wp-json\/wp\/v2\/product_cat?post=3010816"},{"taxonomy":"product_tag","embeddable":true,"href":"https:\/\/mijntheben.snelprint.be\/fr\/wp-json\/wp\/v2\/product_tag?post=3010816"}],"curies":[{"name":"wp","href":"https:\/\/api.w.org\/{rel}","templated":true}]}}