{"id":3010817,"date":"2024-11-22T21:29:12","date_gmt":"2024-11-22T21:29:12","guid":{"rendered":"https:\/\/mijntheben.snelprint.be\/product\/selekta-172-top-3-rc\/"},"modified":"2024-11-22T21:29:12","modified_gmt":"2024-11-22T21:29:12","slug":"selekta-172-top-3-rc","status":"publish","type":"product","link":"https:\/\/mijntheben.snelprint.be\/fr\/product\/selekta-172-top-3-rc\/","title":{"rendered":"Selekta 172 top 3 RC"},"content":{"rendered":"<p>Horloge Astro avec programme hebdomadaire &#8211; Selekta 172 top3 RC &#8211; Theben<\/p>\n","protected":false},"excerpt":{"rendered":"<p>Horloge Astro avec programme hebdomadaire &#8211; Selekta 172 top3 RC &#8211; Theben<\/p>\n<ul>\n<li>Horloge astro avec programme hebdomadaire<\/li>\n<li>Synchronisation horaire possible par le raccordement d&rsquo;une antenne externe, par exemple l&rsquo;antenne top2 RC-DCF ou l&rsquo;antenne top2 GPS.<\/li>\n<li>2 canaux<\/li>\n<li>Programmation d&rsquo;applications possible<\/li>\n<li>Transfert s\u00e9curis\u00e9 avec l&rsquo;OBELISK top3 Bluetooth Low Energy en option<\/li>\n<li>Protection maximale contre les manipulations, les programmes de minuterie ne peuvent \u00eatre transf\u00e9r\u00e9s de l&rsquo;application \u00e0 l&rsquo;horloge que lorsque l&rsquo;OBELISK top3 Bluetooth est branch\u00e9 sur l&rsquo;horloge.<\/li>\n<li>100% compatible avec top2<\/li>\n<li>3 programmes sp\u00e9ciaux (petit programme annuel)<\/li>\n<li>3 modes cr\u00e9pusculaires individuels et d\u00e9calage r\u00e9glable (coucher de soleil, cr\u00e9puscule, obscurit\u00e9)<\/li>\n<li>Astro-pulse<\/li>\n<\/ul>\n<p><a href=\"https:\/\/www.theben-nederland.nl\/ocsmedia\/optimized\/full\/o35195v78%20SELEKTA%20172%20top3%20RC%20-%20Infosheet%20.pdf\">Informations techniques Selekta 172 top 3 RC<\/a><\/p>\n","protected":false},"featured_media":3010348,"template":"","meta":[],"product_brand":[],"product_cat":[108],"product_tag":[109,96],"class_list":{"0":"post-3010817","1":"product","2":"type-product","3":"status-publish","4":"has-post-thumbnail","6":"product_cat-horloge","7":"product_tag-horloge","8":"product_tag-theben-fr","10":"first","11":"instock","12":"taxable","13":"shipping-taxable","14":"purchasable","15":"product-type-simple"},"yoast_head":"<!-- This site is optimized with the Yoast SEO plugin v27.3 - https:\/\/yoast.com\/product\/yoast-seo-wordpress\/ -->\n<title>Selekta 172 top 3 RC - MijnTheben<\/title>\n<meta name=\"robots\" content=\"index, follow, max-snippet:-1, max-image-preview:large, max-video-preview:-1\" \/>\n<link rel=\"canonical\" href=\"https:\/\/mijntheben.snelprint.be\/product\/selekta-172-top-3-rc\/\" \/>\n<meta property=\"og:locale\" content=\"fr_FR\" \/>\n<meta property=\"og:type\" content=\"article\" \/>\n<meta property=\"og:title\" content=\"Selekta 172 top 3 RC - MijnTheben\" \/>\n<meta property=\"og:description\" content=\"Horloge Astro avec programme hebdomadaire - Selekta 172 top3 RC - Theben  Horloge astro avec programme hebdomadaire  Synchronisation horaire possible par le raccordement d&#039;une antenne externe, par exemple l&#039;antenne top2 RC-DCF ou l&#039;antenne top2 GPS.  2 canaux  Programmation d&#039;applications possible  Transfert s\u00e9curis\u00e9 avec l&#039;OBELISK top3 Bluetooth Low Energy en option  Protection maximale contre les manipulations, les programmes de minuterie ne peuvent \u00eatre transf\u00e9r\u00e9s de l&#039;application \u00e0 l&#039;horloge que lorsque l&#039;OBELISK top3 Bluetooth est branch\u00e9 sur l&#039;horloge.  100% compatible avec top2  3 programmes sp\u00e9ciaux (petit programme annuel)  3 modes cr\u00e9pusculaires individuels et d\u00e9calage r\u00e9glable (coucher de soleil, cr\u00e9puscule, obscurit\u00e9)  Astro-pulse Informations techniques Selekta 172 top 3 RC\" \/>\n<meta property=\"og:url\" content=\"https:\/\/mijntheben.snelprint.be\/product\/selekta-172-top-3-rc\/\" \/>\n<meta property=\"og:site_name\" content=\"MijnTheben\" \/>\n<meta name=\"twitter:card\" content=\"summary_large_image\" \/>\n<script type=\"application\/ld+json\" class=\"yoast-schema-graph\">{\"@context\":\"https:\\\/\\\/schema.org\",\"@graph\":[{\"@type\":\"WebPage\",\"@id\":\"https:\\\/\\\/mijntheben.snelprint.be\\\/product\\\/selekta-172-top-3-rc\\\/\",\"url\":\"https:\\\/\\\/mijntheben.snelprint.be\\\/product\\\/selekta-172-top-3-rc\\\/\",\"name\":\"Selekta 172 top 3 RC - MijnTheben\",\"isPartOf\":{\"@id\":\"https:\\\/\\\/mijntheben.snelprint.be\\\/#website\"},\"primaryImageOfPage\":{\"@id\":\"https:\\\/\\\/mijntheben.snelprint.be\\\/product\\\/selekta-172-top-3-rc\\\/#primaryimage\"},\"image\":{\"@id\":\"https:\\\/\\\/mijntheben.snelprint.be\\\/product\\\/selekta-172-top-3-rc\\\/#primaryimage\"},\"thumbnailUrl\":\"https:\\\/\\\/mijntheben.snelprint.be\\\/wp-content\\\/uploads\\\/2025\\\/01\\\/Selekta172_top3_RC_Theben.jpg\",\"datePublished\":\"2024-11-22T21:29:12+00:00\",\"breadcrumb\":{\"@id\":\"https:\\\/\\\/mijntheben.snelprint.be\\\/product\\\/selekta-172-top-3-rc\\\/#breadcrumb\"},\"inLanguage\":\"fr-FR\",\"potentialAction\":[{\"@type\":\"ReadAction\",\"target\":[\"https:\\\/\\\/mijntheben.snelprint.be\\\/product\\\/selekta-172-top-3-rc\\\/\"]}]},{\"@type\":\"ImageObject\",\"inLanguage\":\"fr-FR\",\"@id\":\"https:\\\/\\\/mijntheben.snelprint.be\\\/product\\\/selekta-172-top-3-rc\\\/#primaryimage\",\"url\":\"https:\\\/\\\/mijntheben.snelprint.be\\\/wp-content\\\/uploads\\\/2025\\\/01\\\/Selekta172_top3_RC_Theben.jpg\",\"contentUrl\":\"https:\\\/\\\/mijntheben.snelprint.be\\\/wp-content\\\/uploads\\\/2025\\\/01\\\/Selekta172_top3_RC_Theben.jpg\",\"width\":1000,\"height\":1000},{\"@type\":\"BreadcrumbList\",\"@id\":\"https:\\\/\\\/mijntheben.snelprint.be\\\/product\\\/selekta-172-top-3-rc\\\/#breadcrumb\",\"itemListElement\":[{\"@type\":\"ListItem\",\"position\":1,\"name\":\"Home\",\"item\":\"https:\\\/\\\/mijntheben.snelprint.be\\\/fr\\\/\"},{\"@type\":\"ListItem\",\"position\":2,\"name\":\"Shop\",\"item\":\"https:\\\/\\\/mijntheben.snelprint.be\\\/fr\\\/boutique\\\/\"},{\"@type\":\"ListItem\",\"position\":3,\"name\":\"Selekta 172 top 3 RC\"}]},{\"@type\":\"WebSite\",\"@id\":\"https:\\\/\\\/mijntheben.snelprint.be\\\/#website\",\"url\":\"https:\\\/\\\/mijntheben.snelprint.be\\\/\",\"name\":\"MijnTheben\",\"description\":\"Onafhankelijke Theben webshop\",\"publisher\":{\"@id\":\"https:\\\/\\\/mijntheben.snelprint.be\\\/#organization\"},\"potentialAction\":[{\"@type\":\"SearchAction\",\"target\":{\"@type\":\"EntryPoint\",\"urlTemplate\":\"https:\\\/\\\/mijntheben.snelprint.be\\\/?s={search_term_string}\"},\"query-input\":{\"@type\":\"PropertyValueSpecification\",\"valueRequired\":true,\"valueName\":\"search_term_string\"}}],\"inLanguage\":\"fr-FR\"},{\"@type\":\"Organization\",\"@id\":\"https:\\\/\\\/mijntheben.snelprint.be\\\/#organization\",\"name\":\"MijnTheben | Theben producten online kopen\",\"url\":\"https:\\\/\\\/mijntheben.snelprint.be\\\/\",\"logo\":{\"@type\":\"ImageObject\",\"inLanguage\":\"fr-FR\",\"@id\":\"https:\\\/\\\/mijntheben.snelprint.be\\\/#\\\/schema\\\/logo\\\/image\\\/\",\"url\":\"https:\\\/\\\/mijntheben.snelprint.be\\\/wp-content\\\/uploads\\\/2025\\\/01\\\/logo-1.png\",\"contentUrl\":\"https:\\\/\\\/mijntheben.snelprint.be\\\/wp-content\\\/uploads\\\/2025\\\/01\\\/logo-1.png\",\"width\":405,\"height\":87,\"caption\":\"MijnTheben | Theben producten online kopen\"},\"image\":{\"@id\":\"https:\\\/\\\/mijntheben.snelprint.be\\\/#\\\/schema\\\/logo\\\/image\\\/\"}}]}<\/script>\n<!-- \/ Yoast SEO plugin. -->","yoast_head_json":{"title":"Selekta 172 top 3 RC - MijnTheben","robots":{"index":"index","follow":"follow","max-snippet":"max-snippet:-1","max-image-preview":"max-image-preview:large","max-video-preview":"max-video-preview:-1"},"canonical":"https:\/\/mijntheben.snelprint.be\/product\/selekta-172-top-3-rc\/","og_locale":"fr_FR","og_type":"article","og_title":"Selekta 172 top 3 RC - MijnTheben","og_description":"Horloge Astro avec programme hebdomadaire - Selekta 172 top3 RC - Theben  Horloge astro avec programme hebdomadaire  Synchronisation horaire possible par le raccordement d'une antenne externe, par exemple l'antenne top2 RC-DCF ou l'antenne top2 GPS.  2 canaux  Programmation d'applications possible  Transfert s\u00e9curis\u00e9 avec l'OBELISK top3 Bluetooth Low Energy en option  Protection maximale contre les manipulations, les programmes de minuterie ne peuvent \u00eatre transf\u00e9r\u00e9s de l'application \u00e0 l'horloge que lorsque l'OBELISK top3 Bluetooth est branch\u00e9 sur l'horloge.  100% compatible avec top2  3 programmes sp\u00e9ciaux (petit programme annuel)  3 modes cr\u00e9pusculaires individuels et d\u00e9calage r\u00e9glable (coucher de soleil, cr\u00e9puscule, obscurit\u00e9)  Astro-pulse Informations techniques Selekta 172 top 3 RC","og_url":"https:\/\/mijntheben.snelprint.be\/product\/selekta-172-top-3-rc\/","og_site_name":"MijnTheben","twitter_card":"summary_large_image","schema":{"@context":"https:\/\/schema.org","@graph":[{"@type":"WebPage","@id":"https:\/\/mijntheben.snelprint.be\/product\/selekta-172-top-3-rc\/","url":"https:\/\/mijntheben.snelprint.be\/product\/selekta-172-top-3-rc\/","name":"Selekta 172 top 3 RC - MijnTheben","isPartOf":{"@id":"https:\/\/mijntheben.snelprint.be\/#website"},"primaryImageOfPage":{"@id":"https:\/\/mijntheben.snelprint.be\/product\/selekta-172-top-3-rc\/#primaryimage"},"image":{"@id":"https:\/\/mijntheben.snelprint.be\/product\/selekta-172-top-3-rc\/#primaryimage"},"thumbnailUrl":"https:\/\/mijntheben.snelprint.be\/wp-content\/uploads\/2025\/01\/Selekta172_top3_RC_Theben.jpg","datePublished":"2024-11-22T21:29:12+00:00","breadcrumb":{"@id":"https:\/\/mijntheben.snelprint.be\/product\/selekta-172-top-3-rc\/#breadcrumb"},"inLanguage":"fr-FR","potentialAction":[{"@type":"ReadAction","target":["https:\/\/mijntheben.snelprint.be\/product\/selekta-172-top-3-rc\/"]}]},{"@type":"ImageObject","inLanguage":"fr-FR","@id":"https:\/\/mijntheben.snelprint.be\/product\/selekta-172-top-3-rc\/#primaryimage","url":"https:\/\/mijntheben.snelprint.be\/wp-content\/uploads\/2025\/01\/Selekta172_top3_RC_Theben.jpg","contentUrl":"https:\/\/mijntheben.snelprint.be\/wp-content\/uploads\/2025\/01\/Selekta172_top3_RC_Theben.jpg","width":1000,"height":1000},{"@type":"BreadcrumbList","@id":"https:\/\/mijntheben.snelprint.be\/product\/selekta-172-top-3-rc\/#breadcrumb","itemListElement":[{"@type":"ListItem","position":1,"name":"Home","item":"https:\/\/mijntheben.snelprint.be\/fr\/"},{"@type":"ListItem","position":2,"name":"Shop","item":"https:\/\/mijntheben.snelprint.be\/fr\/boutique\/"},{"@type":"ListItem","position":3,"name":"Selekta 172 top 3 RC"}]},{"@type":"WebSite","@id":"https:\/\/mijntheben.snelprint.be\/#website","url":"https:\/\/mijntheben.snelprint.be\/","name":"MijnTheben","description":"Onafhankelijke Theben webshop","publisher":{"@id":"https:\/\/mijntheben.snelprint.be\/#organization"},"potentialAction":[{"@type":"SearchAction","target":{"@type":"EntryPoint","urlTemplate":"https:\/\/mijntheben.snelprint.be\/?s={search_term_string}"},"query-input":{"@type":"PropertyValueSpecification","valueRequired":true,"valueName":"search_term_string"}}],"inLanguage":"fr-FR"},{"@type":"Organization","@id":"https:\/\/mijntheben.snelprint.be\/#organization","name":"MijnTheben | Theben producten online kopen","url":"https:\/\/mijntheben.snelprint.be\/","logo":{"@type":"ImageObject","inLanguage":"fr-FR","@id":"https:\/\/mijntheben.snelprint.be\/#\/schema\/logo\/image\/","url":"https:\/\/mijntheben.snelprint.be\/wp-content\/uploads\/2025\/01\/logo-1.png","contentUrl":"https:\/\/mijntheben.snelprint.be\/wp-content\/uploads\/2025\/01\/logo-1.png","width":405,"height":87,"caption":"MijnTheben | Theben producten online kopen"},"image":{"@id":"https:\/\/mijntheben.snelprint.be\/#\/schema\/logo\/image\/"}}]}},"_links":{"self":[{"href":"https:\/\/mijntheben.snelprint.be\/fr\/wp-json\/wp\/v2\/product\/3010817","targetHints":{"allow":["GET"]}}],"collection":[{"href":"https:\/\/mijntheben.snelprint.be\/fr\/wp-json\/wp\/v2\/product"}],"about":[{"href":"https:\/\/mijntheben.snelprint.be\/fr\/wp-json\/wp\/v2\/types\/product"}],"wp:featuredmedia":[{"embeddable":true,"href":"https:\/\/mijntheben.snelprint.be\/fr\/wp-json\/wp\/v2\/media\/3010348"}],"wp:attachment":[{"href":"https:\/\/mijntheben.snelprint.be\/fr\/wp-json\/wp\/v2\/media?parent=3010817"}],"wp:term":[{"taxonomy":"product_brand","embeddable":true,"href":"https:\/\/mijntheben.snelprint.be\/fr\/wp-json\/wp\/v2\/product_brand?post=3010817"},{"taxonomy":"product_cat","embeddable":true,"href":"https:\/\/mijntheben.snelprint.be\/fr\/wp-json\/wp\/v2\/product_cat?post=3010817"},{"taxonomy":"product_tag","embeddable":true,"href":"https:\/\/mijntheben.snelprint.be\/fr\/wp-json\/wp\/v2\/product_tag?post=3010817"}],"curies":[{"name":"wp","href":"https:\/\/api.w.org\/{rel}","templated":true}]}}