{"id":3010819,"date":"2024-11-22T21:29:11","date_gmt":"2024-11-22T21:29:11","guid":{"rendered":"https:\/\/mijntheben.snelprint.be\/product\/elpa-9-la-minuterie-de-lescalier\/"},"modified":"2024-11-22T21:29:11","modified_gmt":"2024-11-22T21:29:11","slug":"elpa-9-la-minuterie-de-lescalier","status":"publish","type":"product","link":"https:\/\/mijntheben.snelprint.be\/fr\/product\/elpa-9-la-minuterie-de-lescalier\/","title":{"rendered":"Elpa 9 &#8211; La minuterie de l&rsquo;escalier"},"content":{"rendered":"<p>Minuterie d&rsquo;escalier &#8211; \u00e9lectrom\u00e9canique &#8211; Elpa 9 &#8211; Theben<\/p>\n","protected":false},"excerpt":{"rendered":"<p>Minuterie d&rsquo;escalier &#8211; \u00e9lectrom\u00e9canique Elpa 9 &#8211; Theben<\/p>\n<ul>\n<li>Minuterie d&rsquo;escalier, \u00e9lectrom\u00e9canique<\/li>\n<li>Syst\u00e8me de connexion \u00e0 3 fils et \u00e9clairage au sol, mais sans commutation secondaire (plus autoris\u00e9 pour les nouvelles installations)<\/li>\n<li>Positionnement de la pince comme ELPA 8<\/li>\n<li>Pas de consommation de courant \u00e0 vide<\/li>\n<li>Interrupteur \u00e0 bascule pour l&rsquo;\u00e9clairage permanent<\/li>\n<li>Extr\u00eamement fiable gr\u00e2ce \u00e0 l&rsquo;entra\u00eenement par moteur synchrone<\/li>\n<li>Mise \u00e0 l&rsquo;heure tr\u00e8s simple et lecture instantan\u00e9e du temps de retard sur une \u00e9chelle absolue<\/li>\n<li>M\u00e9canique de pr\u00e9cision et donc temps de commutation pr\u00e9cis<\/li>\n<li>Tr\u00e8s insensible aux interf\u00e9rences<\/li>\n<\/ul>\n<p><a href=\"https:\/\/www.theben-nederland.nl\/nl\/elpa-9-0090001\">Informations techniques Elpa 9<\/a><\/p>\n","protected":false},"featured_media":3010356,"template":"","meta":[],"product_brand":[],"product_cat":[110],"product_tag":[111,96],"class_list":{"0":"post-3010819","1":"product","2":"type-product","3":"status-publish","4":"has-post-thumbnail","6":"product_cat-controleur-declairage-descalier","7":"product_tag-controleur-declairage-descalier","8":"product_tag-theben-fr","10":"first","11":"instock","12":"taxable","13":"shipping-taxable","14":"purchasable","15":"product-type-simple"},"yoast_head":"<!-- This site is optimized with the Yoast SEO plugin v27.4 - https:\/\/yoast.com\/product\/yoast-seo-wordpress\/ -->\n<title>Elpa 9 - La minuterie de l&#039;escalier - MijnTheben<\/title>\n<meta name=\"robots\" content=\"index, follow, max-snippet:-1, max-image-preview:large, max-video-preview:-1\" \/>\n<link rel=\"canonical\" href=\"https:\/\/mijntheben.snelprint.be\/product\/elpa-9-la-minuterie-de-lescalier\/\" \/>\n<meta property=\"og:locale\" content=\"fr_FR\" \/>\n<meta property=\"og:type\" content=\"article\" \/>\n<meta property=\"og:title\" content=\"Elpa 9 - La minuterie de l&#039;escalier - MijnTheben\" \/>\n<meta property=\"og:description\" content=\"Minuterie d&#039;escalier - \u00e9lectrom\u00e9canique Elpa 9 - Theben  Minuterie d&#039;escalier, \u00e9lectrom\u00e9canique  Syst\u00e8me de connexion \u00e0 3 fils et \u00e9clairage au sol, mais sans commutation secondaire (plus autoris\u00e9 pour les nouvelles installations)  Positionnement de la pince comme ELPA 8  Pas de consommation de courant \u00e0 vide  Interrupteur \u00e0 bascule pour l&#039;\u00e9clairage permanent  Extr\u00eamement fiable gr\u00e2ce \u00e0 l&#039;entra\u00eenement par moteur synchrone  Mise \u00e0 l&#039;heure tr\u00e8s simple et lecture instantan\u00e9e du temps de retard sur une \u00e9chelle absolue  M\u00e9canique de pr\u00e9cision et donc temps de commutation pr\u00e9cis  Tr\u00e8s insensible aux interf\u00e9rences Informations techniques Elpa 9\" \/>\n<meta property=\"og:url\" content=\"https:\/\/mijntheben.snelprint.be\/product\/elpa-9-la-minuterie-de-lescalier\/\" \/>\n<meta property=\"og:site_name\" content=\"MijnTheben\" \/>\n<meta name=\"twitter:card\" content=\"summary_large_image\" \/>\n<script type=\"application\/ld+json\" class=\"yoast-schema-graph\">{\"@context\":\"https:\\\/\\\/schema.org\",\"@graph\":[{\"@type\":\"WebPage\",\"@id\":\"https:\\\/\\\/mijntheben.snelprint.be\\\/product\\\/elpa-9-la-minuterie-de-lescalier\\\/\",\"url\":\"https:\\\/\\\/mijntheben.snelprint.be\\\/product\\\/elpa-9-la-minuterie-de-lescalier\\\/\",\"name\":\"Elpa 9 - La minuterie de l'escalier - MijnTheben\",\"isPartOf\":{\"@id\":\"https:\\\/\\\/mijntheben.snelprint.be\\\/#website\"},\"primaryImageOfPage\":{\"@id\":\"https:\\\/\\\/mijntheben.snelprint.be\\\/product\\\/elpa-9-la-minuterie-de-lescalier\\\/#primaryimage\"},\"image\":{\"@id\":\"https:\\\/\\\/mijntheben.snelprint.be\\\/product\\\/elpa-9-la-minuterie-de-lescalier\\\/#primaryimage\"},\"thumbnailUrl\":\"https:\\\/\\\/mijntheben.snelprint.be\\\/wp-content\\\/uploads\\\/2025\\\/01\\\/Elpa9_Theben.jpg\",\"datePublished\":\"2024-11-22T21:29:11+00:00\",\"breadcrumb\":{\"@id\":\"https:\\\/\\\/mijntheben.snelprint.be\\\/product\\\/elpa-9-la-minuterie-de-lescalier\\\/#breadcrumb\"},\"inLanguage\":\"fr-FR\",\"potentialAction\":[{\"@type\":\"ReadAction\",\"target\":[\"https:\\\/\\\/mijntheben.snelprint.be\\\/product\\\/elpa-9-la-minuterie-de-lescalier\\\/\"]}]},{\"@type\":\"ImageObject\",\"inLanguage\":\"fr-FR\",\"@id\":\"https:\\\/\\\/mijntheben.snelprint.be\\\/product\\\/elpa-9-la-minuterie-de-lescalier\\\/#primaryimage\",\"url\":\"https:\\\/\\\/mijntheben.snelprint.be\\\/wp-content\\\/uploads\\\/2025\\\/01\\\/Elpa9_Theben.jpg\",\"contentUrl\":\"https:\\\/\\\/mijntheben.snelprint.be\\\/wp-content\\\/uploads\\\/2025\\\/01\\\/Elpa9_Theben.jpg\",\"width\":1000,\"height\":1000},{\"@type\":\"BreadcrumbList\",\"@id\":\"https:\\\/\\\/mijntheben.snelprint.be\\\/product\\\/elpa-9-la-minuterie-de-lescalier\\\/#breadcrumb\",\"itemListElement\":[{\"@type\":\"ListItem\",\"position\":1,\"name\":\"Home\",\"item\":\"https:\\\/\\\/mijntheben.snelprint.be\\\/fr\\\/\"},{\"@type\":\"ListItem\",\"position\":2,\"name\":\"Shop\",\"item\":\"https:\\\/\\\/mijntheben.snelprint.be\\\/fr\\\/boutique\\\/\"},{\"@type\":\"ListItem\",\"position\":3,\"name\":\"Elpa 9 &#8211; La minuterie de l&rsquo;escalier\"}]},{\"@type\":\"WebSite\",\"@id\":\"https:\\\/\\\/mijntheben.snelprint.be\\\/#website\",\"url\":\"https:\\\/\\\/mijntheben.snelprint.be\\\/\",\"name\":\"MijnTheben\",\"description\":\"Onafhankelijke Theben webshop\",\"publisher\":{\"@id\":\"https:\\\/\\\/mijntheben.snelprint.be\\\/#organization\"},\"potentialAction\":[{\"@type\":\"SearchAction\",\"target\":{\"@type\":\"EntryPoint\",\"urlTemplate\":\"https:\\\/\\\/mijntheben.snelprint.be\\\/?s={search_term_string}\"},\"query-input\":{\"@type\":\"PropertyValueSpecification\",\"valueRequired\":true,\"valueName\":\"search_term_string\"}}],\"inLanguage\":\"fr-FR\"},{\"@type\":\"Organization\",\"@id\":\"https:\\\/\\\/mijntheben.snelprint.be\\\/#organization\",\"name\":\"MijnTheben | Theben producten online kopen\",\"url\":\"https:\\\/\\\/mijntheben.snelprint.be\\\/\",\"logo\":{\"@type\":\"ImageObject\",\"inLanguage\":\"fr-FR\",\"@id\":\"https:\\\/\\\/mijntheben.snelprint.be\\\/#\\\/schema\\\/logo\\\/image\\\/\",\"url\":\"https:\\\/\\\/mijntheben.snelprint.be\\\/wp-content\\\/uploads\\\/2025\\\/01\\\/logo-1.png\",\"contentUrl\":\"https:\\\/\\\/mijntheben.snelprint.be\\\/wp-content\\\/uploads\\\/2025\\\/01\\\/logo-1.png\",\"width\":405,\"height\":87,\"caption\":\"MijnTheben | Theben producten online kopen\"},\"image\":{\"@id\":\"https:\\\/\\\/mijntheben.snelprint.be\\\/#\\\/schema\\\/logo\\\/image\\\/\"}}]}<\/script>\n<!-- \/ Yoast SEO plugin. -->","yoast_head_json":{"title":"Elpa 9 - La minuterie de l'escalier - MijnTheben","robots":{"index":"index","follow":"follow","max-snippet":"max-snippet:-1","max-image-preview":"max-image-preview:large","max-video-preview":"max-video-preview:-1"},"canonical":"https:\/\/mijntheben.snelprint.be\/product\/elpa-9-la-minuterie-de-lescalier\/","og_locale":"fr_FR","og_type":"article","og_title":"Elpa 9 - La minuterie de l'escalier - MijnTheben","og_description":"Minuterie d'escalier - \u00e9lectrom\u00e9canique Elpa 9 - Theben  Minuterie d'escalier, \u00e9lectrom\u00e9canique  Syst\u00e8me de connexion \u00e0 3 fils et \u00e9clairage au sol, mais sans commutation secondaire (plus autoris\u00e9 pour les nouvelles installations)  Positionnement de la pince comme ELPA 8  Pas de consommation de courant \u00e0 vide  Interrupteur \u00e0 bascule pour l'\u00e9clairage permanent  Extr\u00eamement fiable gr\u00e2ce \u00e0 l'entra\u00eenement par moteur synchrone  Mise \u00e0 l'heure tr\u00e8s simple et lecture instantan\u00e9e du temps de retard sur une \u00e9chelle absolue  M\u00e9canique de pr\u00e9cision et donc temps de commutation pr\u00e9cis  Tr\u00e8s insensible aux interf\u00e9rences Informations techniques Elpa 9","og_url":"https:\/\/mijntheben.snelprint.be\/product\/elpa-9-la-minuterie-de-lescalier\/","og_site_name":"MijnTheben","twitter_card":"summary_large_image","schema":{"@context":"https:\/\/schema.org","@graph":[{"@type":"WebPage","@id":"https:\/\/mijntheben.snelprint.be\/product\/elpa-9-la-minuterie-de-lescalier\/","url":"https:\/\/mijntheben.snelprint.be\/product\/elpa-9-la-minuterie-de-lescalier\/","name":"Elpa 9 - La minuterie de l'escalier - MijnTheben","isPartOf":{"@id":"https:\/\/mijntheben.snelprint.be\/#website"},"primaryImageOfPage":{"@id":"https:\/\/mijntheben.snelprint.be\/product\/elpa-9-la-minuterie-de-lescalier\/#primaryimage"},"image":{"@id":"https:\/\/mijntheben.snelprint.be\/product\/elpa-9-la-minuterie-de-lescalier\/#primaryimage"},"thumbnailUrl":"https:\/\/mijntheben.snelprint.be\/wp-content\/uploads\/2025\/01\/Elpa9_Theben.jpg","datePublished":"2024-11-22T21:29:11+00:00","breadcrumb":{"@id":"https:\/\/mijntheben.snelprint.be\/product\/elpa-9-la-minuterie-de-lescalier\/#breadcrumb"},"inLanguage":"fr-FR","potentialAction":[{"@type":"ReadAction","target":["https:\/\/mijntheben.snelprint.be\/product\/elpa-9-la-minuterie-de-lescalier\/"]}]},{"@type":"ImageObject","inLanguage":"fr-FR","@id":"https:\/\/mijntheben.snelprint.be\/product\/elpa-9-la-minuterie-de-lescalier\/#primaryimage","url":"https:\/\/mijntheben.snelprint.be\/wp-content\/uploads\/2025\/01\/Elpa9_Theben.jpg","contentUrl":"https:\/\/mijntheben.snelprint.be\/wp-content\/uploads\/2025\/01\/Elpa9_Theben.jpg","width":1000,"height":1000},{"@type":"BreadcrumbList","@id":"https:\/\/mijntheben.snelprint.be\/product\/elpa-9-la-minuterie-de-lescalier\/#breadcrumb","itemListElement":[{"@type":"ListItem","position":1,"name":"Home","item":"https:\/\/mijntheben.snelprint.be\/fr\/"},{"@type":"ListItem","position":2,"name":"Shop","item":"https:\/\/mijntheben.snelprint.be\/fr\/boutique\/"},{"@type":"ListItem","position":3,"name":"Elpa 9 &#8211; La minuterie de l&rsquo;escalier"}]},{"@type":"WebSite","@id":"https:\/\/mijntheben.snelprint.be\/#website","url":"https:\/\/mijntheben.snelprint.be\/","name":"MijnTheben","description":"Onafhankelijke Theben webshop","publisher":{"@id":"https:\/\/mijntheben.snelprint.be\/#organization"},"potentialAction":[{"@type":"SearchAction","target":{"@type":"EntryPoint","urlTemplate":"https:\/\/mijntheben.snelprint.be\/?s={search_term_string}"},"query-input":{"@type":"PropertyValueSpecification","valueRequired":true,"valueName":"search_term_string"}}],"inLanguage":"fr-FR"},{"@type":"Organization","@id":"https:\/\/mijntheben.snelprint.be\/#organization","name":"MijnTheben | Theben producten online kopen","url":"https:\/\/mijntheben.snelprint.be\/","logo":{"@type":"ImageObject","inLanguage":"fr-FR","@id":"https:\/\/mijntheben.snelprint.be\/#\/schema\/logo\/image\/","url":"https:\/\/mijntheben.snelprint.be\/wp-content\/uploads\/2025\/01\/logo-1.png","contentUrl":"https:\/\/mijntheben.snelprint.be\/wp-content\/uploads\/2025\/01\/logo-1.png","width":405,"height":87,"caption":"MijnTheben | Theben producten online kopen"},"image":{"@id":"https:\/\/mijntheben.snelprint.be\/#\/schema\/logo\/image\/"}}]}},"_links":{"self":[{"href":"https:\/\/mijntheben.snelprint.be\/fr\/wp-json\/wp\/v2\/product\/3010819","targetHints":{"allow":["GET"]}}],"collection":[{"href":"https:\/\/mijntheben.snelprint.be\/fr\/wp-json\/wp\/v2\/product"}],"about":[{"href":"https:\/\/mijntheben.snelprint.be\/fr\/wp-json\/wp\/v2\/types\/product"}],"wp:featuredmedia":[{"embeddable":true,"href":"https:\/\/mijntheben.snelprint.be\/fr\/wp-json\/wp\/v2\/media\/3010356"}],"wp:attachment":[{"href":"https:\/\/mijntheben.snelprint.be\/fr\/wp-json\/wp\/v2\/media?parent=3010819"}],"wp:term":[{"taxonomy":"product_brand","embeddable":true,"href":"https:\/\/mijntheben.snelprint.be\/fr\/wp-json\/wp\/v2\/product_brand?post=3010819"},{"taxonomy":"product_cat","embeddable":true,"href":"https:\/\/mijntheben.snelprint.be\/fr\/wp-json\/wp\/v2\/product_cat?post=3010819"},{"taxonomy":"product_tag","embeddable":true,"href":"https:\/\/mijntheben.snelprint.be\/fr\/wp-json\/wp\/v2\/product_tag?post=3010819"}],"curies":[{"name":"wp","href":"https:\/\/api.w.org\/{rel}","templated":true}]}}