{"id":3010821,"date":"2024-11-22T21:29:11","date_gmt":"2024-11-22T21:29:11","guid":{"rendered":"https:\/\/mijntheben.snelprint.be\/product\/syn-160-a-horloge-analogique\/"},"modified":"2024-11-22T21:29:11","modified_gmt":"2024-11-22T21:29:11","slug":"syn-160-a-horloge-analogique","status":"publish","type":"product","link":"https:\/\/mijntheben.snelprint.be\/fr\/product\/syn-160-a-horloge-analogique\/","title":{"rendered":"SYN 160 a &#8211; Horloge analogique"},"content":{"rendered":"<p>Horloge analogique &#8211; SYN 160 a &#8211; Theben<\/p>\n","protected":false},"excerpt":{"rendered":"<p>Horloge analogique &#8211; SYN 160 a &#8211; Theben<\/p>\n<ul>\n<li>Horloge analogique<\/li>\n<li>1 canal<\/li>\n<li>Programme de la journ\u00e9e<\/li>\n<li>Sans r\u00e9serve de marche<\/li>\n<li>96 segments de liaison<\/li>\n<li>Netsynchrone<\/li>\n<li>Temps de commutation le plus court : 15 minutes<\/li>\n<li>Bornes \u00e0 vis<\/li>\n<li>Interrupteur manuel \u00e0 3 positions : Continuellement ON\/AUTO\/Continuellement OFF<\/li>\n<\/ul>\n<p><a href=\"https:\/\/www.theben-nederland.nl\/nl\/syn-160-a-1600001\">Informations techniques Syn 160 a<\/a><\/p>\n","protected":false},"featured_media":3010358,"template":"","meta":[],"product_brand":[],"product_cat":[108],"product_tag":[109,96],"class_list":{"0":"post-3010821","1":"product","2":"type-product","3":"status-publish","4":"has-post-thumbnail","6":"product_cat-horloge","7":"product_tag-horloge","8":"product_tag-theben-fr","10":"first","11":"instock","12":"featured","13":"taxable","14":"shipping-taxable","15":"purchasable","16":"product-type-simple"},"yoast_head":"<!-- This site is optimized with the Yoast SEO plugin v27.3 - https:\/\/yoast.com\/product\/yoast-seo-wordpress\/ -->\n<title>SYN 160 a - Horloge analogique - MijnTheben<\/title>\n<meta name=\"robots\" content=\"index, follow, max-snippet:-1, max-image-preview:large, max-video-preview:-1\" \/>\n<link rel=\"canonical\" href=\"https:\/\/mijntheben.snelprint.be\/product\/syn-160-a-horloge-analogique\/\" \/>\n<meta property=\"og:locale\" content=\"fr_FR\" \/>\n<meta property=\"og:type\" content=\"article\" \/>\n<meta property=\"og:title\" content=\"SYN 160 a - Horloge analogique - MijnTheben\" \/>\n<meta property=\"og:description\" content=\"Horloge analogique - SYN 160 a - Theben  Horloge analogique  1 canal  Programme de la journ\u00e9e  Sans r\u00e9serve de marche  96 segments de liaison  Netsynchrone  Temps de commutation le plus court : 15 minutes  Bornes \u00e0 vis  Interrupteur manuel \u00e0 3 positions : Continuellement ON\/AUTO\/Continuellement OFF Informations techniques Syn 160 a\" \/>\n<meta property=\"og:url\" content=\"https:\/\/mijntheben.snelprint.be\/product\/syn-160-a-horloge-analogique\/\" \/>\n<meta property=\"og:site_name\" content=\"MijnTheben\" \/>\n<meta name=\"twitter:card\" content=\"summary_large_image\" \/>\n<script type=\"application\/ld+json\" class=\"yoast-schema-graph\">{\"@context\":\"https:\\\/\\\/schema.org\",\"@graph\":[{\"@type\":\"WebPage\",\"@id\":\"https:\\\/\\\/mijntheben.snelprint.be\\\/product\\\/syn-160-a-horloge-analogique\\\/\",\"url\":\"https:\\\/\\\/mijntheben.snelprint.be\\\/product\\\/syn-160-a-horloge-analogique\\\/\",\"name\":\"SYN 160 a - Horloge analogique - MijnTheben\",\"isPartOf\":{\"@id\":\"https:\\\/\\\/mijntheben.snelprint.be\\\/#website\"},\"primaryImageOfPage\":{\"@id\":\"https:\\\/\\\/mijntheben.snelprint.be\\\/product\\\/syn-160-a-horloge-analogique\\\/#primaryimage\"},\"image\":{\"@id\":\"https:\\\/\\\/mijntheben.snelprint.be\\\/product\\\/syn-160-a-horloge-analogique\\\/#primaryimage\"},\"thumbnailUrl\":\"https:\\\/\\\/mijntheben.snelprint.be\\\/wp-content\\\/uploads\\\/2025\\\/01\\\/Syn160a_Theben.jpg\",\"datePublished\":\"2024-11-22T21:29:11+00:00\",\"breadcrumb\":{\"@id\":\"https:\\\/\\\/mijntheben.snelprint.be\\\/product\\\/syn-160-a-horloge-analogique\\\/#breadcrumb\"},\"inLanguage\":\"fr-FR\",\"potentialAction\":[{\"@type\":\"ReadAction\",\"target\":[\"https:\\\/\\\/mijntheben.snelprint.be\\\/product\\\/syn-160-a-horloge-analogique\\\/\"]}]},{\"@type\":\"ImageObject\",\"inLanguage\":\"fr-FR\",\"@id\":\"https:\\\/\\\/mijntheben.snelprint.be\\\/product\\\/syn-160-a-horloge-analogique\\\/#primaryimage\",\"url\":\"https:\\\/\\\/mijntheben.snelprint.be\\\/wp-content\\\/uploads\\\/2025\\\/01\\\/Syn160a_Theben.jpg\",\"contentUrl\":\"https:\\\/\\\/mijntheben.snelprint.be\\\/wp-content\\\/uploads\\\/2025\\\/01\\\/Syn160a_Theben.jpg\",\"width\":1000,\"height\":1000},{\"@type\":\"BreadcrumbList\",\"@id\":\"https:\\\/\\\/mijntheben.snelprint.be\\\/product\\\/syn-160-a-horloge-analogique\\\/#breadcrumb\",\"itemListElement\":[{\"@type\":\"ListItem\",\"position\":1,\"name\":\"Home\",\"item\":\"https:\\\/\\\/mijntheben.snelprint.be\\\/fr\\\/\"},{\"@type\":\"ListItem\",\"position\":2,\"name\":\"Shop\",\"item\":\"https:\\\/\\\/mijntheben.snelprint.be\\\/fr\\\/boutique\\\/\"},{\"@type\":\"ListItem\",\"position\":3,\"name\":\"SYN 160 a &#8211; Horloge analogique\"}]},{\"@type\":\"WebSite\",\"@id\":\"https:\\\/\\\/mijntheben.snelprint.be\\\/#website\",\"url\":\"https:\\\/\\\/mijntheben.snelprint.be\\\/\",\"name\":\"MijnTheben\",\"description\":\"Onafhankelijke Theben webshop\",\"publisher\":{\"@id\":\"https:\\\/\\\/mijntheben.snelprint.be\\\/#organization\"},\"potentialAction\":[{\"@type\":\"SearchAction\",\"target\":{\"@type\":\"EntryPoint\",\"urlTemplate\":\"https:\\\/\\\/mijntheben.snelprint.be\\\/?s={search_term_string}\"},\"query-input\":{\"@type\":\"PropertyValueSpecification\",\"valueRequired\":true,\"valueName\":\"search_term_string\"}}],\"inLanguage\":\"fr-FR\"},{\"@type\":\"Organization\",\"@id\":\"https:\\\/\\\/mijntheben.snelprint.be\\\/#organization\",\"name\":\"MijnTheben | Theben producten online kopen\",\"url\":\"https:\\\/\\\/mijntheben.snelprint.be\\\/\",\"logo\":{\"@type\":\"ImageObject\",\"inLanguage\":\"fr-FR\",\"@id\":\"https:\\\/\\\/mijntheben.snelprint.be\\\/#\\\/schema\\\/logo\\\/image\\\/\",\"url\":\"https:\\\/\\\/mijntheben.snelprint.be\\\/wp-content\\\/uploads\\\/2025\\\/01\\\/logo-1.png\",\"contentUrl\":\"https:\\\/\\\/mijntheben.snelprint.be\\\/wp-content\\\/uploads\\\/2025\\\/01\\\/logo-1.png\",\"width\":405,\"height\":87,\"caption\":\"MijnTheben | Theben producten online kopen\"},\"image\":{\"@id\":\"https:\\\/\\\/mijntheben.snelprint.be\\\/#\\\/schema\\\/logo\\\/image\\\/\"}}]}<\/script>\n<!-- \/ Yoast SEO plugin. -->","yoast_head_json":{"title":"SYN 160 a - Horloge analogique - MijnTheben","robots":{"index":"index","follow":"follow","max-snippet":"max-snippet:-1","max-image-preview":"max-image-preview:large","max-video-preview":"max-video-preview:-1"},"canonical":"https:\/\/mijntheben.snelprint.be\/product\/syn-160-a-horloge-analogique\/","og_locale":"fr_FR","og_type":"article","og_title":"SYN 160 a - Horloge analogique - MijnTheben","og_description":"Horloge analogique - SYN 160 a - Theben  Horloge analogique  1 canal  Programme de la journ\u00e9e  Sans r\u00e9serve de marche  96 segments de liaison  Netsynchrone  Temps de commutation le plus court : 15 minutes  Bornes \u00e0 vis  Interrupteur manuel \u00e0 3 positions : Continuellement ON\/AUTO\/Continuellement OFF Informations techniques Syn 160 a","og_url":"https:\/\/mijntheben.snelprint.be\/product\/syn-160-a-horloge-analogique\/","og_site_name":"MijnTheben","twitter_card":"summary_large_image","schema":{"@context":"https:\/\/schema.org","@graph":[{"@type":"WebPage","@id":"https:\/\/mijntheben.snelprint.be\/product\/syn-160-a-horloge-analogique\/","url":"https:\/\/mijntheben.snelprint.be\/product\/syn-160-a-horloge-analogique\/","name":"SYN 160 a - Horloge analogique - MijnTheben","isPartOf":{"@id":"https:\/\/mijntheben.snelprint.be\/#website"},"primaryImageOfPage":{"@id":"https:\/\/mijntheben.snelprint.be\/product\/syn-160-a-horloge-analogique\/#primaryimage"},"image":{"@id":"https:\/\/mijntheben.snelprint.be\/product\/syn-160-a-horloge-analogique\/#primaryimage"},"thumbnailUrl":"https:\/\/mijntheben.snelprint.be\/wp-content\/uploads\/2025\/01\/Syn160a_Theben.jpg","datePublished":"2024-11-22T21:29:11+00:00","breadcrumb":{"@id":"https:\/\/mijntheben.snelprint.be\/product\/syn-160-a-horloge-analogique\/#breadcrumb"},"inLanguage":"fr-FR","potentialAction":[{"@type":"ReadAction","target":["https:\/\/mijntheben.snelprint.be\/product\/syn-160-a-horloge-analogique\/"]}]},{"@type":"ImageObject","inLanguage":"fr-FR","@id":"https:\/\/mijntheben.snelprint.be\/product\/syn-160-a-horloge-analogique\/#primaryimage","url":"https:\/\/mijntheben.snelprint.be\/wp-content\/uploads\/2025\/01\/Syn160a_Theben.jpg","contentUrl":"https:\/\/mijntheben.snelprint.be\/wp-content\/uploads\/2025\/01\/Syn160a_Theben.jpg","width":1000,"height":1000},{"@type":"BreadcrumbList","@id":"https:\/\/mijntheben.snelprint.be\/product\/syn-160-a-horloge-analogique\/#breadcrumb","itemListElement":[{"@type":"ListItem","position":1,"name":"Home","item":"https:\/\/mijntheben.snelprint.be\/fr\/"},{"@type":"ListItem","position":2,"name":"Shop","item":"https:\/\/mijntheben.snelprint.be\/fr\/boutique\/"},{"@type":"ListItem","position":3,"name":"SYN 160 a &#8211; Horloge analogique"}]},{"@type":"WebSite","@id":"https:\/\/mijntheben.snelprint.be\/#website","url":"https:\/\/mijntheben.snelprint.be\/","name":"MijnTheben","description":"Onafhankelijke Theben webshop","publisher":{"@id":"https:\/\/mijntheben.snelprint.be\/#organization"},"potentialAction":[{"@type":"SearchAction","target":{"@type":"EntryPoint","urlTemplate":"https:\/\/mijntheben.snelprint.be\/?s={search_term_string}"},"query-input":{"@type":"PropertyValueSpecification","valueRequired":true,"valueName":"search_term_string"}}],"inLanguage":"fr-FR"},{"@type":"Organization","@id":"https:\/\/mijntheben.snelprint.be\/#organization","name":"MijnTheben | Theben producten online kopen","url":"https:\/\/mijntheben.snelprint.be\/","logo":{"@type":"ImageObject","inLanguage":"fr-FR","@id":"https:\/\/mijntheben.snelprint.be\/#\/schema\/logo\/image\/","url":"https:\/\/mijntheben.snelprint.be\/wp-content\/uploads\/2025\/01\/logo-1.png","contentUrl":"https:\/\/mijntheben.snelprint.be\/wp-content\/uploads\/2025\/01\/logo-1.png","width":405,"height":87,"caption":"MijnTheben | Theben producten online kopen"},"image":{"@id":"https:\/\/mijntheben.snelprint.be\/#\/schema\/logo\/image\/"}}]}},"_links":{"self":[{"href":"https:\/\/mijntheben.snelprint.be\/fr\/wp-json\/wp\/v2\/product\/3010821","targetHints":{"allow":["GET"]}}],"collection":[{"href":"https:\/\/mijntheben.snelprint.be\/fr\/wp-json\/wp\/v2\/product"}],"about":[{"href":"https:\/\/mijntheben.snelprint.be\/fr\/wp-json\/wp\/v2\/types\/product"}],"wp:featuredmedia":[{"embeddable":true,"href":"https:\/\/mijntheben.snelprint.be\/fr\/wp-json\/wp\/v2\/media\/3010358"}],"wp:attachment":[{"href":"https:\/\/mijntheben.snelprint.be\/fr\/wp-json\/wp\/v2\/media?parent=3010821"}],"wp:term":[{"taxonomy":"product_brand","embeddable":true,"href":"https:\/\/mijntheben.snelprint.be\/fr\/wp-json\/wp\/v2\/product_brand?post=3010821"},{"taxonomy":"product_cat","embeddable":true,"href":"https:\/\/mijntheben.snelprint.be\/fr\/wp-json\/wp\/v2\/product_cat?post=3010821"},{"taxonomy":"product_tag","embeddable":true,"href":"https:\/\/mijntheben.snelprint.be\/fr\/wp-json\/wp\/v2\/product_tag?post=3010821"}],"curies":[{"name":"wp","href":"https:\/\/api.w.org\/{rel}","templated":true}]}}