{"id":3010824,"date":"2024-11-22T21:29:11","date_gmt":"2024-11-22T21:29:11","guid":{"rendered":"https:\/\/mijntheben.snelprint.be\/product\/tr-611-top-3-horloge-digitale-avec-programme-hebdomadaire\/"},"modified":"2024-11-22T21:29:11","modified_gmt":"2024-11-22T21:29:11","slug":"tr-611-top-3-horloge-digitale-avec-programme-hebdomadaire","status":"publish","type":"product","link":"https:\/\/mijntheben.snelprint.be\/fr\/product\/tr-611-top-3-horloge-digitale-avec-programme-hebdomadaire\/","title":{"rendered":"TR 611 top 3 &#8211; Horloge digitale avec programme hebdomadaire"},"content":{"rendered":"<p>Horloge digitale avec programme hebdomadaire &#8211; TR 611 top 3 &#8211; Theben<\/p>\n","protected":false},"excerpt":{"rendered":"<p>Horloge digitale avec programme hebdomadaire &#8211; TR 611 top 3 &#8211; Theben<\/p>\n<ul>\n<li>Horloge digitale avec programme hebdomadaire<\/li>\n<li>Pinces enfichables \u00e0 ressort DuoFix<\/li>\n<li>Pour 2 diapositives chacun<\/li>\n<li>Fil m\u00e9tallique ou fil de litz (avec ou sans embout)<\/li>\n<li>Diam\u00e8tre du fil : 0,5 &#8211; 2,5 mm\u00b2.<\/li>\n<li>Bouton de commande pour d\u00e9brancher le connecteur<\/li>\n<li>Programmation textuelle sur l&rsquo;\u00e9cran<\/li>\n<li>Pr\u00e9s\u00e9lection de la date et de l&rsquo;heure<\/li>\n<li>Enti\u00e8rement utilisable sans raccordement au r\u00e9seau<\/li>\n<li>84 emplacements de m\u00e9moire<\/li>\n<li>Interface pour OBELISK top2 memory stick (programmation PC)<\/li>\n<li>2. Programme d&rsquo;interrupteurs enfichables<\/li>\n<li>Copie de programmes<\/li>\n<li>Sauvegarde du programme<\/li>\n<li>R\u00e9serve de marche de 10 ans (pile au lithium)<\/li>\n<li>Commutation z\u00e9ro-cross pour les commutations \u00e0 \u00e9conomie de relais et les charges de lampe \u00e9lev\u00e9es (pas avec les appareils 24 V)<\/li>\n<li>Temps de commutation ON-OFF<\/li>\n<li>Programme d&rsquo;impulsion<\/li>\n<li>Programme de cycle<\/li>\n<li>Pr\u00e9s\u00e9lection de la commutation<\/li>\n<li>Commutation continue MARCHE\/ARR\u00caT<\/li>\n<li>Compte \u00e0 rebours<\/li>\n<li>Compteur horaire int\u00e9gr\u00e9<\/li>\n<li>Option de r\u00e9initialisation<\/li>\n<li>Fonction de service pour le contr\u00f4le des intervalles de maintenance<\/li>\n<li>Programme de vacances<\/li>\n<li>2 programmes al\u00e9atoires<\/li>\n<li>\u00c9clairage de l&rsquo;\u00e9cran (commutable)<\/li>\n<li>Cryptage du code PIN<\/li>\n<li>Changement automatique de l&rsquo;heure d&rsquo;\u00e9t\u00e9 ou d&rsquo;hiver<\/li>\n<li>D\u00e9sactivable<\/li>\n<li>Les r\u00e8gles de basculement pour l&rsquo;Europe, les \u00c9tats-Unis et d&rsquo;autres pays sont d\u00e9j\u00e0 enregistr\u00e9es<\/li>\n<li>Ligne de commutation propre ou commutation \u00e0 date fixe s\u00e9lectionnable<\/li>\n<\/ul>\n<p><a href=\"https:\/\/www.theben-nederland.nl\/nl\/tr-611-top3-6110130\">Informations techniques TR 611 top 3<\/a><\/p>\n","protected":false},"featured_media":3010360,"template":"","meta":[],"product_brand":[],"product_cat":[108],"product_tag":[109,96],"class_list":{"0":"post-3010824","1":"product","2":"type-product","3":"status-publish","4":"has-post-thumbnail","6":"product_cat-horloge","7":"product_tag-horloge","8":"product_tag-theben-fr","10":"first","11":"instock","12":"taxable","13":"shipping-taxable","14":"purchasable","15":"product-type-simple"},"yoast_head":"<!-- This site is optimized with the Yoast SEO plugin v27.4 - https:\/\/yoast.com\/product\/yoast-seo-wordpress\/ -->\n<title>TR 611 top 3 - Horloge digitale avec programme hebdomadaire - MijnTheben<\/title>\n<meta name=\"robots\" content=\"index, follow, max-snippet:-1, max-image-preview:large, max-video-preview:-1\" \/>\n<link rel=\"canonical\" href=\"https:\/\/mijntheben.snelprint.be\/product\/tr-611-top-3-horloge-digitale-avec-programme-hebdomadaire\/\" \/>\n<meta property=\"og:locale\" content=\"fr_FR\" \/>\n<meta property=\"og:type\" content=\"article\" \/>\n<meta property=\"og:title\" content=\"TR 611 top 3 - Horloge digitale avec programme hebdomadaire - MijnTheben\" \/>\n<meta property=\"og:description\" content=\"Horloge digitale avec programme hebdomadaire - TR 611 top 3 - Theben  Horloge digitale avec programme hebdomadaire  Pinces enfichables \u00e0 ressort DuoFix  Pour 2 diapositives chacun  Fil m\u00e9tallique ou fil de litz (avec ou sans embout)  Diam\u00e8tre du fil : 0,5 - 2,5 mm\u00b2.  Bouton de commande pour d\u00e9brancher le connecteur  Programmation textuelle sur l&#039;\u00e9cran  Pr\u00e9s\u00e9lection de la date et de l&#039;heure  Enti\u00e8rement utilisable sans raccordement au r\u00e9seau  84 emplacements de m\u00e9moire  Interface pour OBELISK top2 memory stick (programmation PC)  2. Programme d&#039;interrupteurs enfichables  Copie de programmes  Sauvegarde du programme  R\u00e9serve de marche de 10 ans (pile au lithium)  Commutation z\u00e9ro-cross pour les commutations \u00e0 \u00e9conomie de relais et les charges de lampe \u00e9lev\u00e9es (pas avec les appareils 24 V)  Temps de commutation ON-OFF  Programme d&#039;impulsion  Programme de cycle  Pr\u00e9s\u00e9lection de la commutation  Commutation continue MARCHE\/ARR\u00caT  Compte \u00e0 rebours  Compteur horaire int\u00e9gr\u00e9  Option de r\u00e9initialisation  Fonction de service pour le contr\u00f4le des intervalles de maintenance  Programme de vacances  2 programmes al\u00e9atoires  \u00c9clairage de l&#039;\u00e9cran (commutable)  Cryptage du code PIN  Changement automatique de l&#039;heure d&#039;\u00e9t\u00e9 ou d&#039;hiver  D\u00e9sactivable  Les r\u00e8gles de basculement pour l&#039;Europe, les \u00c9tats-Unis et d&#039;autres pays sont d\u00e9j\u00e0 enregistr\u00e9es  Ligne de commutation propre ou commutation \u00e0 date fixe s\u00e9lectionnable Informations techniques TR 611 top 3\" \/>\n<meta property=\"og:url\" content=\"https:\/\/mijntheben.snelprint.be\/product\/tr-611-top-3-horloge-digitale-avec-programme-hebdomadaire\/\" \/>\n<meta property=\"og:site_name\" content=\"MijnTheben\" \/>\n<meta name=\"twitter:card\" content=\"summary_large_image\" \/>\n<script type=\"application\/ld+json\" class=\"yoast-schema-graph\">{\"@context\":\"https:\\\/\\\/schema.org\",\"@graph\":[{\"@type\":\"WebPage\",\"@id\":\"https:\\\/\\\/mijntheben.snelprint.be\\\/product\\\/tr-611-top-3-horloge-digitale-avec-programme-hebdomadaire\\\/\",\"url\":\"https:\\\/\\\/mijntheben.snelprint.be\\\/product\\\/tr-611-top-3-horloge-digitale-avec-programme-hebdomadaire\\\/\",\"name\":\"TR 611 top 3 - Horloge digitale avec programme hebdomadaire - MijnTheben\",\"isPartOf\":{\"@id\":\"https:\\\/\\\/mijntheben.snelprint.be\\\/#website\"},\"primaryImageOfPage\":{\"@id\":\"https:\\\/\\\/mijntheben.snelprint.be\\\/product\\\/tr-611-top-3-horloge-digitale-avec-programme-hebdomadaire\\\/#primaryimage\"},\"image\":{\"@id\":\"https:\\\/\\\/mijntheben.snelprint.be\\\/product\\\/tr-611-top-3-horloge-digitale-avec-programme-hebdomadaire\\\/#primaryimage\"},\"thumbnailUrl\":\"https:\\\/\\\/mijntheben.snelprint.be\\\/wp-content\\\/uploads\\\/2025\\\/01\\\/TR_611_top3_Theben.jpg\",\"datePublished\":\"2024-11-22T21:29:11+00:00\",\"breadcrumb\":{\"@id\":\"https:\\\/\\\/mijntheben.snelprint.be\\\/product\\\/tr-611-top-3-horloge-digitale-avec-programme-hebdomadaire\\\/#breadcrumb\"},\"inLanguage\":\"fr-FR\",\"potentialAction\":[{\"@type\":\"ReadAction\",\"target\":[\"https:\\\/\\\/mijntheben.snelprint.be\\\/product\\\/tr-611-top-3-horloge-digitale-avec-programme-hebdomadaire\\\/\"]}]},{\"@type\":\"ImageObject\",\"inLanguage\":\"fr-FR\",\"@id\":\"https:\\\/\\\/mijntheben.snelprint.be\\\/product\\\/tr-611-top-3-horloge-digitale-avec-programme-hebdomadaire\\\/#primaryimage\",\"url\":\"https:\\\/\\\/mijntheben.snelprint.be\\\/wp-content\\\/uploads\\\/2025\\\/01\\\/TR_611_top3_Theben.jpg\",\"contentUrl\":\"https:\\\/\\\/mijntheben.snelprint.be\\\/wp-content\\\/uploads\\\/2025\\\/01\\\/TR_611_top3_Theben.jpg\",\"width\":1000,\"height\":1000},{\"@type\":\"BreadcrumbList\",\"@id\":\"https:\\\/\\\/mijntheben.snelprint.be\\\/product\\\/tr-611-top-3-horloge-digitale-avec-programme-hebdomadaire\\\/#breadcrumb\",\"itemListElement\":[{\"@type\":\"ListItem\",\"position\":1,\"name\":\"Home\",\"item\":\"https:\\\/\\\/mijntheben.snelprint.be\\\/fr\\\/\"},{\"@type\":\"ListItem\",\"position\":2,\"name\":\"Shop\",\"item\":\"https:\\\/\\\/mijntheben.snelprint.be\\\/fr\\\/boutique\\\/\"},{\"@type\":\"ListItem\",\"position\":3,\"name\":\"TR 611 top 3 &#8211; Horloge digitale avec programme hebdomadaire\"}]},{\"@type\":\"WebSite\",\"@id\":\"https:\\\/\\\/mijntheben.snelprint.be\\\/#website\",\"url\":\"https:\\\/\\\/mijntheben.snelprint.be\\\/\",\"name\":\"MijnTheben\",\"description\":\"Onafhankelijke Theben webshop\",\"publisher\":{\"@id\":\"https:\\\/\\\/mijntheben.snelprint.be\\\/#organization\"},\"potentialAction\":[{\"@type\":\"SearchAction\",\"target\":{\"@type\":\"EntryPoint\",\"urlTemplate\":\"https:\\\/\\\/mijntheben.snelprint.be\\\/?s={search_term_string}\"},\"query-input\":{\"@type\":\"PropertyValueSpecification\",\"valueRequired\":true,\"valueName\":\"search_term_string\"}}],\"inLanguage\":\"fr-FR\"},{\"@type\":\"Organization\",\"@id\":\"https:\\\/\\\/mijntheben.snelprint.be\\\/#organization\",\"name\":\"MijnTheben | Theben producten online kopen\",\"url\":\"https:\\\/\\\/mijntheben.snelprint.be\\\/\",\"logo\":{\"@type\":\"ImageObject\",\"inLanguage\":\"fr-FR\",\"@id\":\"https:\\\/\\\/mijntheben.snelprint.be\\\/#\\\/schema\\\/logo\\\/image\\\/\",\"url\":\"https:\\\/\\\/mijntheben.snelprint.be\\\/wp-content\\\/uploads\\\/2025\\\/01\\\/logo-1.png\",\"contentUrl\":\"https:\\\/\\\/mijntheben.snelprint.be\\\/wp-content\\\/uploads\\\/2025\\\/01\\\/logo-1.png\",\"width\":405,\"height\":87,\"caption\":\"MijnTheben | Theben producten online kopen\"},\"image\":{\"@id\":\"https:\\\/\\\/mijntheben.snelprint.be\\\/#\\\/schema\\\/logo\\\/image\\\/\"}}]}<\/script>\n<!-- \/ Yoast SEO plugin. -->","yoast_head_json":{"title":"TR 611 top 3 - Horloge digitale avec programme hebdomadaire - MijnTheben","robots":{"index":"index","follow":"follow","max-snippet":"max-snippet:-1","max-image-preview":"max-image-preview:large","max-video-preview":"max-video-preview:-1"},"canonical":"https:\/\/mijntheben.snelprint.be\/product\/tr-611-top-3-horloge-digitale-avec-programme-hebdomadaire\/","og_locale":"fr_FR","og_type":"article","og_title":"TR 611 top 3 - Horloge digitale avec programme hebdomadaire - MijnTheben","og_description":"Horloge digitale avec programme hebdomadaire - TR 611 top 3 - Theben  Horloge digitale avec programme hebdomadaire  Pinces enfichables \u00e0 ressort DuoFix  Pour 2 diapositives chacun  Fil m\u00e9tallique ou fil de litz (avec ou sans embout)  Diam\u00e8tre du fil : 0,5 - 2,5 mm\u00b2.  Bouton de commande pour d\u00e9brancher le connecteur  Programmation textuelle sur l'\u00e9cran  Pr\u00e9s\u00e9lection de la date et de l'heure  Enti\u00e8rement utilisable sans raccordement au r\u00e9seau  84 emplacements de m\u00e9moire  Interface pour OBELISK top2 memory stick (programmation PC)  2. Programme d'interrupteurs enfichables  Copie de programmes  Sauvegarde du programme  R\u00e9serve de marche de 10 ans (pile au lithium)  Commutation z\u00e9ro-cross pour les commutations \u00e0 \u00e9conomie de relais et les charges de lampe \u00e9lev\u00e9es (pas avec les appareils 24 V)  Temps de commutation ON-OFF  Programme d'impulsion  Programme de cycle  Pr\u00e9s\u00e9lection de la commutation  Commutation continue MARCHE\/ARR\u00caT  Compte \u00e0 rebours  Compteur horaire int\u00e9gr\u00e9  Option de r\u00e9initialisation  Fonction de service pour le contr\u00f4le des intervalles de maintenance  Programme de vacances  2 programmes al\u00e9atoires  \u00c9clairage de l'\u00e9cran (commutable)  Cryptage du code PIN  Changement automatique de l'heure d'\u00e9t\u00e9 ou d'hiver  D\u00e9sactivable  Les r\u00e8gles de basculement pour l'Europe, les \u00c9tats-Unis et d'autres pays sont d\u00e9j\u00e0 enregistr\u00e9es  Ligne de commutation propre ou commutation \u00e0 date fixe s\u00e9lectionnable Informations techniques TR 611 top 3","og_url":"https:\/\/mijntheben.snelprint.be\/product\/tr-611-top-3-horloge-digitale-avec-programme-hebdomadaire\/","og_site_name":"MijnTheben","twitter_card":"summary_large_image","schema":{"@context":"https:\/\/schema.org","@graph":[{"@type":"WebPage","@id":"https:\/\/mijntheben.snelprint.be\/product\/tr-611-top-3-horloge-digitale-avec-programme-hebdomadaire\/","url":"https:\/\/mijntheben.snelprint.be\/product\/tr-611-top-3-horloge-digitale-avec-programme-hebdomadaire\/","name":"TR 611 top 3 - Horloge digitale avec programme hebdomadaire - MijnTheben","isPartOf":{"@id":"https:\/\/mijntheben.snelprint.be\/#website"},"primaryImageOfPage":{"@id":"https:\/\/mijntheben.snelprint.be\/product\/tr-611-top-3-horloge-digitale-avec-programme-hebdomadaire\/#primaryimage"},"image":{"@id":"https:\/\/mijntheben.snelprint.be\/product\/tr-611-top-3-horloge-digitale-avec-programme-hebdomadaire\/#primaryimage"},"thumbnailUrl":"https:\/\/mijntheben.snelprint.be\/wp-content\/uploads\/2025\/01\/TR_611_top3_Theben.jpg","datePublished":"2024-11-22T21:29:11+00:00","breadcrumb":{"@id":"https:\/\/mijntheben.snelprint.be\/product\/tr-611-top-3-horloge-digitale-avec-programme-hebdomadaire\/#breadcrumb"},"inLanguage":"fr-FR","potentialAction":[{"@type":"ReadAction","target":["https:\/\/mijntheben.snelprint.be\/product\/tr-611-top-3-horloge-digitale-avec-programme-hebdomadaire\/"]}]},{"@type":"ImageObject","inLanguage":"fr-FR","@id":"https:\/\/mijntheben.snelprint.be\/product\/tr-611-top-3-horloge-digitale-avec-programme-hebdomadaire\/#primaryimage","url":"https:\/\/mijntheben.snelprint.be\/wp-content\/uploads\/2025\/01\/TR_611_top3_Theben.jpg","contentUrl":"https:\/\/mijntheben.snelprint.be\/wp-content\/uploads\/2025\/01\/TR_611_top3_Theben.jpg","width":1000,"height":1000},{"@type":"BreadcrumbList","@id":"https:\/\/mijntheben.snelprint.be\/product\/tr-611-top-3-horloge-digitale-avec-programme-hebdomadaire\/#breadcrumb","itemListElement":[{"@type":"ListItem","position":1,"name":"Home","item":"https:\/\/mijntheben.snelprint.be\/fr\/"},{"@type":"ListItem","position":2,"name":"Shop","item":"https:\/\/mijntheben.snelprint.be\/fr\/boutique\/"},{"@type":"ListItem","position":3,"name":"TR 611 top 3 &#8211; Horloge digitale avec programme hebdomadaire"}]},{"@type":"WebSite","@id":"https:\/\/mijntheben.snelprint.be\/#website","url":"https:\/\/mijntheben.snelprint.be\/","name":"MijnTheben","description":"Onafhankelijke Theben webshop","publisher":{"@id":"https:\/\/mijntheben.snelprint.be\/#organization"},"potentialAction":[{"@type":"SearchAction","target":{"@type":"EntryPoint","urlTemplate":"https:\/\/mijntheben.snelprint.be\/?s={search_term_string}"},"query-input":{"@type":"PropertyValueSpecification","valueRequired":true,"valueName":"search_term_string"}}],"inLanguage":"fr-FR"},{"@type":"Organization","@id":"https:\/\/mijntheben.snelprint.be\/#organization","name":"MijnTheben | Theben producten online kopen","url":"https:\/\/mijntheben.snelprint.be\/","logo":{"@type":"ImageObject","inLanguage":"fr-FR","@id":"https:\/\/mijntheben.snelprint.be\/#\/schema\/logo\/image\/","url":"https:\/\/mijntheben.snelprint.be\/wp-content\/uploads\/2025\/01\/logo-1.png","contentUrl":"https:\/\/mijntheben.snelprint.be\/wp-content\/uploads\/2025\/01\/logo-1.png","width":405,"height":87,"caption":"MijnTheben | Theben producten online kopen"},"image":{"@id":"https:\/\/mijntheben.snelprint.be\/#\/schema\/logo\/image\/"}}]}},"_links":{"self":[{"href":"https:\/\/mijntheben.snelprint.be\/fr\/wp-json\/wp\/v2\/product\/3010824","targetHints":{"allow":["GET"]}}],"collection":[{"href":"https:\/\/mijntheben.snelprint.be\/fr\/wp-json\/wp\/v2\/product"}],"about":[{"href":"https:\/\/mijntheben.snelprint.be\/fr\/wp-json\/wp\/v2\/types\/product"}],"wp:featuredmedia":[{"embeddable":true,"href":"https:\/\/mijntheben.snelprint.be\/fr\/wp-json\/wp\/v2\/media\/3010360"}],"wp:attachment":[{"href":"https:\/\/mijntheben.snelprint.be\/fr\/wp-json\/wp\/v2\/media?parent=3010824"}],"wp:term":[{"taxonomy":"product_brand","embeddable":true,"href":"https:\/\/mijntheben.snelprint.be\/fr\/wp-json\/wp\/v2\/product_brand?post=3010824"},{"taxonomy":"product_cat","embeddable":true,"href":"https:\/\/mijntheben.snelprint.be\/fr\/wp-json\/wp\/v2\/product_cat?post=3010824"},{"taxonomy":"product_tag","embeddable":true,"href":"https:\/\/mijntheben.snelprint.be\/fr\/wp-json\/wp\/v2\/product_tag?post=3010824"}],"curies":[{"name":"wp","href":"https:\/\/api.w.org\/{rel}","templated":true}]}}