{"id":3010827,"date":"2024-11-22T21:29:08","date_gmt":"2024-11-22T21:29:08","guid":{"rendered":"https:\/\/mijntheben.snelprint.be\/product\/variateur-universel-dimax-534-plus-theben\/"},"modified":"2024-11-22T21:29:08","modified_gmt":"2024-11-22T21:29:08","slug":"variateur-universel-dimax-534-plus-theben","status":"publish","type":"product","link":"https:\/\/mijntheben.snelprint.be\/fr\/product\/variateur-universel-dimax-534-plus-theben\/","title":{"rendered":"Variateur universel &#8211; DIMAX 534 plus | Theben"},"content":{"rendered":"<p>Variateur universel &#8211; DIMAX 534 plus &#8211; Theben<\/p>\n","protected":false},"excerpt":{"rendered":"<p>Variateur universel &#8211; DIMAX 534 plus &#8211; Theben<\/p>\n<ul>\n<li>Variateur universel pour charge R, L et C avec reconnaissance automatique de la charge<\/li>\n<li>R\u00e9glage confort avec fonction de r\u00e9veil et de r\u00e9p\u00e9tition (\u00e9galement d\u00e9sactivable), par exemple pour les chambres d&rsquo;enfants.<\/li>\n<li>Vitesse de variation r\u00e9glable (pour les fonctions automatiques)<\/li>\n<li>Commandes \u00e0 un ou deux boutons pour une utilisation tr\u00e8s facile<\/li>\n<li>Max. 3 ambiances lumineuses pouvant \u00eatre appel\u00e9es par une entr\u00e9e s\u00e9par\u00e9e (module de diodes pour plus d&rsquo;une ambiance lumineuse requis)<\/li>\n<li>Un seul bouton-poussoir permet d&rsquo;activer et de d\u00e9sactiver l&rsquo;\u00e9clairage central ou de cr\u00e9er des ambiances lumineuses pour un maximum de 10 appareils.<\/li>\n<li>Fonction d&rsquo;\u00e9clairage de l&rsquo;escalier avec fonction de gradation conform\u00e9ment \u00e0 la norme DIN 18015 &#8211; 2 (apr\u00e8s commutation, fonction longue dur\u00e9e)<\/li>\n<li>Contr\u00f4lable par bouton-poussoir ou interrupteur, par exemple en combinaison avec des d\u00e9tecteurs de pr\u00e9sence ou des minuteries.<\/li>\n<li>Le seuil de luminosit\u00e9 peut \u00eatre m\u00e9moris\u00e9 individuellement<\/li>\n<li>Luminosit\u00e9 minimale r\u00e9glable (n\u00e9cessaire pour les lampes \u00e0 \u00e9conomie d&rsquo;\u00e9nergie ESL et les LED)<\/li>\n<\/ul>\n<p><a href=\"https:\/\/www.theben-nederland.nl\/nl\/dimax-534-plus-5340001\">Informations techniques DIMAX 534 plus<\/a><\/p>\n","protected":false},"featured_media":3010378,"template":"","meta":[],"product_brand":[],"product_cat":[115],"product_tag":[96,116],"class_list":{"0":"post-3010827","1":"product","2":"type-product","3":"status-publish","4":"has-post-thumbnail","6":"product_cat-variateurs","7":"product_tag-theben-fr","8":"product_tag-variateurs","10":"first","11":"instock","12":"taxable","13":"shipping-taxable","14":"purchasable","15":"product-type-simple"},"yoast_head":"<!-- This site is optimized with the Yoast SEO plugin v27.3 - https:\/\/yoast.com\/product\/yoast-seo-wordpress\/ -->\n<title>Variateur universel - DIMAX 534 plus | Theben - MijnTheben<\/title>\n<meta name=\"robots\" content=\"index, follow, max-snippet:-1, max-image-preview:large, max-video-preview:-1\" \/>\n<link rel=\"canonical\" href=\"https:\/\/mijntheben.snelprint.be\/product\/variateur-universel-dimax-534-plus-theben\/\" \/>\n<meta property=\"og:locale\" content=\"fr_FR\" \/>\n<meta property=\"og:type\" content=\"article\" \/>\n<meta property=\"og:title\" content=\"Variateur universel - DIMAX 534 plus | Theben - MijnTheben\" \/>\n<meta property=\"og:description\" content=\"Variateur universel - DIMAX 534 plus - Theben  Variateur universel pour charge R, L et C avec reconnaissance automatique de la charge  R\u00e9glage confort avec fonction de r\u00e9veil et de r\u00e9p\u00e9tition (\u00e9galement d\u00e9sactivable), par exemple pour les chambres d&#039;enfants.  Vitesse de variation r\u00e9glable (pour les fonctions automatiques)  Commandes \u00e0 un ou deux boutons pour une utilisation tr\u00e8s facile  Max. 3 ambiances lumineuses pouvant \u00eatre appel\u00e9es par une entr\u00e9e s\u00e9par\u00e9e (module de diodes pour plus d&#039;une ambiance lumineuse requis)  Un seul bouton-poussoir permet d&#039;activer et de d\u00e9sactiver l&#039;\u00e9clairage central ou de cr\u00e9er des ambiances lumineuses pour un maximum de 10 appareils.  Fonction d&#039;\u00e9clairage de l&#039;escalier avec fonction de gradation conform\u00e9ment \u00e0 la norme DIN 18015 - 2 (apr\u00e8s commutation, fonction longue dur\u00e9e)  Contr\u00f4lable par bouton-poussoir ou interrupteur, par exemple en combinaison avec des d\u00e9tecteurs de pr\u00e9sence ou des minuteries.  Le seuil de luminosit\u00e9 peut \u00eatre m\u00e9moris\u00e9 individuellement  Luminosit\u00e9 minimale r\u00e9glable (n\u00e9cessaire pour les lampes \u00e0 \u00e9conomie d&#039;\u00e9nergie ESL et les LED) Informations techniques DIMAX 534 plus\" \/>\n<meta property=\"og:url\" content=\"https:\/\/mijntheben.snelprint.be\/product\/variateur-universel-dimax-534-plus-theben\/\" \/>\n<meta property=\"og:site_name\" content=\"MijnTheben\" \/>\n<meta name=\"twitter:card\" content=\"summary_large_image\" \/>\n<script type=\"application\/ld+json\" class=\"yoast-schema-graph\">{\"@context\":\"https:\\\/\\\/schema.org\",\"@graph\":[{\"@type\":\"WebPage\",\"@id\":\"https:\\\/\\\/mijntheben.snelprint.be\\\/product\\\/variateur-universel-dimax-534-plus-theben\\\/\",\"url\":\"https:\\\/\\\/mijntheben.snelprint.be\\\/product\\\/variateur-universel-dimax-534-plus-theben\\\/\",\"name\":\"Variateur universel - DIMAX 534 plus | Theben - MijnTheben\",\"isPartOf\":{\"@id\":\"https:\\\/\\\/mijntheben.snelprint.be\\\/#website\"},\"primaryImageOfPage\":{\"@id\":\"https:\\\/\\\/mijntheben.snelprint.be\\\/product\\\/variateur-universel-dimax-534-plus-theben\\\/#primaryimage\"},\"image\":{\"@id\":\"https:\\\/\\\/mijntheben.snelprint.be\\\/product\\\/variateur-universel-dimax-534-plus-theben\\\/#primaryimage\"},\"thumbnailUrl\":\"https:\\\/\\\/mijntheben.snelprint.be\\\/wp-content\\\/uploads\\\/2025\\\/01\\\/DIMAX_534_plus_Theben.jpg\",\"datePublished\":\"2024-11-22T21:29:08+00:00\",\"breadcrumb\":{\"@id\":\"https:\\\/\\\/mijntheben.snelprint.be\\\/product\\\/variateur-universel-dimax-534-plus-theben\\\/#breadcrumb\"},\"inLanguage\":\"fr-FR\",\"potentialAction\":[{\"@type\":\"ReadAction\",\"target\":[\"https:\\\/\\\/mijntheben.snelprint.be\\\/product\\\/variateur-universel-dimax-534-plus-theben\\\/\"]}]},{\"@type\":\"ImageObject\",\"inLanguage\":\"fr-FR\",\"@id\":\"https:\\\/\\\/mijntheben.snelprint.be\\\/product\\\/variateur-universel-dimax-534-plus-theben\\\/#primaryimage\",\"url\":\"https:\\\/\\\/mijntheben.snelprint.be\\\/wp-content\\\/uploads\\\/2025\\\/01\\\/DIMAX_534_plus_Theben.jpg\",\"contentUrl\":\"https:\\\/\\\/mijntheben.snelprint.be\\\/wp-content\\\/uploads\\\/2025\\\/01\\\/DIMAX_534_plus_Theben.jpg\",\"width\":1000,\"height\":1000},{\"@type\":\"BreadcrumbList\",\"@id\":\"https:\\\/\\\/mijntheben.snelprint.be\\\/product\\\/variateur-universel-dimax-534-plus-theben\\\/#breadcrumb\",\"itemListElement\":[{\"@type\":\"ListItem\",\"position\":1,\"name\":\"Home\",\"item\":\"https:\\\/\\\/mijntheben.snelprint.be\\\/fr\\\/\"},{\"@type\":\"ListItem\",\"position\":2,\"name\":\"Shop\",\"item\":\"https:\\\/\\\/mijntheben.snelprint.be\\\/fr\\\/boutique\\\/\"},{\"@type\":\"ListItem\",\"position\":3,\"name\":\"Variateur universel &#8211; DIMAX 534 plus | Theben\"}]},{\"@type\":\"WebSite\",\"@id\":\"https:\\\/\\\/mijntheben.snelprint.be\\\/#website\",\"url\":\"https:\\\/\\\/mijntheben.snelprint.be\\\/\",\"name\":\"MijnTheben\",\"description\":\"Onafhankelijke Theben webshop\",\"publisher\":{\"@id\":\"https:\\\/\\\/mijntheben.snelprint.be\\\/#organization\"},\"potentialAction\":[{\"@type\":\"SearchAction\",\"target\":{\"@type\":\"EntryPoint\",\"urlTemplate\":\"https:\\\/\\\/mijntheben.snelprint.be\\\/?s={search_term_string}\"},\"query-input\":{\"@type\":\"PropertyValueSpecification\",\"valueRequired\":true,\"valueName\":\"search_term_string\"}}],\"inLanguage\":\"fr-FR\"},{\"@type\":\"Organization\",\"@id\":\"https:\\\/\\\/mijntheben.snelprint.be\\\/#organization\",\"name\":\"MijnTheben | Theben producten online kopen\",\"url\":\"https:\\\/\\\/mijntheben.snelprint.be\\\/\",\"logo\":{\"@type\":\"ImageObject\",\"inLanguage\":\"fr-FR\",\"@id\":\"https:\\\/\\\/mijntheben.snelprint.be\\\/#\\\/schema\\\/logo\\\/image\\\/\",\"url\":\"https:\\\/\\\/mijntheben.snelprint.be\\\/wp-content\\\/uploads\\\/2025\\\/01\\\/logo-1.png\",\"contentUrl\":\"https:\\\/\\\/mijntheben.snelprint.be\\\/wp-content\\\/uploads\\\/2025\\\/01\\\/logo-1.png\",\"width\":405,\"height\":87,\"caption\":\"MijnTheben | Theben producten online kopen\"},\"image\":{\"@id\":\"https:\\\/\\\/mijntheben.snelprint.be\\\/#\\\/schema\\\/logo\\\/image\\\/\"}}]}<\/script>\n<!-- \/ Yoast SEO plugin. -->","yoast_head_json":{"title":"Variateur universel - DIMAX 534 plus | Theben - MijnTheben","robots":{"index":"index","follow":"follow","max-snippet":"max-snippet:-1","max-image-preview":"max-image-preview:large","max-video-preview":"max-video-preview:-1"},"canonical":"https:\/\/mijntheben.snelprint.be\/product\/variateur-universel-dimax-534-plus-theben\/","og_locale":"fr_FR","og_type":"article","og_title":"Variateur universel - DIMAX 534 plus | Theben - MijnTheben","og_description":"Variateur universel - DIMAX 534 plus - Theben  Variateur universel pour charge R, L et C avec reconnaissance automatique de la charge  R\u00e9glage confort avec fonction de r\u00e9veil et de r\u00e9p\u00e9tition (\u00e9galement d\u00e9sactivable), par exemple pour les chambres d'enfants.  Vitesse de variation r\u00e9glable (pour les fonctions automatiques)  Commandes \u00e0 un ou deux boutons pour une utilisation tr\u00e8s facile  Max. 3 ambiances lumineuses pouvant \u00eatre appel\u00e9es par une entr\u00e9e s\u00e9par\u00e9e (module de diodes pour plus d'une ambiance lumineuse requis)  Un seul bouton-poussoir permet d'activer et de d\u00e9sactiver l'\u00e9clairage central ou de cr\u00e9er des ambiances lumineuses pour un maximum de 10 appareils.  Fonction d'\u00e9clairage de l'escalier avec fonction de gradation conform\u00e9ment \u00e0 la norme DIN 18015 - 2 (apr\u00e8s commutation, fonction longue dur\u00e9e)  Contr\u00f4lable par bouton-poussoir ou interrupteur, par exemple en combinaison avec des d\u00e9tecteurs de pr\u00e9sence ou des minuteries.  Le seuil de luminosit\u00e9 peut \u00eatre m\u00e9moris\u00e9 individuellement  Luminosit\u00e9 minimale r\u00e9glable (n\u00e9cessaire pour les lampes \u00e0 \u00e9conomie d'\u00e9nergie ESL et les LED) Informations techniques DIMAX 534 plus","og_url":"https:\/\/mijntheben.snelprint.be\/product\/variateur-universel-dimax-534-plus-theben\/","og_site_name":"MijnTheben","twitter_card":"summary_large_image","schema":{"@context":"https:\/\/schema.org","@graph":[{"@type":"WebPage","@id":"https:\/\/mijntheben.snelprint.be\/product\/variateur-universel-dimax-534-plus-theben\/","url":"https:\/\/mijntheben.snelprint.be\/product\/variateur-universel-dimax-534-plus-theben\/","name":"Variateur universel - DIMAX 534 plus | Theben - MijnTheben","isPartOf":{"@id":"https:\/\/mijntheben.snelprint.be\/#website"},"primaryImageOfPage":{"@id":"https:\/\/mijntheben.snelprint.be\/product\/variateur-universel-dimax-534-plus-theben\/#primaryimage"},"image":{"@id":"https:\/\/mijntheben.snelprint.be\/product\/variateur-universel-dimax-534-plus-theben\/#primaryimage"},"thumbnailUrl":"https:\/\/mijntheben.snelprint.be\/wp-content\/uploads\/2025\/01\/DIMAX_534_plus_Theben.jpg","datePublished":"2024-11-22T21:29:08+00:00","breadcrumb":{"@id":"https:\/\/mijntheben.snelprint.be\/product\/variateur-universel-dimax-534-plus-theben\/#breadcrumb"},"inLanguage":"fr-FR","potentialAction":[{"@type":"ReadAction","target":["https:\/\/mijntheben.snelprint.be\/product\/variateur-universel-dimax-534-plus-theben\/"]}]},{"@type":"ImageObject","inLanguage":"fr-FR","@id":"https:\/\/mijntheben.snelprint.be\/product\/variateur-universel-dimax-534-plus-theben\/#primaryimage","url":"https:\/\/mijntheben.snelprint.be\/wp-content\/uploads\/2025\/01\/DIMAX_534_plus_Theben.jpg","contentUrl":"https:\/\/mijntheben.snelprint.be\/wp-content\/uploads\/2025\/01\/DIMAX_534_plus_Theben.jpg","width":1000,"height":1000},{"@type":"BreadcrumbList","@id":"https:\/\/mijntheben.snelprint.be\/product\/variateur-universel-dimax-534-plus-theben\/#breadcrumb","itemListElement":[{"@type":"ListItem","position":1,"name":"Home","item":"https:\/\/mijntheben.snelprint.be\/fr\/"},{"@type":"ListItem","position":2,"name":"Shop","item":"https:\/\/mijntheben.snelprint.be\/fr\/boutique\/"},{"@type":"ListItem","position":3,"name":"Variateur universel &#8211; DIMAX 534 plus | Theben"}]},{"@type":"WebSite","@id":"https:\/\/mijntheben.snelprint.be\/#website","url":"https:\/\/mijntheben.snelprint.be\/","name":"MijnTheben","description":"Onafhankelijke Theben webshop","publisher":{"@id":"https:\/\/mijntheben.snelprint.be\/#organization"},"potentialAction":[{"@type":"SearchAction","target":{"@type":"EntryPoint","urlTemplate":"https:\/\/mijntheben.snelprint.be\/?s={search_term_string}"},"query-input":{"@type":"PropertyValueSpecification","valueRequired":true,"valueName":"search_term_string"}}],"inLanguage":"fr-FR"},{"@type":"Organization","@id":"https:\/\/mijntheben.snelprint.be\/#organization","name":"MijnTheben | Theben producten online kopen","url":"https:\/\/mijntheben.snelprint.be\/","logo":{"@type":"ImageObject","inLanguage":"fr-FR","@id":"https:\/\/mijntheben.snelprint.be\/#\/schema\/logo\/image\/","url":"https:\/\/mijntheben.snelprint.be\/wp-content\/uploads\/2025\/01\/logo-1.png","contentUrl":"https:\/\/mijntheben.snelprint.be\/wp-content\/uploads\/2025\/01\/logo-1.png","width":405,"height":87,"caption":"MijnTheben | Theben producten online kopen"},"image":{"@id":"https:\/\/mijntheben.snelprint.be\/#\/schema\/logo\/image\/"}}]}},"_links":{"self":[{"href":"https:\/\/mijntheben.snelprint.be\/fr\/wp-json\/wp\/v2\/product\/3010827","targetHints":{"allow":["GET"]}}],"collection":[{"href":"https:\/\/mijntheben.snelprint.be\/fr\/wp-json\/wp\/v2\/product"}],"about":[{"href":"https:\/\/mijntheben.snelprint.be\/fr\/wp-json\/wp\/v2\/types\/product"}],"wp:featuredmedia":[{"embeddable":true,"href":"https:\/\/mijntheben.snelprint.be\/fr\/wp-json\/wp\/v2\/media\/3010378"}],"wp:attachment":[{"href":"https:\/\/mijntheben.snelprint.be\/fr\/wp-json\/wp\/v2\/media?parent=3010827"}],"wp:term":[{"taxonomy":"product_brand","embeddable":true,"href":"https:\/\/mijntheben.snelprint.be\/fr\/wp-json\/wp\/v2\/product_brand?post=3010827"},{"taxonomy":"product_cat","embeddable":true,"href":"https:\/\/mijntheben.snelprint.be\/fr\/wp-json\/wp\/v2\/product_cat?post=3010827"},{"taxonomy":"product_tag","embeddable":true,"href":"https:\/\/mijntheben.snelprint.be\/fr\/wp-json\/wp\/v2\/product_tag?post=3010827"}],"curies":[{"name":"wp","href":"https:\/\/api.w.org\/{rel}","templated":true}]}}