{"id":3010828,"date":"2024-11-22T21:29:10","date_gmt":"2024-11-22T21:29:10","guid":{"rendered":"https:\/\/mijntheben.snelprint.be\/product\/tm-345-m-relais-temporise-electronique\/"},"modified":"2024-11-22T21:29:10","modified_gmt":"2024-11-22T21:29:10","slug":"tm-345-m-relais-temporise-electronique","status":"publish","type":"product","link":"https:\/\/mijntheben.snelprint.be\/fr\/product\/tm-345-m-relais-temporise-electronique\/","title":{"rendered":"TM 345 M &#8211; Relais temporis\u00e9 \u00e9lectronique"},"content":{"rendered":"<p>Relais temporis\u00e9 \u00e9lectronique &#8211; TM 345 M &#8211; Theben<\/p>\n","protected":false},"excerpt":{"rendered":"<p>Relais temporis\u00e9 \u00e9lectronique &#8211; TM 345 M &#8211; Theben<\/p>\n<ul>\n<li>Interrupteur de position pour s\u00e9lectionner la p\u00e9riode de temps ainsi que les modes de fonctionnement suivants :<\/li>\n<li>Retard \u00e0 la mise sous tension (AV), sans contact de commande<\/li>\n<li>Commutation \u00ab\u00a0wipe\u00a0\u00bb (EW), sans contact de commande<\/li>\n<li>Retard \u00e0 la retomb\u00e9e (RV), avec contact de commande<\/li>\n<li>Inverseur d&rsquo;impulsions (IF), avec contact de commande<\/li>\n<li>Retard \u00e0 l&rsquo;enclenchement et au d\u00e9clenchement (VZ), avec contact de commande<\/li>\n<li>Essuyage marche\/arr\u00eat (WR), avec contact de commande<\/li>\n<li>Bascule (TG), sans contact de commande<\/li>\n<li>Utilisation universelle pour le contr\u00f4le des fonctions automatiques des machines, de l&rsquo;\u00e9clairage, de la ventilation, du chauffage, des armoires, etc.<\/li>\n<\/ul>\n<p><a href=\"https:\/\/www.theben-nederland.nl\/nl\/tm-345-m-3450731\">Informations techniques TM 345 M<\/a><\/p>\n","protected":false},"featured_media":3010362,"template":"","meta":[],"product_brand":[],"product_cat":[113],"product_tag":[114,96],"class_list":{"0":"post-3010828","1":"product","2":"type-product","3":"status-publish","4":"has-post-thumbnail","6":"product_cat-relais-temporel","7":"product_tag-relais-temporel","8":"product_tag-theben-fr","10":"first","11":"instock","12":"taxable","13":"shipping-taxable","14":"purchasable","15":"product-type-simple"},"yoast_head":"<!-- This site is optimized with the Yoast SEO plugin v27.3 - https:\/\/yoast.com\/product\/yoast-seo-wordpress\/ -->\n<title>TM 345 M - Relais temporis\u00e9 \u00e9lectronique - MijnTheben<\/title>\n<meta name=\"robots\" content=\"index, follow, max-snippet:-1, max-image-preview:large, max-video-preview:-1\" \/>\n<link rel=\"canonical\" href=\"https:\/\/mijntheben.snelprint.be\/product\/tm-345-m-relais-temporise-electronique\/\" \/>\n<meta property=\"og:locale\" content=\"fr_FR\" \/>\n<meta property=\"og:type\" content=\"article\" \/>\n<meta property=\"og:title\" content=\"TM 345 M - Relais temporis\u00e9 \u00e9lectronique - MijnTheben\" \/>\n<meta property=\"og:description\" content=\"Relais temporis\u00e9 \u00e9lectronique - TM 345 M - Theben  Interrupteur de position pour s\u00e9lectionner la p\u00e9riode de temps ainsi que les modes de fonctionnement suivants :  Retard \u00e0 la mise sous tension (AV), sans contact de commande  Commutation &quot;wipe&quot; (EW), sans contact de commande  Retard \u00e0 la retomb\u00e9e (RV), avec contact de commande  Inverseur d&#039;impulsions (IF), avec contact de commande  Retard \u00e0 l&#039;enclenchement et au d\u00e9clenchement (VZ), avec contact de commande  Essuyage marche\/arr\u00eat (WR), avec contact de commande  Bascule (TG), sans contact de commande  Utilisation universelle pour le contr\u00f4le des fonctions automatiques des machines, de l&#039;\u00e9clairage, de la ventilation, du chauffage, des armoires, etc. Informations techniques TM 345 M\" \/>\n<meta property=\"og:url\" content=\"https:\/\/mijntheben.snelprint.be\/product\/tm-345-m-relais-temporise-electronique\/\" \/>\n<meta property=\"og:site_name\" content=\"MijnTheben\" \/>\n<meta name=\"twitter:card\" content=\"summary_large_image\" \/>\n<script type=\"application\/ld+json\" class=\"yoast-schema-graph\">{\"@context\":\"https:\\\/\\\/schema.org\",\"@graph\":[{\"@type\":\"WebPage\",\"@id\":\"https:\\\/\\\/mijntheben.snelprint.be\\\/product\\\/tm-345-m-relais-temporise-electronique\\\/\",\"url\":\"https:\\\/\\\/mijntheben.snelprint.be\\\/product\\\/tm-345-m-relais-temporise-electronique\\\/\",\"name\":\"TM 345 M - Relais temporis\u00e9 \u00e9lectronique - MijnTheben\",\"isPartOf\":{\"@id\":\"https:\\\/\\\/mijntheben.snelprint.be\\\/#website\"},\"primaryImageOfPage\":{\"@id\":\"https:\\\/\\\/mijntheben.snelprint.be\\\/product\\\/tm-345-m-relais-temporise-electronique\\\/#primaryimage\"},\"image\":{\"@id\":\"https:\\\/\\\/mijntheben.snelprint.be\\\/product\\\/tm-345-m-relais-temporise-electronique\\\/#primaryimage\"},\"thumbnailUrl\":\"https:\\\/\\\/mijntheben.snelprint.be\\\/wp-content\\\/uploads\\\/2025\\\/01\\\/TM_345_M_Theben.jpg\",\"datePublished\":\"2024-11-22T21:29:10+00:00\",\"breadcrumb\":{\"@id\":\"https:\\\/\\\/mijntheben.snelprint.be\\\/product\\\/tm-345-m-relais-temporise-electronique\\\/#breadcrumb\"},\"inLanguage\":\"fr-FR\",\"potentialAction\":[{\"@type\":\"ReadAction\",\"target\":[\"https:\\\/\\\/mijntheben.snelprint.be\\\/product\\\/tm-345-m-relais-temporise-electronique\\\/\"]}]},{\"@type\":\"ImageObject\",\"inLanguage\":\"fr-FR\",\"@id\":\"https:\\\/\\\/mijntheben.snelprint.be\\\/product\\\/tm-345-m-relais-temporise-electronique\\\/#primaryimage\",\"url\":\"https:\\\/\\\/mijntheben.snelprint.be\\\/wp-content\\\/uploads\\\/2025\\\/01\\\/TM_345_M_Theben.jpg\",\"contentUrl\":\"https:\\\/\\\/mijntheben.snelprint.be\\\/wp-content\\\/uploads\\\/2025\\\/01\\\/TM_345_M_Theben.jpg\",\"width\":1000,\"height\":1000},{\"@type\":\"BreadcrumbList\",\"@id\":\"https:\\\/\\\/mijntheben.snelprint.be\\\/product\\\/tm-345-m-relais-temporise-electronique\\\/#breadcrumb\",\"itemListElement\":[{\"@type\":\"ListItem\",\"position\":1,\"name\":\"Home\",\"item\":\"https:\\\/\\\/mijntheben.snelprint.be\\\/fr\\\/\"},{\"@type\":\"ListItem\",\"position\":2,\"name\":\"Shop\",\"item\":\"https:\\\/\\\/mijntheben.snelprint.be\\\/fr\\\/boutique\\\/\"},{\"@type\":\"ListItem\",\"position\":3,\"name\":\"TM 345 M &#8211; Relais temporis\u00e9 \u00e9lectronique\"}]},{\"@type\":\"WebSite\",\"@id\":\"https:\\\/\\\/mijntheben.snelprint.be\\\/#website\",\"url\":\"https:\\\/\\\/mijntheben.snelprint.be\\\/\",\"name\":\"MijnTheben\",\"description\":\"Onafhankelijke Theben webshop\",\"publisher\":{\"@id\":\"https:\\\/\\\/mijntheben.snelprint.be\\\/#organization\"},\"potentialAction\":[{\"@type\":\"SearchAction\",\"target\":{\"@type\":\"EntryPoint\",\"urlTemplate\":\"https:\\\/\\\/mijntheben.snelprint.be\\\/?s={search_term_string}\"},\"query-input\":{\"@type\":\"PropertyValueSpecification\",\"valueRequired\":true,\"valueName\":\"search_term_string\"}}],\"inLanguage\":\"fr-FR\"},{\"@type\":\"Organization\",\"@id\":\"https:\\\/\\\/mijntheben.snelprint.be\\\/#organization\",\"name\":\"MijnTheben | Theben producten online kopen\",\"url\":\"https:\\\/\\\/mijntheben.snelprint.be\\\/\",\"logo\":{\"@type\":\"ImageObject\",\"inLanguage\":\"fr-FR\",\"@id\":\"https:\\\/\\\/mijntheben.snelprint.be\\\/#\\\/schema\\\/logo\\\/image\\\/\",\"url\":\"https:\\\/\\\/mijntheben.snelprint.be\\\/wp-content\\\/uploads\\\/2025\\\/01\\\/logo-1.png\",\"contentUrl\":\"https:\\\/\\\/mijntheben.snelprint.be\\\/wp-content\\\/uploads\\\/2025\\\/01\\\/logo-1.png\",\"width\":405,\"height\":87,\"caption\":\"MijnTheben | Theben producten online kopen\"},\"image\":{\"@id\":\"https:\\\/\\\/mijntheben.snelprint.be\\\/#\\\/schema\\\/logo\\\/image\\\/\"}}]}<\/script>\n<!-- \/ Yoast SEO plugin. -->","yoast_head_json":{"title":"TM 345 M - Relais temporis\u00e9 \u00e9lectronique - MijnTheben","robots":{"index":"index","follow":"follow","max-snippet":"max-snippet:-1","max-image-preview":"max-image-preview:large","max-video-preview":"max-video-preview:-1"},"canonical":"https:\/\/mijntheben.snelprint.be\/product\/tm-345-m-relais-temporise-electronique\/","og_locale":"fr_FR","og_type":"article","og_title":"TM 345 M - Relais temporis\u00e9 \u00e9lectronique - MijnTheben","og_description":"Relais temporis\u00e9 \u00e9lectronique - TM 345 M - Theben  Interrupteur de position pour s\u00e9lectionner la p\u00e9riode de temps ainsi que les modes de fonctionnement suivants :  Retard \u00e0 la mise sous tension (AV), sans contact de commande  Commutation \"wipe\" (EW), sans contact de commande  Retard \u00e0 la retomb\u00e9e (RV), avec contact de commande  Inverseur d'impulsions (IF), avec contact de commande  Retard \u00e0 l'enclenchement et au d\u00e9clenchement (VZ), avec contact de commande  Essuyage marche\/arr\u00eat (WR), avec contact de commande  Bascule (TG), sans contact de commande  Utilisation universelle pour le contr\u00f4le des fonctions automatiques des machines, de l'\u00e9clairage, de la ventilation, du chauffage, des armoires, etc. Informations techniques TM 345 M","og_url":"https:\/\/mijntheben.snelprint.be\/product\/tm-345-m-relais-temporise-electronique\/","og_site_name":"MijnTheben","twitter_card":"summary_large_image","schema":{"@context":"https:\/\/schema.org","@graph":[{"@type":"WebPage","@id":"https:\/\/mijntheben.snelprint.be\/product\/tm-345-m-relais-temporise-electronique\/","url":"https:\/\/mijntheben.snelprint.be\/product\/tm-345-m-relais-temporise-electronique\/","name":"TM 345 M - Relais temporis\u00e9 \u00e9lectronique - MijnTheben","isPartOf":{"@id":"https:\/\/mijntheben.snelprint.be\/#website"},"primaryImageOfPage":{"@id":"https:\/\/mijntheben.snelprint.be\/product\/tm-345-m-relais-temporise-electronique\/#primaryimage"},"image":{"@id":"https:\/\/mijntheben.snelprint.be\/product\/tm-345-m-relais-temporise-electronique\/#primaryimage"},"thumbnailUrl":"https:\/\/mijntheben.snelprint.be\/wp-content\/uploads\/2025\/01\/TM_345_M_Theben.jpg","datePublished":"2024-11-22T21:29:10+00:00","breadcrumb":{"@id":"https:\/\/mijntheben.snelprint.be\/product\/tm-345-m-relais-temporise-electronique\/#breadcrumb"},"inLanguage":"fr-FR","potentialAction":[{"@type":"ReadAction","target":["https:\/\/mijntheben.snelprint.be\/product\/tm-345-m-relais-temporise-electronique\/"]}]},{"@type":"ImageObject","inLanguage":"fr-FR","@id":"https:\/\/mijntheben.snelprint.be\/product\/tm-345-m-relais-temporise-electronique\/#primaryimage","url":"https:\/\/mijntheben.snelprint.be\/wp-content\/uploads\/2025\/01\/TM_345_M_Theben.jpg","contentUrl":"https:\/\/mijntheben.snelprint.be\/wp-content\/uploads\/2025\/01\/TM_345_M_Theben.jpg","width":1000,"height":1000},{"@type":"BreadcrumbList","@id":"https:\/\/mijntheben.snelprint.be\/product\/tm-345-m-relais-temporise-electronique\/#breadcrumb","itemListElement":[{"@type":"ListItem","position":1,"name":"Home","item":"https:\/\/mijntheben.snelprint.be\/fr\/"},{"@type":"ListItem","position":2,"name":"Shop","item":"https:\/\/mijntheben.snelprint.be\/fr\/boutique\/"},{"@type":"ListItem","position":3,"name":"TM 345 M &#8211; Relais temporis\u00e9 \u00e9lectronique"}]},{"@type":"WebSite","@id":"https:\/\/mijntheben.snelprint.be\/#website","url":"https:\/\/mijntheben.snelprint.be\/","name":"MijnTheben","description":"Onafhankelijke Theben webshop","publisher":{"@id":"https:\/\/mijntheben.snelprint.be\/#organization"},"potentialAction":[{"@type":"SearchAction","target":{"@type":"EntryPoint","urlTemplate":"https:\/\/mijntheben.snelprint.be\/?s={search_term_string}"},"query-input":{"@type":"PropertyValueSpecification","valueRequired":true,"valueName":"search_term_string"}}],"inLanguage":"fr-FR"},{"@type":"Organization","@id":"https:\/\/mijntheben.snelprint.be\/#organization","name":"MijnTheben | Theben producten online kopen","url":"https:\/\/mijntheben.snelprint.be\/","logo":{"@type":"ImageObject","inLanguage":"fr-FR","@id":"https:\/\/mijntheben.snelprint.be\/#\/schema\/logo\/image\/","url":"https:\/\/mijntheben.snelprint.be\/wp-content\/uploads\/2025\/01\/logo-1.png","contentUrl":"https:\/\/mijntheben.snelprint.be\/wp-content\/uploads\/2025\/01\/logo-1.png","width":405,"height":87,"caption":"MijnTheben | Theben producten online kopen"},"image":{"@id":"https:\/\/mijntheben.snelprint.be\/#\/schema\/logo\/image\/"}}]}},"_links":{"self":[{"href":"https:\/\/mijntheben.snelprint.be\/fr\/wp-json\/wp\/v2\/product\/3010828","targetHints":{"allow":["GET"]}}],"collection":[{"href":"https:\/\/mijntheben.snelprint.be\/fr\/wp-json\/wp\/v2\/product"}],"about":[{"href":"https:\/\/mijntheben.snelprint.be\/fr\/wp-json\/wp\/v2\/types\/product"}],"wp:featuredmedia":[{"embeddable":true,"href":"https:\/\/mijntheben.snelprint.be\/fr\/wp-json\/wp\/v2\/media\/3010362"}],"wp:attachment":[{"href":"https:\/\/mijntheben.snelprint.be\/fr\/wp-json\/wp\/v2\/media?parent=3010828"}],"wp:term":[{"taxonomy":"product_brand","embeddable":true,"href":"https:\/\/mijntheben.snelprint.be\/fr\/wp-json\/wp\/v2\/product_brand?post=3010828"},{"taxonomy":"product_cat","embeddable":true,"href":"https:\/\/mijntheben.snelprint.be\/fr\/wp-json\/wp\/v2\/product_cat?post=3010828"},{"taxonomy":"product_tag","embeddable":true,"href":"https:\/\/mijntheben.snelprint.be\/fr\/wp-json\/wp\/v2\/product_tag?post=3010828"}],"curies":[{"name":"wp","href":"https:\/\/api.w.org\/{rel}","templated":true}]}}