{"id":3010830,"date":"2024-11-22T21:29:09","date_gmt":"2024-11-22T21:29:09","guid":{"rendered":"https:\/\/mijntheben.snelprint.be\/product\/variateur-universel-dimax-544-plus-p-theben\/"},"modified":"2024-11-22T21:29:09","modified_gmt":"2024-11-22T21:29:09","slug":"variateur-universel-dimax-544-plus-p-theben","status":"publish","type":"product","link":"https:\/\/mijntheben.snelprint.be\/fr\/product\/variateur-universel-dimax-544-plus-p-theben\/","title":{"rendered":"Variateur universel &#8211; DIMAX 544 plus P | Theben"},"content":{"rendered":"<p>Variateur universel &#8211; DIMAX 544 plus P &#8211; Theben<\/p>\n","protected":false},"excerpt":{"rendered":"<p>Variateur universel &#8211; DIMAX 544 plus P &#8211; Theben<\/p>\n<ul>\n<li>Variateur universel pour charge R, L et C avec reconnaissance automatique de la charge<\/li>\n<li>Commande par bouton ou application via Bluetooth Low Energy<\/li>\n<li>R\u00e9glages optimis\u00e9s pour les LED et les lampes \u00e0 incandescence<\/li>\n<li>Montage facile gr\u00e2ce \u00e0 un bo\u00eetier particuli\u00e8rement compact<\/li>\n<li>Id\u00e9al pour toutes les LED et lampes halog\u00e8nes graduables<\/li>\n<li>Fonction de m\u00e9moire, qui enregistre la derni\u00e8re valeur lumineuse r\u00e9gl\u00e9e et la diminue lorsque la lumi\u00e8re est rallum\u00e9e.<\/li>\n<li>Fonction \u00ab\u00a0snooze\u00a0\u00bb confortable<\/li>\n<li>Luminosit\u00e9 minimale r\u00e9glable pour les LED<\/li>\n<li>R\u00e9ponse de gradation r\u00e9glable<\/li>\n<li>Fonction d&rsquo;\u00e9clairage r\u00e9glable de l&rsquo;escalier<\/li>\n<\/ul>\n<p><a href=\"https:\/\/www.theben-nederland.nl\/nl\/dimax-544-plus-p-5440130\">Caract\u00e9ristiques techniques DIMAX 544 plus P<\/a><\/p>\n","protected":false},"featured_media":3010370,"template":"","meta":[],"product_brand":[],"product_cat":[115],"product_tag":[96,116],"class_list":{"0":"post-3010830","1":"product","2":"type-product","3":"status-publish","4":"has-post-thumbnail","6":"product_cat-variateurs","7":"product_tag-theben-fr","8":"product_tag-variateurs","10":"first","11":"instock","12":"taxable","13":"shipping-taxable","14":"purchasable","15":"product-type-simple"},"yoast_head":"<!-- This site is optimized with the Yoast SEO plugin v27.3 - https:\/\/yoast.com\/product\/yoast-seo-wordpress\/ -->\n<title>Variateur universel - DIMAX 544 plus P | Theben - MijnTheben<\/title>\n<meta name=\"robots\" content=\"index, follow, max-snippet:-1, max-image-preview:large, max-video-preview:-1\" \/>\n<link rel=\"canonical\" href=\"https:\/\/mijntheben.snelprint.be\/product\/variateur-universel-dimax-544-plus-p-theben\/\" \/>\n<meta property=\"og:locale\" content=\"fr_FR\" \/>\n<meta property=\"og:type\" content=\"article\" \/>\n<meta property=\"og:title\" content=\"Variateur universel - DIMAX 544 plus P | Theben - MijnTheben\" \/>\n<meta property=\"og:description\" content=\"Variateur universel - DIMAX 544 plus P - Theben  Variateur universel pour charge R, L et C avec reconnaissance automatique de la charge  Commande par bouton ou application via Bluetooth Low Energy  R\u00e9glages optimis\u00e9s pour les LED et les lampes \u00e0 incandescence  Montage facile gr\u00e2ce \u00e0 un bo\u00eetier particuli\u00e8rement compact  Id\u00e9al pour toutes les LED et lampes halog\u00e8nes graduables  Fonction de m\u00e9moire, qui enregistre la derni\u00e8re valeur lumineuse r\u00e9gl\u00e9e et la diminue lorsque la lumi\u00e8re est rallum\u00e9e.  Fonction &quot;snooze&quot; confortable  Luminosit\u00e9 minimale r\u00e9glable pour les LED  R\u00e9ponse de gradation r\u00e9glable  Fonction d&#039;\u00e9clairage r\u00e9glable de l&#039;escalier Caract\u00e9ristiques techniques DIMAX 544 plus P\" \/>\n<meta property=\"og:url\" content=\"https:\/\/mijntheben.snelprint.be\/product\/variateur-universel-dimax-544-plus-p-theben\/\" \/>\n<meta property=\"og:site_name\" content=\"MijnTheben\" \/>\n<meta name=\"twitter:card\" content=\"summary_large_image\" \/>\n<script type=\"application\/ld+json\" class=\"yoast-schema-graph\">{\"@context\":\"https:\\\/\\\/schema.org\",\"@graph\":[{\"@type\":\"WebPage\",\"@id\":\"https:\\\/\\\/mijntheben.snelprint.be\\\/product\\\/variateur-universel-dimax-544-plus-p-theben\\\/\",\"url\":\"https:\\\/\\\/mijntheben.snelprint.be\\\/product\\\/variateur-universel-dimax-544-plus-p-theben\\\/\",\"name\":\"Variateur universel - DIMAX 544 plus P | Theben - MijnTheben\",\"isPartOf\":{\"@id\":\"https:\\\/\\\/mijntheben.snelprint.be\\\/#website\"},\"primaryImageOfPage\":{\"@id\":\"https:\\\/\\\/mijntheben.snelprint.be\\\/product\\\/variateur-universel-dimax-544-plus-p-theben\\\/#primaryimage\"},\"image\":{\"@id\":\"https:\\\/\\\/mijntheben.snelprint.be\\\/product\\\/variateur-universel-dimax-544-plus-p-theben\\\/#primaryimage\"},\"thumbnailUrl\":\"https:\\\/\\\/mijntheben.snelprint.be\\\/wp-content\\\/uploads\\\/2025\\\/01\\\/DIMAX_544_plus_P_Theben.jpg\",\"datePublished\":\"2024-11-22T21:29:09+00:00\",\"breadcrumb\":{\"@id\":\"https:\\\/\\\/mijntheben.snelprint.be\\\/product\\\/variateur-universel-dimax-544-plus-p-theben\\\/#breadcrumb\"},\"inLanguage\":\"fr-FR\",\"potentialAction\":[{\"@type\":\"ReadAction\",\"target\":[\"https:\\\/\\\/mijntheben.snelprint.be\\\/product\\\/variateur-universel-dimax-544-plus-p-theben\\\/\"]}]},{\"@type\":\"ImageObject\",\"inLanguage\":\"fr-FR\",\"@id\":\"https:\\\/\\\/mijntheben.snelprint.be\\\/product\\\/variateur-universel-dimax-544-plus-p-theben\\\/#primaryimage\",\"url\":\"https:\\\/\\\/mijntheben.snelprint.be\\\/wp-content\\\/uploads\\\/2025\\\/01\\\/DIMAX_544_plus_P_Theben.jpg\",\"contentUrl\":\"https:\\\/\\\/mijntheben.snelprint.be\\\/wp-content\\\/uploads\\\/2025\\\/01\\\/DIMAX_544_plus_P_Theben.jpg\",\"width\":1000,\"height\":1000},{\"@type\":\"BreadcrumbList\",\"@id\":\"https:\\\/\\\/mijntheben.snelprint.be\\\/product\\\/variateur-universel-dimax-544-plus-p-theben\\\/#breadcrumb\",\"itemListElement\":[{\"@type\":\"ListItem\",\"position\":1,\"name\":\"Home\",\"item\":\"https:\\\/\\\/mijntheben.snelprint.be\\\/fr\\\/\"},{\"@type\":\"ListItem\",\"position\":2,\"name\":\"Shop\",\"item\":\"https:\\\/\\\/mijntheben.snelprint.be\\\/fr\\\/boutique\\\/\"},{\"@type\":\"ListItem\",\"position\":3,\"name\":\"Variateur universel &#8211; DIMAX 544 plus P | Theben\"}]},{\"@type\":\"WebSite\",\"@id\":\"https:\\\/\\\/mijntheben.snelprint.be\\\/#website\",\"url\":\"https:\\\/\\\/mijntheben.snelprint.be\\\/\",\"name\":\"MijnTheben\",\"description\":\"Onafhankelijke Theben webshop\",\"publisher\":{\"@id\":\"https:\\\/\\\/mijntheben.snelprint.be\\\/#organization\"},\"potentialAction\":[{\"@type\":\"SearchAction\",\"target\":{\"@type\":\"EntryPoint\",\"urlTemplate\":\"https:\\\/\\\/mijntheben.snelprint.be\\\/?s={search_term_string}\"},\"query-input\":{\"@type\":\"PropertyValueSpecification\",\"valueRequired\":true,\"valueName\":\"search_term_string\"}}],\"inLanguage\":\"fr-FR\"},{\"@type\":\"Organization\",\"@id\":\"https:\\\/\\\/mijntheben.snelprint.be\\\/#organization\",\"name\":\"MijnTheben | Theben producten online kopen\",\"url\":\"https:\\\/\\\/mijntheben.snelprint.be\\\/\",\"logo\":{\"@type\":\"ImageObject\",\"inLanguage\":\"fr-FR\",\"@id\":\"https:\\\/\\\/mijntheben.snelprint.be\\\/#\\\/schema\\\/logo\\\/image\\\/\",\"url\":\"https:\\\/\\\/mijntheben.snelprint.be\\\/wp-content\\\/uploads\\\/2025\\\/01\\\/logo-1.png\",\"contentUrl\":\"https:\\\/\\\/mijntheben.snelprint.be\\\/wp-content\\\/uploads\\\/2025\\\/01\\\/logo-1.png\",\"width\":405,\"height\":87,\"caption\":\"MijnTheben | Theben producten online kopen\"},\"image\":{\"@id\":\"https:\\\/\\\/mijntheben.snelprint.be\\\/#\\\/schema\\\/logo\\\/image\\\/\"}}]}<\/script>\n<!-- \/ Yoast SEO plugin. -->","yoast_head_json":{"title":"Variateur universel - DIMAX 544 plus P | Theben - MijnTheben","robots":{"index":"index","follow":"follow","max-snippet":"max-snippet:-1","max-image-preview":"max-image-preview:large","max-video-preview":"max-video-preview:-1"},"canonical":"https:\/\/mijntheben.snelprint.be\/product\/variateur-universel-dimax-544-plus-p-theben\/","og_locale":"fr_FR","og_type":"article","og_title":"Variateur universel - DIMAX 544 plus P | Theben - MijnTheben","og_description":"Variateur universel - DIMAX 544 plus P - Theben  Variateur universel pour charge R, L et C avec reconnaissance automatique de la charge  Commande par bouton ou application via Bluetooth Low Energy  R\u00e9glages optimis\u00e9s pour les LED et les lampes \u00e0 incandescence  Montage facile gr\u00e2ce \u00e0 un bo\u00eetier particuli\u00e8rement compact  Id\u00e9al pour toutes les LED et lampes halog\u00e8nes graduables  Fonction de m\u00e9moire, qui enregistre la derni\u00e8re valeur lumineuse r\u00e9gl\u00e9e et la diminue lorsque la lumi\u00e8re est rallum\u00e9e.  Fonction \"snooze\" confortable  Luminosit\u00e9 minimale r\u00e9glable pour les LED  R\u00e9ponse de gradation r\u00e9glable  Fonction d'\u00e9clairage r\u00e9glable de l'escalier Caract\u00e9ristiques techniques DIMAX 544 plus P","og_url":"https:\/\/mijntheben.snelprint.be\/product\/variateur-universel-dimax-544-plus-p-theben\/","og_site_name":"MijnTheben","twitter_card":"summary_large_image","schema":{"@context":"https:\/\/schema.org","@graph":[{"@type":"WebPage","@id":"https:\/\/mijntheben.snelprint.be\/product\/variateur-universel-dimax-544-plus-p-theben\/","url":"https:\/\/mijntheben.snelprint.be\/product\/variateur-universel-dimax-544-plus-p-theben\/","name":"Variateur universel - DIMAX 544 plus P | Theben - MijnTheben","isPartOf":{"@id":"https:\/\/mijntheben.snelprint.be\/#website"},"primaryImageOfPage":{"@id":"https:\/\/mijntheben.snelprint.be\/product\/variateur-universel-dimax-544-plus-p-theben\/#primaryimage"},"image":{"@id":"https:\/\/mijntheben.snelprint.be\/product\/variateur-universel-dimax-544-plus-p-theben\/#primaryimage"},"thumbnailUrl":"https:\/\/mijntheben.snelprint.be\/wp-content\/uploads\/2025\/01\/DIMAX_544_plus_P_Theben.jpg","datePublished":"2024-11-22T21:29:09+00:00","breadcrumb":{"@id":"https:\/\/mijntheben.snelprint.be\/product\/variateur-universel-dimax-544-plus-p-theben\/#breadcrumb"},"inLanguage":"fr-FR","potentialAction":[{"@type":"ReadAction","target":["https:\/\/mijntheben.snelprint.be\/product\/variateur-universel-dimax-544-plus-p-theben\/"]}]},{"@type":"ImageObject","inLanguage":"fr-FR","@id":"https:\/\/mijntheben.snelprint.be\/product\/variateur-universel-dimax-544-plus-p-theben\/#primaryimage","url":"https:\/\/mijntheben.snelprint.be\/wp-content\/uploads\/2025\/01\/DIMAX_544_plus_P_Theben.jpg","contentUrl":"https:\/\/mijntheben.snelprint.be\/wp-content\/uploads\/2025\/01\/DIMAX_544_plus_P_Theben.jpg","width":1000,"height":1000},{"@type":"BreadcrumbList","@id":"https:\/\/mijntheben.snelprint.be\/product\/variateur-universel-dimax-544-plus-p-theben\/#breadcrumb","itemListElement":[{"@type":"ListItem","position":1,"name":"Home","item":"https:\/\/mijntheben.snelprint.be\/fr\/"},{"@type":"ListItem","position":2,"name":"Shop","item":"https:\/\/mijntheben.snelprint.be\/fr\/boutique\/"},{"@type":"ListItem","position":3,"name":"Variateur universel &#8211; DIMAX 544 plus P | Theben"}]},{"@type":"WebSite","@id":"https:\/\/mijntheben.snelprint.be\/#website","url":"https:\/\/mijntheben.snelprint.be\/","name":"MijnTheben","description":"Onafhankelijke Theben webshop","publisher":{"@id":"https:\/\/mijntheben.snelprint.be\/#organization"},"potentialAction":[{"@type":"SearchAction","target":{"@type":"EntryPoint","urlTemplate":"https:\/\/mijntheben.snelprint.be\/?s={search_term_string}"},"query-input":{"@type":"PropertyValueSpecification","valueRequired":true,"valueName":"search_term_string"}}],"inLanguage":"fr-FR"},{"@type":"Organization","@id":"https:\/\/mijntheben.snelprint.be\/#organization","name":"MijnTheben | Theben producten online kopen","url":"https:\/\/mijntheben.snelprint.be\/","logo":{"@type":"ImageObject","inLanguage":"fr-FR","@id":"https:\/\/mijntheben.snelprint.be\/#\/schema\/logo\/image\/","url":"https:\/\/mijntheben.snelprint.be\/wp-content\/uploads\/2025\/01\/logo-1.png","contentUrl":"https:\/\/mijntheben.snelprint.be\/wp-content\/uploads\/2025\/01\/logo-1.png","width":405,"height":87,"caption":"MijnTheben | Theben producten online kopen"},"image":{"@id":"https:\/\/mijntheben.snelprint.be\/#\/schema\/logo\/image\/"}}]}},"_links":{"self":[{"href":"https:\/\/mijntheben.snelprint.be\/fr\/wp-json\/wp\/v2\/product\/3010830","targetHints":{"allow":["GET"]}}],"collection":[{"href":"https:\/\/mijntheben.snelprint.be\/fr\/wp-json\/wp\/v2\/product"}],"about":[{"href":"https:\/\/mijntheben.snelprint.be\/fr\/wp-json\/wp\/v2\/types\/product"}],"wp:featuredmedia":[{"embeddable":true,"href":"https:\/\/mijntheben.snelprint.be\/fr\/wp-json\/wp\/v2\/media\/3010370"}],"wp:attachment":[{"href":"https:\/\/mijntheben.snelprint.be\/fr\/wp-json\/wp\/v2\/media?parent=3010830"}],"wp:term":[{"taxonomy":"product_brand","embeddable":true,"href":"https:\/\/mijntheben.snelprint.be\/fr\/wp-json\/wp\/v2\/product_brand?post=3010830"},{"taxonomy":"product_cat","embeddable":true,"href":"https:\/\/mijntheben.snelprint.be\/fr\/wp-json\/wp\/v2\/product_cat?post=3010830"},{"taxonomy":"product_tag","embeddable":true,"href":"https:\/\/mijntheben.snelprint.be\/fr\/wp-json\/wp\/v2\/product_tag?post=3010830"}],"curies":[{"name":"wp","href":"https:\/\/api.w.org\/{rel}","templated":true}]}}