{"id":3010834,"date":"2024-11-22T21:29:09","date_gmt":"2024-11-22T21:29:09","guid":{"rendered":"https:\/\/mijntheben.snelprint.be\/product\/changement-dheure-avec-programme-hebdomadaire-tr-610-top-3-theben\/"},"modified":"2024-11-22T21:29:09","modified_gmt":"2024-11-22T21:29:09","slug":"changement-dheure-avec-programme-hebdomadaire-tr-610-top-3-theben","status":"publish","type":"product","link":"https:\/\/mijntheben.snelprint.be\/fr\/product\/changement-dheure-avec-programme-hebdomadaire-tr-610-top-3-theben\/","title":{"rendered":"Changement d&rsquo;heure avec programme hebdomadaire TR 610 top 3 | Theben"},"content":{"rendered":"<p>Horloge digitale avec programme hebdomadaire TR 610 top 3 &#8211; Theben<\/p>\n","protected":false},"excerpt":{"rendered":"<p>Changement d&rsquo;heure avec programme hebdomadaire TR 610 top 3 | Theben<\/p>\n<ul>\n<li>Horloge digitale avec programme hebdomadaire TR 610 top 3 &#8211; Theben<\/li>\n<li>1 canal<\/li>\n<li>Programmation d&rsquo;applications<\/li>\n<li>Transfert s\u00e9curis\u00e9 avec Bluetooth Low Energy OBELISK top3<\/li>\n<li>Protection \u00e9lev\u00e9e contre les manipulations, les programmes de commutation horaire ne peuvent \u00eatre transf\u00e9r\u00e9s \u00e0 l&rsquo;appareil que lorsque le dongle est ins\u00e9r\u00e9 dans l&rsquo;horloge, aucun programme ne peut \u00eatre transf\u00e9r\u00e9 sans dongle.<\/li>\n<li>100 % compatible avec top2<\/li>\n<li>Pinces enfichables \u00e0 ressort DuoFix<\/li>\n<li>Pour 2 diapositives chacun<\/li>\n<li>Fil m\u00e9tallique ou fil de litz (avec ou sans embout)<\/li>\n<li>Diam\u00e8tre du fil : 0,5 &#8211; 2,5 mm\u00b2.<\/li>\n<\/ul>\n<p><a href=\"https:\/\/www.theben-nederland.nl\/nl\/tr-610-top3-6100130\">Informations techniques TR 610 top<\/a><\/p>\n","protected":false},"featured_media":3010372,"template":"","meta":[],"product_brand":[],"product_cat":[108],"product_tag":[109,96],"class_list":{"0":"post-3010834","1":"product","2":"type-product","3":"status-publish","4":"has-post-thumbnail","6":"product_cat-horloge","7":"product_tag-horloge","8":"product_tag-theben-fr","10":"first","11":"instock","12":"taxable","13":"shipping-taxable","14":"purchasable","15":"product-type-simple"},"yoast_head":"<!-- This site is optimized with the Yoast SEO plugin v27.3 - https:\/\/yoast.com\/product\/yoast-seo-wordpress\/ -->\n<title>Changement d&#039;heure avec programme hebdomadaire TR 610 top 3 | Theben - MijnTheben<\/title>\n<meta name=\"robots\" content=\"index, follow, max-snippet:-1, max-image-preview:large, max-video-preview:-1\" \/>\n<link rel=\"canonical\" href=\"https:\/\/mijntheben.snelprint.be\/product\/changement-dheure-avec-programme-hebdomadaire-tr-610-top-3-theben\/\" \/>\n<meta property=\"og:locale\" content=\"fr_FR\" \/>\n<meta property=\"og:type\" content=\"article\" \/>\n<meta property=\"og:title\" content=\"Changement d&#039;heure avec programme hebdomadaire TR 610 top 3 | Theben - MijnTheben\" \/>\n<meta property=\"og:description\" content=\"Changement d&#039;heure avec programme hebdomadaire TR 610 top 3 | Theben  Horloge digitale avec programme hebdomadaire TR 610 top 3 - Theben  1 canal  Programmation d&#039;applications  Transfert s\u00e9curis\u00e9 avec Bluetooth Low Energy OBELISK top3  Protection \u00e9lev\u00e9e contre les manipulations, les programmes de commutation horaire ne peuvent \u00eatre transf\u00e9r\u00e9s \u00e0 l&#039;appareil que lorsque le dongle est ins\u00e9r\u00e9 dans l&#039;horloge, aucun programme ne peut \u00eatre transf\u00e9r\u00e9 sans dongle.  100 % compatible avec top2  Pinces enfichables \u00e0 ressort DuoFix  Pour 2 diapositives chacun  Fil m\u00e9tallique ou fil de litz (avec ou sans embout)  Diam\u00e8tre du fil : 0,5 - 2,5 mm\u00b2. Informations techniques TR 610 top\" \/>\n<meta property=\"og:url\" content=\"https:\/\/mijntheben.snelprint.be\/product\/changement-dheure-avec-programme-hebdomadaire-tr-610-top-3-theben\/\" \/>\n<meta property=\"og:site_name\" content=\"MijnTheben\" \/>\n<meta name=\"twitter:card\" content=\"summary_large_image\" \/>\n<script type=\"application\/ld+json\" class=\"yoast-schema-graph\">{\"@context\":\"https:\\\/\\\/schema.org\",\"@graph\":[{\"@type\":\"WebPage\",\"@id\":\"https:\\\/\\\/mijntheben.snelprint.be\\\/product\\\/changement-dheure-avec-programme-hebdomadaire-tr-610-top-3-theben\\\/\",\"url\":\"https:\\\/\\\/mijntheben.snelprint.be\\\/product\\\/changement-dheure-avec-programme-hebdomadaire-tr-610-top-3-theben\\\/\",\"name\":\"Changement d'heure avec programme hebdomadaire TR 610 top 3 | Theben - MijnTheben\",\"isPartOf\":{\"@id\":\"https:\\\/\\\/mijntheben.snelprint.be\\\/#website\"},\"primaryImageOfPage\":{\"@id\":\"https:\\\/\\\/mijntheben.snelprint.be\\\/product\\\/changement-dheure-avec-programme-hebdomadaire-tr-610-top-3-theben\\\/#primaryimage\"},\"image\":{\"@id\":\"https:\\\/\\\/mijntheben.snelprint.be\\\/product\\\/changement-dheure-avec-programme-hebdomadaire-tr-610-top-3-theben\\\/#primaryimage\"},\"thumbnailUrl\":\"https:\\\/\\\/mijntheben.snelprint.be\\\/wp-content\\\/uploads\\\/2025\\\/01\\\/TR_610_top3_Theben.jpg\",\"datePublished\":\"2024-11-22T21:29:09+00:00\",\"breadcrumb\":{\"@id\":\"https:\\\/\\\/mijntheben.snelprint.be\\\/product\\\/changement-dheure-avec-programme-hebdomadaire-tr-610-top-3-theben\\\/#breadcrumb\"},\"inLanguage\":\"fr-FR\",\"potentialAction\":[{\"@type\":\"ReadAction\",\"target\":[\"https:\\\/\\\/mijntheben.snelprint.be\\\/product\\\/changement-dheure-avec-programme-hebdomadaire-tr-610-top-3-theben\\\/\"]}]},{\"@type\":\"ImageObject\",\"inLanguage\":\"fr-FR\",\"@id\":\"https:\\\/\\\/mijntheben.snelprint.be\\\/product\\\/changement-dheure-avec-programme-hebdomadaire-tr-610-top-3-theben\\\/#primaryimage\",\"url\":\"https:\\\/\\\/mijntheben.snelprint.be\\\/wp-content\\\/uploads\\\/2025\\\/01\\\/TR_610_top3_Theben.jpg\",\"contentUrl\":\"https:\\\/\\\/mijntheben.snelprint.be\\\/wp-content\\\/uploads\\\/2025\\\/01\\\/TR_610_top3_Theben.jpg\",\"width\":1000,\"height\":1000},{\"@type\":\"BreadcrumbList\",\"@id\":\"https:\\\/\\\/mijntheben.snelprint.be\\\/product\\\/changement-dheure-avec-programme-hebdomadaire-tr-610-top-3-theben\\\/#breadcrumb\",\"itemListElement\":[{\"@type\":\"ListItem\",\"position\":1,\"name\":\"Home\",\"item\":\"https:\\\/\\\/mijntheben.snelprint.be\\\/fr\\\/\"},{\"@type\":\"ListItem\",\"position\":2,\"name\":\"Shop\",\"item\":\"https:\\\/\\\/mijntheben.snelprint.be\\\/fr\\\/boutique\\\/\"},{\"@type\":\"ListItem\",\"position\":3,\"name\":\"Changement d&rsquo;heure avec programme hebdomadaire TR 610 top 3 | Theben\"}]},{\"@type\":\"WebSite\",\"@id\":\"https:\\\/\\\/mijntheben.snelprint.be\\\/#website\",\"url\":\"https:\\\/\\\/mijntheben.snelprint.be\\\/\",\"name\":\"MijnTheben\",\"description\":\"Onafhankelijke Theben webshop\",\"publisher\":{\"@id\":\"https:\\\/\\\/mijntheben.snelprint.be\\\/#organization\"},\"potentialAction\":[{\"@type\":\"SearchAction\",\"target\":{\"@type\":\"EntryPoint\",\"urlTemplate\":\"https:\\\/\\\/mijntheben.snelprint.be\\\/?s={search_term_string}\"},\"query-input\":{\"@type\":\"PropertyValueSpecification\",\"valueRequired\":true,\"valueName\":\"search_term_string\"}}],\"inLanguage\":\"fr-FR\"},{\"@type\":\"Organization\",\"@id\":\"https:\\\/\\\/mijntheben.snelprint.be\\\/#organization\",\"name\":\"MijnTheben | Theben producten online kopen\",\"url\":\"https:\\\/\\\/mijntheben.snelprint.be\\\/\",\"logo\":{\"@type\":\"ImageObject\",\"inLanguage\":\"fr-FR\",\"@id\":\"https:\\\/\\\/mijntheben.snelprint.be\\\/#\\\/schema\\\/logo\\\/image\\\/\",\"url\":\"https:\\\/\\\/mijntheben.snelprint.be\\\/wp-content\\\/uploads\\\/2025\\\/01\\\/logo-1.png\",\"contentUrl\":\"https:\\\/\\\/mijntheben.snelprint.be\\\/wp-content\\\/uploads\\\/2025\\\/01\\\/logo-1.png\",\"width\":405,\"height\":87,\"caption\":\"MijnTheben | Theben producten online kopen\"},\"image\":{\"@id\":\"https:\\\/\\\/mijntheben.snelprint.be\\\/#\\\/schema\\\/logo\\\/image\\\/\"}}]}<\/script>\n<!-- \/ Yoast SEO plugin. -->","yoast_head_json":{"title":"Changement d'heure avec programme hebdomadaire TR 610 top 3 | Theben - MijnTheben","robots":{"index":"index","follow":"follow","max-snippet":"max-snippet:-1","max-image-preview":"max-image-preview:large","max-video-preview":"max-video-preview:-1"},"canonical":"https:\/\/mijntheben.snelprint.be\/product\/changement-dheure-avec-programme-hebdomadaire-tr-610-top-3-theben\/","og_locale":"fr_FR","og_type":"article","og_title":"Changement d'heure avec programme hebdomadaire TR 610 top 3 | Theben - MijnTheben","og_description":"Changement d'heure avec programme hebdomadaire TR 610 top 3 | Theben  Horloge digitale avec programme hebdomadaire TR 610 top 3 - Theben  1 canal  Programmation d'applications  Transfert s\u00e9curis\u00e9 avec Bluetooth Low Energy OBELISK top3  Protection \u00e9lev\u00e9e contre les manipulations, les programmes de commutation horaire ne peuvent \u00eatre transf\u00e9r\u00e9s \u00e0 l'appareil que lorsque le dongle est ins\u00e9r\u00e9 dans l'horloge, aucun programme ne peut \u00eatre transf\u00e9r\u00e9 sans dongle.  100 % compatible avec top2  Pinces enfichables \u00e0 ressort DuoFix  Pour 2 diapositives chacun  Fil m\u00e9tallique ou fil de litz (avec ou sans embout)  Diam\u00e8tre du fil : 0,5 - 2,5 mm\u00b2. Informations techniques TR 610 top","og_url":"https:\/\/mijntheben.snelprint.be\/product\/changement-dheure-avec-programme-hebdomadaire-tr-610-top-3-theben\/","og_site_name":"MijnTheben","twitter_card":"summary_large_image","schema":{"@context":"https:\/\/schema.org","@graph":[{"@type":"WebPage","@id":"https:\/\/mijntheben.snelprint.be\/product\/changement-dheure-avec-programme-hebdomadaire-tr-610-top-3-theben\/","url":"https:\/\/mijntheben.snelprint.be\/product\/changement-dheure-avec-programme-hebdomadaire-tr-610-top-3-theben\/","name":"Changement d'heure avec programme hebdomadaire TR 610 top 3 | Theben - MijnTheben","isPartOf":{"@id":"https:\/\/mijntheben.snelprint.be\/#website"},"primaryImageOfPage":{"@id":"https:\/\/mijntheben.snelprint.be\/product\/changement-dheure-avec-programme-hebdomadaire-tr-610-top-3-theben\/#primaryimage"},"image":{"@id":"https:\/\/mijntheben.snelprint.be\/product\/changement-dheure-avec-programme-hebdomadaire-tr-610-top-3-theben\/#primaryimage"},"thumbnailUrl":"https:\/\/mijntheben.snelprint.be\/wp-content\/uploads\/2025\/01\/TR_610_top3_Theben.jpg","datePublished":"2024-11-22T21:29:09+00:00","breadcrumb":{"@id":"https:\/\/mijntheben.snelprint.be\/product\/changement-dheure-avec-programme-hebdomadaire-tr-610-top-3-theben\/#breadcrumb"},"inLanguage":"fr-FR","potentialAction":[{"@type":"ReadAction","target":["https:\/\/mijntheben.snelprint.be\/product\/changement-dheure-avec-programme-hebdomadaire-tr-610-top-3-theben\/"]}]},{"@type":"ImageObject","inLanguage":"fr-FR","@id":"https:\/\/mijntheben.snelprint.be\/product\/changement-dheure-avec-programme-hebdomadaire-tr-610-top-3-theben\/#primaryimage","url":"https:\/\/mijntheben.snelprint.be\/wp-content\/uploads\/2025\/01\/TR_610_top3_Theben.jpg","contentUrl":"https:\/\/mijntheben.snelprint.be\/wp-content\/uploads\/2025\/01\/TR_610_top3_Theben.jpg","width":1000,"height":1000},{"@type":"BreadcrumbList","@id":"https:\/\/mijntheben.snelprint.be\/product\/changement-dheure-avec-programme-hebdomadaire-tr-610-top-3-theben\/#breadcrumb","itemListElement":[{"@type":"ListItem","position":1,"name":"Home","item":"https:\/\/mijntheben.snelprint.be\/fr\/"},{"@type":"ListItem","position":2,"name":"Shop","item":"https:\/\/mijntheben.snelprint.be\/fr\/boutique\/"},{"@type":"ListItem","position":3,"name":"Changement d&rsquo;heure avec programme hebdomadaire TR 610 top 3 | Theben"}]},{"@type":"WebSite","@id":"https:\/\/mijntheben.snelprint.be\/#website","url":"https:\/\/mijntheben.snelprint.be\/","name":"MijnTheben","description":"Onafhankelijke Theben webshop","publisher":{"@id":"https:\/\/mijntheben.snelprint.be\/#organization"},"potentialAction":[{"@type":"SearchAction","target":{"@type":"EntryPoint","urlTemplate":"https:\/\/mijntheben.snelprint.be\/?s={search_term_string}"},"query-input":{"@type":"PropertyValueSpecification","valueRequired":true,"valueName":"search_term_string"}}],"inLanguage":"fr-FR"},{"@type":"Organization","@id":"https:\/\/mijntheben.snelprint.be\/#organization","name":"MijnTheben | Theben producten online kopen","url":"https:\/\/mijntheben.snelprint.be\/","logo":{"@type":"ImageObject","inLanguage":"fr-FR","@id":"https:\/\/mijntheben.snelprint.be\/#\/schema\/logo\/image\/","url":"https:\/\/mijntheben.snelprint.be\/wp-content\/uploads\/2025\/01\/logo-1.png","contentUrl":"https:\/\/mijntheben.snelprint.be\/wp-content\/uploads\/2025\/01\/logo-1.png","width":405,"height":87,"caption":"MijnTheben | Theben producten online kopen"},"image":{"@id":"https:\/\/mijntheben.snelprint.be\/#\/schema\/logo\/image\/"}}]}},"_links":{"self":[{"href":"https:\/\/mijntheben.snelprint.be\/fr\/wp-json\/wp\/v2\/product\/3010834","targetHints":{"allow":["GET"]}}],"collection":[{"href":"https:\/\/mijntheben.snelprint.be\/fr\/wp-json\/wp\/v2\/product"}],"about":[{"href":"https:\/\/mijntheben.snelprint.be\/fr\/wp-json\/wp\/v2\/types\/product"}],"wp:featuredmedia":[{"embeddable":true,"href":"https:\/\/mijntheben.snelprint.be\/fr\/wp-json\/wp\/v2\/media\/3010372"}],"wp:attachment":[{"href":"https:\/\/mijntheben.snelprint.be\/fr\/wp-json\/wp\/v2\/media?parent=3010834"}],"wp:term":[{"taxonomy":"product_brand","embeddable":true,"href":"https:\/\/mijntheben.snelprint.be\/fr\/wp-json\/wp\/v2\/product_brand?post=3010834"},{"taxonomy":"product_cat","embeddable":true,"href":"https:\/\/mijntheben.snelprint.be\/fr\/wp-json\/wp\/v2\/product_cat?post=3010834"},{"taxonomy":"product_tag","embeddable":true,"href":"https:\/\/mijntheben.snelprint.be\/fr\/wp-json\/wp\/v2\/product_tag?post=3010834"}],"curies":[{"name":"wp","href":"https:\/\/api.w.org\/{rel}","templated":true}]}}