{"id":3010835,"date":"2024-11-22T21:29:11","date_gmt":"2024-11-22T21:29:11","guid":{"rendered":"https:\/\/mijntheben.snelprint.be\/product\/elpa-6-plus-horloge-de-lescalier\/"},"modified":"2025-10-06T19:54:55","modified_gmt":"2025-10-06T19:54:55","slug":"elpa-6-plus-horloge-de-lescalier","status":"publish","type":"product","link":"https:\/\/mijntheben.snelprint.be\/fr\/product\/elpa-6-plus-horloge-de-lescalier\/","title":{"rendered":"Elpa 6 plus &#8211; Horloge de l&rsquo;escalier"},"content":{"rendered":"<p>Minuterie d&rsquo;escalier &#8211; \u00e9lectronique &#8211; Elpa 6 plus &#8211; Theben<\/p>\n","protected":false},"excerpt":{"rendered":"<p>Minuterie d&rsquo;escalier &#8211; \u00e9lectroniquement Elpa 6 plus &#8211; Theben<\/p>\n<ul>\n<li>Commutation sans croisement pour \u00e9conomiser le contact du relais et l&rsquo;\u00e9clairage, c&rsquo;est-\u00e0-dire que la dur\u00e9e de vie de l&rsquo;\u00e9clairage est prolong\u00e9e.<\/li>\n<li>Appareil multifonctionnel avec 10 fonctions s\u00e9lectionnables, r\u00e9glables sur la face avant de l&rsquo;appareil<\/li>\n<li>Avertissement de coupure \u00e0 l&rsquo;avance (2x clignotement) pour la LED<\/li>\n<li>Activez la fonction longue dur\u00e9e en appuyant longuement sur la touche<\/li>\n<li>Commutable imm\u00e9diatement (interrupteur d&rsquo;escalier) ou pr\u00e9matur\u00e9ment (interrupteur de surtension avec temporisation)<\/li>\n<li>Disjoncteur<\/li>\n<li>\u00c9clairage permanent<\/li>\n<li>Positionnement de la pince comme ELPA 8<\/li>\n<li>Grande pr\u00e9cision de marche<\/li>\n<li>Entr\u00e9e de d\u00e9clenchement d&rsquo;impulsion avec protection \u00e9lectronique contre les surcharges<\/li>\n<li>Reconnaissance automatique \u00e0 3 ou 4 fils (4 fils avec connexion pour les projecteurs, 3 fils n&rsquo;est plus autoris\u00e9 pour les nouvelles installations)<\/li>\n<\/ul>\n<p><a href=\"https:\/\/www.theben-nederland.nl\/nl\/elpa-6-plus-0060003\">Informations techniques Elpa 6 plus<\/a><\/p>\n","protected":false},"featured_media":3010354,"template":"","meta":[],"product_brand":[],"product_cat":[110],"product_tag":[111,96],"class_list":{"0":"post-3010835","1":"product","2":"type-product","3":"status-publish","4":"has-post-thumbnail","6":"product_cat-controleur-declairage-descalier","7":"product_tag-controleur-declairage-descalier","8":"product_tag-theben-fr","10":"first","11":"instock","12":"taxable","13":"shipping-taxable","14":"purchasable","15":"product-type-simple"},"yoast_head":"<!-- This site is optimized with the Yoast SEO plugin v27.3 - https:\/\/yoast.com\/product\/yoast-seo-wordpress\/ -->\n<title>Elpa 6 plus - Horloge de l&#039;escalier - MijnTheben<\/title>\n<meta name=\"robots\" content=\"index, follow, max-snippet:-1, max-image-preview:large, max-video-preview:-1\" \/>\n<link rel=\"canonical\" href=\"https:\/\/mijntheben.snelprint.be\/fr\/product\/elpa-6-plus-horloge-de-lescalier\/\" \/>\n<meta property=\"og:locale\" content=\"fr_FR\" \/>\n<meta property=\"og:type\" content=\"article\" \/>\n<meta property=\"og:title\" content=\"Elpa 6 plus - Horloge de l&#039;escalier - MijnTheben\" \/>\n<meta property=\"og:description\" content=\"Minuterie d&#039;escalier - \u00e9lectroniquement Elpa 6 plus - Theben  Commutation sans croisement pour \u00e9conomiser le contact du relais et l&#039;\u00e9clairage, c&#039;est-\u00e0-dire que la dur\u00e9e de vie de l&#039;\u00e9clairage est prolong\u00e9e.  Appareil multifonctionnel avec 10 fonctions s\u00e9lectionnables, r\u00e9glables sur la face avant de l&#039;appareil  Avertissement de coupure \u00e0 l&#039;avance (2x clignotement) pour la LED  Activez la fonction longue dur\u00e9e en appuyant longuement sur la touche  Commutable imm\u00e9diatement (interrupteur d&#039;escalier) ou pr\u00e9matur\u00e9ment (interrupteur de surtension avec temporisation)  Disjoncteur  \u00c9clairage permanent  Positionnement de la pince comme ELPA 8  Grande pr\u00e9cision de marche  Entr\u00e9e de d\u00e9clenchement d&#039;impulsion avec protection \u00e9lectronique contre les surcharges  Reconnaissance automatique \u00e0 3 ou 4 fils (4 fils avec connexion pour les projecteurs, 3 fils n&#039;est plus autoris\u00e9 pour les nouvelles installations) Informations techniques Elpa 6 plus\" \/>\n<meta property=\"og:url\" content=\"https:\/\/mijntheben.snelprint.be\/fr\/product\/elpa-6-plus-horloge-de-lescalier\/\" \/>\n<meta property=\"og:site_name\" content=\"MijnTheben\" \/>\n<meta property=\"article:modified_time\" content=\"2025-10-06T19:54:55+00:00\" \/>\n<meta property=\"og:image\" content=\"https:\/\/mijntheben.snelprint.be\/wp-content\/uploads\/2025\/01\/Elpa6plus_Theben.jpg\" \/>\n\t<meta property=\"og:image:width\" content=\"1000\" \/>\n\t<meta property=\"og:image:height\" content=\"1000\" \/>\n\t<meta property=\"og:image:type\" content=\"image\/jpeg\" \/>\n<meta name=\"twitter:card\" content=\"summary_large_image\" \/>\n<script type=\"application\/ld+json\" class=\"yoast-schema-graph\">{\"@context\":\"https:\\\/\\\/schema.org\",\"@graph\":[{\"@type\":\"WebPage\",\"@id\":\"https:\\\/\\\/mijntheben.snelprint.be\\\/fr\\\/product\\\/elpa-6-plus-horloge-de-lescalier\\\/\",\"url\":\"https:\\\/\\\/mijntheben.snelprint.be\\\/fr\\\/product\\\/elpa-6-plus-horloge-de-lescalier\\\/\",\"name\":\"Elpa 6 plus - Horloge de l'escalier - MijnTheben\",\"isPartOf\":{\"@id\":\"https:\\\/\\\/mijntheben.snelprint.be\\\/#website\"},\"primaryImageOfPage\":{\"@id\":\"https:\\\/\\\/mijntheben.snelprint.be\\\/fr\\\/product\\\/elpa-6-plus-horloge-de-lescalier\\\/#primaryimage\"},\"image\":{\"@id\":\"https:\\\/\\\/mijntheben.snelprint.be\\\/fr\\\/product\\\/elpa-6-plus-horloge-de-lescalier\\\/#primaryimage\"},\"thumbnailUrl\":\"https:\\\/\\\/mijntheben.snelprint.be\\\/wp-content\\\/uploads\\\/2025\\\/01\\\/Elpa6plus_Theben.jpg\",\"datePublished\":\"2024-11-22T21:29:11+00:00\",\"dateModified\":\"2025-10-06T19:54:55+00:00\",\"breadcrumb\":{\"@id\":\"https:\\\/\\\/mijntheben.snelprint.be\\\/fr\\\/product\\\/elpa-6-plus-horloge-de-lescalier\\\/#breadcrumb\"},\"inLanguage\":\"fr-FR\",\"potentialAction\":[{\"@type\":\"ReadAction\",\"target\":[\"https:\\\/\\\/mijntheben.snelprint.be\\\/fr\\\/product\\\/elpa-6-plus-horloge-de-lescalier\\\/\"]}]},{\"@type\":\"ImageObject\",\"inLanguage\":\"fr-FR\",\"@id\":\"https:\\\/\\\/mijntheben.snelprint.be\\\/fr\\\/product\\\/elpa-6-plus-horloge-de-lescalier\\\/#primaryimage\",\"url\":\"https:\\\/\\\/mijntheben.snelprint.be\\\/wp-content\\\/uploads\\\/2025\\\/01\\\/Elpa6plus_Theben.jpg\",\"contentUrl\":\"https:\\\/\\\/mijntheben.snelprint.be\\\/wp-content\\\/uploads\\\/2025\\\/01\\\/Elpa6plus_Theben.jpg\",\"width\":1000,\"height\":1000},{\"@type\":\"BreadcrumbList\",\"@id\":\"https:\\\/\\\/mijntheben.snelprint.be\\\/fr\\\/product\\\/elpa-6-plus-horloge-de-lescalier\\\/#breadcrumb\",\"itemListElement\":[{\"@type\":\"ListItem\",\"position\":1,\"name\":\"Home\",\"item\":\"https:\\\/\\\/mijntheben.snelprint.be\\\/fr\\\/\"},{\"@type\":\"ListItem\",\"position\":2,\"name\":\"Shop\",\"item\":\"https:\\\/\\\/mijntheben.snelprint.be\\\/fr\\\/boutique\\\/\"},{\"@type\":\"ListItem\",\"position\":3,\"name\":\"Elpa 6 plus &#8211; Horloge de l&rsquo;escalier\"}]},{\"@type\":\"WebSite\",\"@id\":\"https:\\\/\\\/mijntheben.snelprint.be\\\/#website\",\"url\":\"https:\\\/\\\/mijntheben.snelprint.be\\\/\",\"name\":\"MijnTheben\",\"description\":\"Onafhankelijke Theben webshop\",\"publisher\":{\"@id\":\"https:\\\/\\\/mijntheben.snelprint.be\\\/#organization\"},\"potentialAction\":[{\"@type\":\"SearchAction\",\"target\":{\"@type\":\"EntryPoint\",\"urlTemplate\":\"https:\\\/\\\/mijntheben.snelprint.be\\\/?s={search_term_string}\"},\"query-input\":{\"@type\":\"PropertyValueSpecification\",\"valueRequired\":true,\"valueName\":\"search_term_string\"}}],\"inLanguage\":\"fr-FR\"},{\"@type\":\"Organization\",\"@id\":\"https:\\\/\\\/mijntheben.snelprint.be\\\/#organization\",\"name\":\"MijnTheben | Theben producten online kopen\",\"url\":\"https:\\\/\\\/mijntheben.snelprint.be\\\/\",\"logo\":{\"@type\":\"ImageObject\",\"inLanguage\":\"fr-FR\",\"@id\":\"https:\\\/\\\/mijntheben.snelprint.be\\\/#\\\/schema\\\/logo\\\/image\\\/\",\"url\":\"https:\\\/\\\/mijntheben.snelprint.be\\\/wp-content\\\/uploads\\\/2025\\\/01\\\/logo-1.png\",\"contentUrl\":\"https:\\\/\\\/mijntheben.snelprint.be\\\/wp-content\\\/uploads\\\/2025\\\/01\\\/logo-1.png\",\"width\":405,\"height\":87,\"caption\":\"MijnTheben | Theben producten online kopen\"},\"image\":{\"@id\":\"https:\\\/\\\/mijntheben.snelprint.be\\\/#\\\/schema\\\/logo\\\/image\\\/\"}}]}<\/script>\n<!-- \/ Yoast SEO plugin. -->","yoast_head_json":{"title":"Elpa 6 plus - Horloge de l'escalier - MijnTheben","robots":{"index":"index","follow":"follow","max-snippet":"max-snippet:-1","max-image-preview":"max-image-preview:large","max-video-preview":"max-video-preview:-1"},"canonical":"https:\/\/mijntheben.snelprint.be\/fr\/product\/elpa-6-plus-horloge-de-lescalier\/","og_locale":"fr_FR","og_type":"article","og_title":"Elpa 6 plus - Horloge de l'escalier - MijnTheben","og_description":"Minuterie d'escalier - \u00e9lectroniquement Elpa 6 plus - Theben  Commutation sans croisement pour \u00e9conomiser le contact du relais et l'\u00e9clairage, c'est-\u00e0-dire que la dur\u00e9e de vie de l'\u00e9clairage est prolong\u00e9e.  Appareil multifonctionnel avec 10 fonctions s\u00e9lectionnables, r\u00e9glables sur la face avant de l'appareil  Avertissement de coupure \u00e0 l'avance (2x clignotement) pour la LED  Activez la fonction longue dur\u00e9e en appuyant longuement sur la touche  Commutable imm\u00e9diatement (interrupteur d'escalier) ou pr\u00e9matur\u00e9ment (interrupteur de surtension avec temporisation)  Disjoncteur  \u00c9clairage permanent  Positionnement de la pince comme ELPA 8  Grande pr\u00e9cision de marche  Entr\u00e9e de d\u00e9clenchement d'impulsion avec protection \u00e9lectronique contre les surcharges  Reconnaissance automatique \u00e0 3 ou 4 fils (4 fils avec connexion pour les projecteurs, 3 fils n'est plus autoris\u00e9 pour les nouvelles installations) Informations techniques Elpa 6 plus","og_url":"https:\/\/mijntheben.snelprint.be\/fr\/product\/elpa-6-plus-horloge-de-lescalier\/","og_site_name":"MijnTheben","article_modified_time":"2025-10-06T19:54:55+00:00","og_image":[{"width":1000,"height":1000,"url":"https:\/\/mijntheben.snelprint.be\/wp-content\/uploads\/2025\/01\/Elpa6plus_Theben.jpg","type":"image\/jpeg"}],"twitter_card":"summary_large_image","schema":{"@context":"https:\/\/schema.org","@graph":[{"@type":"WebPage","@id":"https:\/\/mijntheben.snelprint.be\/fr\/product\/elpa-6-plus-horloge-de-lescalier\/","url":"https:\/\/mijntheben.snelprint.be\/fr\/product\/elpa-6-plus-horloge-de-lescalier\/","name":"Elpa 6 plus - Horloge de l'escalier - MijnTheben","isPartOf":{"@id":"https:\/\/mijntheben.snelprint.be\/#website"},"primaryImageOfPage":{"@id":"https:\/\/mijntheben.snelprint.be\/fr\/product\/elpa-6-plus-horloge-de-lescalier\/#primaryimage"},"image":{"@id":"https:\/\/mijntheben.snelprint.be\/fr\/product\/elpa-6-plus-horloge-de-lescalier\/#primaryimage"},"thumbnailUrl":"https:\/\/mijntheben.snelprint.be\/wp-content\/uploads\/2025\/01\/Elpa6plus_Theben.jpg","datePublished":"2024-11-22T21:29:11+00:00","dateModified":"2025-10-06T19:54:55+00:00","breadcrumb":{"@id":"https:\/\/mijntheben.snelprint.be\/fr\/product\/elpa-6-plus-horloge-de-lescalier\/#breadcrumb"},"inLanguage":"fr-FR","potentialAction":[{"@type":"ReadAction","target":["https:\/\/mijntheben.snelprint.be\/fr\/product\/elpa-6-plus-horloge-de-lescalier\/"]}]},{"@type":"ImageObject","inLanguage":"fr-FR","@id":"https:\/\/mijntheben.snelprint.be\/fr\/product\/elpa-6-plus-horloge-de-lescalier\/#primaryimage","url":"https:\/\/mijntheben.snelprint.be\/wp-content\/uploads\/2025\/01\/Elpa6plus_Theben.jpg","contentUrl":"https:\/\/mijntheben.snelprint.be\/wp-content\/uploads\/2025\/01\/Elpa6plus_Theben.jpg","width":1000,"height":1000},{"@type":"BreadcrumbList","@id":"https:\/\/mijntheben.snelprint.be\/fr\/product\/elpa-6-plus-horloge-de-lescalier\/#breadcrumb","itemListElement":[{"@type":"ListItem","position":1,"name":"Home","item":"https:\/\/mijntheben.snelprint.be\/fr\/"},{"@type":"ListItem","position":2,"name":"Shop","item":"https:\/\/mijntheben.snelprint.be\/fr\/boutique\/"},{"@type":"ListItem","position":3,"name":"Elpa 6 plus &#8211; Horloge de l&rsquo;escalier"}]},{"@type":"WebSite","@id":"https:\/\/mijntheben.snelprint.be\/#website","url":"https:\/\/mijntheben.snelprint.be\/","name":"MijnTheben","description":"Onafhankelijke Theben webshop","publisher":{"@id":"https:\/\/mijntheben.snelprint.be\/#organization"},"potentialAction":[{"@type":"SearchAction","target":{"@type":"EntryPoint","urlTemplate":"https:\/\/mijntheben.snelprint.be\/?s={search_term_string}"},"query-input":{"@type":"PropertyValueSpecification","valueRequired":true,"valueName":"search_term_string"}}],"inLanguage":"fr-FR"},{"@type":"Organization","@id":"https:\/\/mijntheben.snelprint.be\/#organization","name":"MijnTheben | Theben producten online kopen","url":"https:\/\/mijntheben.snelprint.be\/","logo":{"@type":"ImageObject","inLanguage":"fr-FR","@id":"https:\/\/mijntheben.snelprint.be\/#\/schema\/logo\/image\/","url":"https:\/\/mijntheben.snelprint.be\/wp-content\/uploads\/2025\/01\/logo-1.png","contentUrl":"https:\/\/mijntheben.snelprint.be\/wp-content\/uploads\/2025\/01\/logo-1.png","width":405,"height":87,"caption":"MijnTheben | Theben producten online kopen"},"image":{"@id":"https:\/\/mijntheben.snelprint.be\/#\/schema\/logo\/image\/"}}]}},"_links":{"self":[{"href":"https:\/\/mijntheben.snelprint.be\/fr\/wp-json\/wp\/v2\/product\/3010835","targetHints":{"allow":["GET"]}}],"collection":[{"href":"https:\/\/mijntheben.snelprint.be\/fr\/wp-json\/wp\/v2\/product"}],"about":[{"href":"https:\/\/mijntheben.snelprint.be\/fr\/wp-json\/wp\/v2\/types\/product"}],"wp:featuredmedia":[{"embeddable":true,"href":"https:\/\/mijntheben.snelprint.be\/fr\/wp-json\/wp\/v2\/media\/3010354"}],"wp:attachment":[{"href":"https:\/\/mijntheben.snelprint.be\/fr\/wp-json\/wp\/v2\/media?parent=3010835"}],"wp:term":[{"taxonomy":"product_brand","embeddable":true,"href":"https:\/\/mijntheben.snelprint.be\/fr\/wp-json\/wp\/v2\/product_brand?post=3010835"},{"taxonomy":"product_cat","embeddable":true,"href":"https:\/\/mijntheben.snelprint.be\/fr\/wp-json\/wp\/v2\/product_cat?post=3010835"},{"taxonomy":"product_tag","embeddable":true,"href":"https:\/\/mijntheben.snelprint.be\/fr\/wp-json\/wp\/v2\/product_tag?post=3010835"}],"curies":[{"name":"wp","href":"https:\/\/api.w.org\/{rel}","templated":true}]}}